{"id":60309,"date":"2026-04-03T01:10:41","date_gmt":"2026-04-02T22:10:41","guid":{"rendered":"http:\/\/new.ceasuri.md\/shop\/uncategorized\/seiko-5-sports-srpl57k1\/"},"modified":"2026-04-20T01:53:13","modified_gmt":"2026-04-19T22:53:13","slug":"seiko-5-sports-srpl57k1","status":"publish","type":"product","link":"https:\/\/ceasuri.md\/ru\/shop\/branduri\/seiko\/seiko-5-sports-srpl57k1\/","title":{"rendered":"Ceas SEIKO 5 SPORTS SRPL57K1"},"content":{"rendered":"<p>Acest model din gama actualizat\u0103 Seiko 5 Sports combin\u0103 perfect stilul vintage \u0219i tehnologia modern\u0103. Carcasa din o\u021bel inoxidabil cu contururi fluide \u0219i br\u0103\u021bara \u00een stil clasic creeaz\u0103 un look potrivit at\u00e2t pentru via\u021ba de zi cu zi, c\u00e2t \u0219i pentru mediul de afaceri.<\/p>\n<p>Cadranul verde \u00eenchis cu indicatoare \u0219i indexuri aurii subliniaz\u0103 elegan\u021ba modelului. Acoperirea luminescent\u0103 asigur\u0103 lizibilitatea orei chiar \u0219i \u00een \u00eentuneric. Fereastra pentru dat\u0103 \u0219i ziua s\u0103pt\u0103m\u00e2nii este situat\u0103 la ora 3 \u0219i este u\u0219or de citit. Cadranul este protejat de sticl\u0103 Hardlex.<\/p>\n<p>Ceasul este echipat cu un mecanism automat fiabil 4R36 cu func\u021bie de \u00eenf\u0103\u0219urare manual\u0103 \u0219i stop-secund\u0103. Este un calibru testat \u00een timp, cunoscut pentru durabilitatea \u0219i precizia sa.<\/p>\n<p>Rezisten\u021b\u0103 la ap\u0103 100 m.<\/p>","protected":false},"excerpt":{"rendered":"<p>Acest model din gama actualizat\u0103 Seiko 5 Sports combin\u0103 perfect stilul vintage \u0219i tehnologia modern\u0103. Carcasa din o\u021bel inoxidabil cu contururi fluide \u0219i br\u0103\u021bara \u00een stil clasic creeaz\u0103 un look potrivit at\u00e2t pentru via\u021ba de zi cu zi, c\u00e2t \u0219i pentru mediul de afaceri. Cadranul verde \u00eenchis cu indicatoare \u0219i indexuri aurii subliniaz\u0103 elegan\u021ba modelului. [&hellip;]<\/p>\n","protected":false},"featured_media":60310,"comment_status":"closed","ping_status":"open","template":"","meta":{"_acf_changed":false},"product_brand":[],"product_cat":[20,588],"product_tag":[],"class_list":{"0":"post-60309","1":"product","2":"type-product","3":"status-publish","4":"has-post-thumbnail","6":"product_cat-ceasuri-barbati","7":"product_cat-seiko","8":"pa_brand-seiko","9":"pa_braslet-otel-inoxidabil","10":"pa_corpus-37-mm","11":"pa_forma-rotund","12":"pa_funcii-data","13":"pa_funcii-ziua-saptamanii","14":"pa_garatia-24-luni","15":"pa_korpus-argintiu","16":"pa_material-otel-inoxidabil","17":"pa_mehanizm-mecanic","18":"pa_mehanizm-mecanism-automatic","19":"pa_remeshok-argintiu","20":"pa_steklo-hardlex-crystal","21":"pa_strana-japonia","22":"pa_voda-10-atm","24":"first","25":"instock","26":"purchasable","27":"product-type-simple"},"acf":[],"_links":{"self":[{"href":"https:\/\/ceasuri.md\/ru\/wp-json\/wp\/v2\/product\/60309","targetHints":{"allow":["GET"]}}],"collection":[{"href":"https:\/\/ceasuri.md\/ru\/wp-json\/wp\/v2\/product"}],"about":[{"href":"https:\/\/ceasuri.md\/ru\/wp-json\/wp\/v2\/types\/product"}],"replies":[{"embeddable":true,"href":"https:\/\/ceasuri.md\/ru\/wp-json\/wp\/v2\/comments?post=60309"}],"wp:featuredmedia":[{"embeddable":true,"href":"https:\/\/ceasuri.md\/ru\/wp-json\/wp\/v2\/media\/60310"}],"wp:attachment":[{"href":"https:\/\/ceasuri.md\/ru\/wp-json\/wp\/v2\/media?parent=60309"}],"wp:term":[{"taxonomy":"product_brand","embeddable":true,"href":"https:\/\/ceasuri.md\/ru\/wp-json\/wp\/v2\/product_brand?post=60309"},{"taxonomy":"product_cat","embeddable":true,"href":"https:\/\/ceasuri.md\/ru\/wp-json\/wp\/v2\/product_cat?post=60309"},{"taxonomy":"product_tag","embeddable":true,"href":"https:\/\/ceasuri.md\/ru\/wp-json\/wp\/v2\/product_tag?post=60309"}],"curies":[{"name":"wp","href":"https:\/\/api.w.org\/{rel}","templated":true}]}}