{"id":60298,"date":"2025-10-06T14:09:30","date_gmt":"2025-10-06T11:09:30","guid":{"rendered":"http:\/\/new.ceasuri.md\/shop\/uncategorized\/seiko-presage-cocktail-time-srpl61j1\/"},"modified":"2026-05-01T19:38:39","modified_gmt":"2026-05-01T16:38:39","slug":"seiko-presage-cocktail-time-srpl61j1","status":"publish","type":"product","link":"https:\/\/ceasuri.md\/ru\/shop\/branduri\/seiko\/seiko-presage-cocktail-time-srpl61j1\/","title":{"rendered":"\u0427\u0430\u0441\u044b SEIKO PRESAGE Cocktail Time SRPL61J1"},"content":{"rendered":"<p>Inspirat de cocktailul \u201eFrozen Skydiving\u201d, acest model \u00eembin\u0103 armonios designul \u0219i precizia tehnic\u0103. Cadranul albastru cristaline aminte\u0219te de ghea\u021ba spart\u0103.<\/p>\n<p>Modelul are carcas\u0103 din o\u021bel inoxidabil. Capacul plat \u0219i br\u0103\u021bara conic\u0103 din o\u021bel inoxidabil asigur\u0103 un confort excep\u021bional \u0219i o siluet\u0103 elegant\u0103.<\/p>\n<p>Cele patru diamante str\u0103lucitoare de pe cadran adaug\u0103 accente rafinate, complet\u00e2nd cu stil aspectul general.<\/p>\n<p>Ceasul este echipat cu un mecanism automat calibru 4R35, are o rezerv\u0103 de mar\u0219\u0103 de p\u00e2n\u0103 la 41 de ore \u0219i poate fi pornit manual.<\/p>\n<p>Rezisten\u021ba la ap\u0103 p\u00e2n\u0103 la 5 bari \u0219i sticla Hardlex rezistent\u0103 la zg\u00e2rieturi \u00eel fac potrivit pentru purtarea zilnic\u0103.<\/p>\n<p>Modelul impresioneaz\u0103 prin combina\u021bia reu\u0219it\u0103 de u\u0219urin\u021b\u0103 \u0219i tehnologii fiabile.<\/p>","protected":false},"excerpt":{"rendered":"<p>Inspirat de cocktailul \u201eFrozen Skydiving\u201d, acest model \u00eembin\u0103 armonios designul \u0219i precizia tehnic\u0103. Cadranul albastru cristaline aminte\u0219te de ghea\u021ba spart\u0103. Modelul are carcas\u0103 din o\u021bel inoxidabil. Capacul plat \u0219i br\u0103\u021bara conic\u0103 din o\u021bel inoxidabil asigur\u0103 un confort excep\u021bional \u0219i o siluet\u0103 elegant\u0103. Cele patru diamante str\u0103lucitoare de pe cadran adaug\u0103 accente rafinate, complet\u00e2nd cu stil [&hellip;]<\/p>\n","protected":false},"featured_media":60299,"comment_status":"closed","ping_status":"open","template":"","meta":{"_acf_changed":false},"product_brand":[],"product_cat":[25,588],"product_tag":[],"class_list":{"0":"post-60298","1":"product","2":"type-product","3":"status-publish","4":"has-post-thumbnail","6":"product_cat-ceasuri-dama","7":"product_cat-seiko","8":"pa_brand-seiko","9":"pa_braslet-otel-inoxidabil","10":"pa_corpus-34-mm","11":"pa_decor-diamante","12":"pa_forma-rotund","13":"pa_funcii-data","14":"pa_garatia-24-luni","15":"pa_korpus-argintiu","16":"pa_material-otel-inoxidabil","17":"pa_mehanizm-mecanic","18":"pa_mehanizm-mecanism-automatic","19":"pa_remeshok-argintiu","20":"pa_steklo-hardlex-crystal","21":"pa_strana-japonia","22":"pa_voda-5-atm","24":"first","25":"instock","26":"purchasable","27":"product-type-simple"},"acf":[],"_links":{"self":[{"href":"https:\/\/ceasuri.md\/ru\/wp-json\/wp\/v2\/product\/60298","targetHints":{"allow":["GET"]}}],"collection":[{"href":"https:\/\/ceasuri.md\/ru\/wp-json\/wp\/v2\/product"}],"about":[{"href":"https:\/\/ceasuri.md\/ru\/wp-json\/wp\/v2\/types\/product"}],"replies":[{"embeddable":true,"href":"https:\/\/ceasuri.md\/ru\/wp-json\/wp\/v2\/comments?post=60298"}],"wp:featuredmedia":[{"embeddable":true,"href":"https:\/\/ceasuri.md\/ru\/wp-json\/wp\/v2\/media\/60299"}],"wp:attachment":[{"href":"https:\/\/ceasuri.md\/ru\/wp-json\/wp\/v2\/media?parent=60298"}],"wp:term":[{"taxonomy":"product_brand","embeddable":true,"href":"https:\/\/ceasuri.md\/ru\/wp-json\/wp\/v2\/product_brand?post=60298"},{"taxonomy":"product_cat","embeddable":true,"href":"https:\/\/ceasuri.md\/ru\/wp-json\/wp\/v2\/product_cat?post=60298"},{"taxonomy":"product_tag","embeddable":true,"href":"https:\/\/ceasuri.md\/ru\/wp-json\/wp\/v2\/product_tag?post=60298"}],"curies":[{"name":"wp","href":"https:\/\/api.w.org\/{rel}","templated":true}]}}