{"id":60293,"date":"2026-04-03T01:10:41","date_gmt":"2026-04-02T22:10:41","guid":{"rendered":"http:\/\/new.ceasuri.md\/shop\/uncategorized\/seiko-presage-cocktail-time-srpl63j1\/"},"modified":"2026-04-20T01:53:15","modified_gmt":"2026-04-19T22:53:15","slug":"seiko-presage-cocktail-time-srpl63j1","status":"publish","type":"product","link":"https:\/\/ceasuri.md\/ru\/shop\/branduri\/seiko\/seiko-presage-cocktail-time-srpl63j1\/","title":{"rendered":"\u0427\u0430\u0441\u044b SEIKO PRESAGE Cocktail Time SRPL63J1"},"content":{"rendered":"<p>Inspirat de mojito-ul rece, acest model se remarc\u0103 prin culoarea verde ment\u0103, care aminte\u0219te de b\u0103uturile r\u0103coritoare \u0219i de l\u0103m\u00e2ia proasp\u0103t\u0103. Cadranul cu textur\u0103 fin\u0103 atrage privirea \u0219i confer\u0103 ceasului o profunzime extraordinar\u0103. Cele patru diamante integrate \u00een indici creeaz\u0103 accente rafinate \u0219i subliniaz\u0103 caracterul elegant al ceasului.<\/p>\n<p>Modelul este destinat celor care prefer\u0103 un design stilat, dar \u00een acela\u0219i timp discret. Carcasa din o\u021bel inoxidabil de culoare argintiu-gri are un design modern, iar br\u0103\u021bara conic\u0103 creeaz\u0103 linii armonioase \u0219i spore\u0219te confortul la purtare. Capacul plat din spate asigur\u0103 o potrivire confortabil\u0103 chiar \u0219i la purtarea \u00eendelungat\u0103.<\/p>\n<p>Ceasul impresioneaz\u0103 prin mecanismul s\u0103u automat fiabil, rezisten\u021ba la ap\u0103 p\u00e2n\u0103 la 5 bari \u0219i sticla Hardlex rezistent\u0103.<\/p>\n<p>Combina\u021bia dintre designul estival, materialele de \u00eenalt\u0103 calitate \u0219i func\u021bionalitatea bine g\u00e2ndit\u0103 \u00eel face alegerea ideal\u0103 at\u00e2t pentru purtarea zilnic\u0103, c\u00e2t \u0219i pentru ocazii speciale.<\/p>","protected":false},"excerpt":{"rendered":"<p>Inspirat de mojito-ul rece, acest model se remarc\u0103 prin culoarea verde ment\u0103, care aminte\u0219te de b\u0103uturile r\u0103coritoare \u0219i de l\u0103m\u00e2ia proasp\u0103t\u0103. Cadranul cu textur\u0103 fin\u0103 atrage privirea \u0219i confer\u0103 ceasului o profunzime extraordinar\u0103. Cele patru diamante integrate \u00een indici creeaz\u0103 accente rafinate \u0219i subliniaz\u0103 caracterul elegant al ceasului. Modelul este destinat celor care prefer\u0103 un [&hellip;]<\/p>\n","protected":false},"featured_media":60294,"comment_status":"closed","ping_status":"open","template":"","meta":{"_acf_changed":false},"product_brand":[],"product_cat":[25,588],"product_tag":[],"class_list":{"0":"post-60293","1":"product","2":"type-product","3":"status-publish","4":"has-post-thumbnail","6":"product_cat-ceasuri-dama","7":"product_cat-seiko","8":"pa_brand-seiko","9":"pa_braslet-otel-inoxidabil","10":"pa_corpus-34-mm","11":"pa_decor-diamante","12":"pa_forma-rotund","13":"pa_funcii-data","14":"pa_garatia-24-luni","15":"pa_korpus-argintiu","16":"pa_material-otel-inoxidabil","17":"pa_mehanizm-mecanic","18":"pa_mehanizm-mecanism-automatic","19":"pa_remeshok-argintiu","20":"pa_steklo-hardlex-crystal","21":"pa_strana-japonia","22":"pa_voda-5-atm","24":"first","25":"instock","26":"purchasable","27":"product-type-simple"},"acf":[],"_links":{"self":[{"href":"https:\/\/ceasuri.md\/ru\/wp-json\/wp\/v2\/product\/60293","targetHints":{"allow":["GET"]}}],"collection":[{"href":"https:\/\/ceasuri.md\/ru\/wp-json\/wp\/v2\/product"}],"about":[{"href":"https:\/\/ceasuri.md\/ru\/wp-json\/wp\/v2\/types\/product"}],"replies":[{"embeddable":true,"href":"https:\/\/ceasuri.md\/ru\/wp-json\/wp\/v2\/comments?post=60293"}],"wp:featuredmedia":[{"embeddable":true,"href":"https:\/\/ceasuri.md\/ru\/wp-json\/wp\/v2\/media\/60294"}],"wp:attachment":[{"href":"https:\/\/ceasuri.md\/ru\/wp-json\/wp\/v2\/media?parent=60293"}],"wp:term":[{"taxonomy":"product_brand","embeddable":true,"href":"https:\/\/ceasuri.md\/ru\/wp-json\/wp\/v2\/product_brand?post=60293"},{"taxonomy":"product_cat","embeddable":true,"href":"https:\/\/ceasuri.md\/ru\/wp-json\/wp\/v2\/product_cat?post=60293"},{"taxonomy":"product_tag","embeddable":true,"href":"https:\/\/ceasuri.md\/ru\/wp-json\/wp\/v2\/product_tag?post=60293"}],"curies":[{"name":"wp","href":"https:\/\/api.w.org\/{rel}","templated":true}]}}