{"id":60275,"date":"2026-04-03T01:10:41","date_gmt":"2026-04-02T22:10:41","guid":{"rendered":"http:\/\/new.ceasuri.md\/shop\/uncategorized\/seiko-presage-style60s-srpl73j1\/"},"modified":"2026-04-20T01:53:17","modified_gmt":"2026-04-19T22:53:17","slug":"seiko-presage-style60s-srpl73j1","status":"publish","type":"product","link":"https:\/\/ceasuri.md\/ru\/shop\/branduri\/seiko\/seiko-presage-style60s-srpl73j1\/","title":{"rendered":"Ceas SEIKO PRESAGE Style60&#8217;s SRPL73J1"},"content":{"rendered":"<p>Inspirate de cronograful Crown din 1964, ceasurile din colec\u021bia Presage Style din anii &#8217;60 reprezint\u0103 echilibrul perfect \u00eentre rafinament \u0219i spirit sportiv.<\/p>\n<p>Cadranul albastru deschis \u0219i acul \u00een form\u0103 de sabie creeaz\u0103 o estetic\u0103 care este \u00een acela\u0219i timp sobr\u0103 \u0219i expresiv\u0103. Aceste ceasuri combin\u0103 minimalismul japonez \u0219i u\u0219urin\u021ba modern\u0103, fiind ideale pentru cei care apreciaz\u0103 elegan\u021ba discret\u0103 \u0219i detaliile care le fac speciale. La fel ca toate modelele din colec\u021bie, ele spun povestea preciziei mecanice, a designului armonios \u0219i a respectului pentru tradi\u021biile Seiko.<\/p>\n<p>Carcasa \u0219i br\u0103\u021bara sunt realizate din o\u021bel inoxidabil, care asigur\u0103 rezisten\u021b\u0103 \u0219i rezisten\u021b\u0103 la uzur\u0103. Cadranul elegant, cu marcaje \u0219i indicatoare precise, subliniaz\u0103 stilul rafinat al modelului, iar luneta contrastant\u0103 cu scala minutelor adaug\u0103 un accent sportiv modern.<\/p>\n<p>Ceasul este echipat cu mecanismul automat Seiko 4R35, cunoscut pentru precizia \u0219i durabilitatea sa. Mecanismul suport\u0103 \u00eenf\u0103\u0219urarea manual\u0103 \u0219i func\u021bia de oprire a acului secundar, ceea ce permite reglarea precis\u0103 a orei. \u00cen pozi\u021bia \u201e6 ore\u201d se afl\u0103 fereastra de dat\u0103, care se integreaz\u0103 armonios \u00een designul cadranului.<\/p>\n<p>Sticla Hardlex protejeaz\u0103 ceasul de zg\u00e2rieturi, iar rezisten\u021ba la ap\u0103 este de 50 de metri.<\/p>\n<p>Seiko Presage este alegerea cunosc\u0103torilor de rafinament \u0219i func\u021bionalitate. Acest ceas va deveni un companion de \u00eencredere pentru fiecare zi, p\u0103str\u00e2nd echilibrul \u00eentre clasic \u0219i modern.<\/p>","protected":false},"excerpt":{"rendered":"<p>Inspirate de cronograful Crown din 1964, ceasurile din colec\u021bia Presage Style din anii &#8217;60 reprezint\u0103 echilibrul perfect \u00eentre rafinament \u0219i spirit sportiv. Cadranul albastru deschis \u0219i acul \u00een form\u0103 de sabie creeaz\u0103 o estetic\u0103 care este \u00een acela\u0219i timp sobr\u0103 \u0219i expresiv\u0103. Aceste ceasuri combin\u0103 minimalismul japonez \u0219i u\u0219urin\u021ba modern\u0103, fiind ideale pentru cei care [&hellip;]<\/p>\n","protected":false},"featured_media":60276,"comment_status":"closed","ping_status":"open","template":"","meta":{"_acf_changed":false},"product_brand":[],"product_cat":[20,588],"product_tag":[],"class_list":{"0":"post-60275","1":"product","2":"type-product","3":"status-publish","4":"has-post-thumbnail","6":"product_cat-ceasuri-barbati","7":"product_cat-seiko","8":"pa_brand-seiko","9":"pa_braslet-otel-inoxidabil","10":"pa_corpus-40-mm","11":"pa_forma-rotund","12":"pa_funcii-data","13":"pa_garatia-24-luni","14":"pa_korpus-argintiu","15":"pa_material-otel-inoxidabil","16":"pa_mehanizm-mecanic","17":"pa_mehanizm-mecanism-automatic","18":"pa_remeshok-argintiu","19":"pa_steklo-hardlex-crystal","20":"pa_strana-japonia","21":"pa_voda-5-atm","23":"first","24":"instock","25":"purchasable","26":"product-type-simple"},"acf":[],"_links":{"self":[{"href":"https:\/\/ceasuri.md\/ru\/wp-json\/wp\/v2\/product\/60275","targetHints":{"allow":["GET"]}}],"collection":[{"href":"https:\/\/ceasuri.md\/ru\/wp-json\/wp\/v2\/product"}],"about":[{"href":"https:\/\/ceasuri.md\/ru\/wp-json\/wp\/v2\/types\/product"}],"replies":[{"embeddable":true,"href":"https:\/\/ceasuri.md\/ru\/wp-json\/wp\/v2\/comments?post=60275"}],"wp:featuredmedia":[{"embeddable":true,"href":"https:\/\/ceasuri.md\/ru\/wp-json\/wp\/v2\/media\/60276"}],"wp:attachment":[{"href":"https:\/\/ceasuri.md\/ru\/wp-json\/wp\/v2\/media?parent=60275"}],"wp:term":[{"taxonomy":"product_brand","embeddable":true,"href":"https:\/\/ceasuri.md\/ru\/wp-json\/wp\/v2\/product_brand?post=60275"},{"taxonomy":"product_cat","embeddable":true,"href":"https:\/\/ceasuri.md\/ru\/wp-json\/wp\/v2\/product_cat?post=60275"},{"taxonomy":"product_tag","embeddable":true,"href":"https:\/\/ceasuri.md\/ru\/wp-json\/wp\/v2\/product_tag?post=60275"}],"curies":[{"name":"wp","href":"https:\/\/api.w.org\/{rel}","templated":true}]}}