{"id":60270,"date":"2025-10-06T14:09:29","date_gmt":"2025-10-06T11:09:29","guid":{"rendered":"http:\/\/new.ceasuri.md\/shop\/uncategorized\/seiko-5-sports-srpl77k1\/"},"modified":"2026-05-01T19:38:30","modified_gmt":"2026-05-01T16:38:30","slug":"seiko-5-sports-srpl77k1","status":"publish","type":"product","link":"https:\/\/ceasuri.md\/ru\/shop\/branduri\/seiko\/seiko-5-sports-srpl77k1\/","title":{"rendered":"\u0427\u0430\u0441\u044b SEIKO 5 SPORTS SRPL77K1"},"content":{"rendered":"<p>Combina\u021bia perfect\u0103 \u00eentre precizia japonez\u0103, designul \u0219i caracterul sportiv.<\/p>\n<p>Carcasa \u0219i br\u0103\u021bara din o\u021bel inoxidabil confer\u0103 ceasului un aspect solid \u0219i durabilitate, iar cadranul albastru intens cu marcaje luminescente mari asigur\u0103 o lizibilitate excelent\u0103 \u00een orice condi\u021bii.<\/p>\n<p>Ceasul este echipat cu calibru automat Seiko 4R36 cu posibilitatea de \u00eenf\u0103\u0219urare manual\u0103 \u0219i func\u021bia de oprire a secundarului pentru reglarea precis\u0103 a orei.<\/p>\n<p>Pe cadran se afl\u0103 o fereastr\u0103 pentru ziua s\u0103pt\u0103m\u00e2nii \u0219i data \u00een pozi\u021bia \u201e3 ore\u201d, ceea ce face modelul convenabil pentru utilizarea zilnic\u0103.<\/p>\n<p>Bezelul rotativ unidirec\u021bional cu marcaje minutate subliniaz\u0103 stilul de scafandru, iar rezisten\u021ba la ap\u0103 de 100 m v\u0103 permite s\u0103 nu v\u0103 face\u021bi griji cu privire la contactul cu apa \u00een timpul \u00eenotului sau al activit\u0103\u021bilor recreative.<\/p>\n<p>Alegerea celor care apreciaz\u0103 fiabilitatea, func\u021bionalitatea \u0219i designul recognoscibil al legendarei linii Seiko 5 Sports. Acest ceas se potrive\u0219te armonios at\u00e2t cu un costum de afaceri, c\u00e2t \u0219i cu un look sportiv.<\/p>","protected":false},"excerpt":{"rendered":"<p>Combina\u021bia perfect\u0103 \u00eentre precizia japonez\u0103, designul \u0219i caracterul sportiv. Carcasa \u0219i br\u0103\u021bara din o\u021bel inoxidabil confer\u0103 ceasului un aspect solid \u0219i durabilitate, iar cadranul albastru intens cu marcaje luminescente mari asigur\u0103 o lizibilitate excelent\u0103 \u00een orice condi\u021bii. Ceasul este echipat cu calibru automat Seiko 4R36 cu posibilitatea de \u00eenf\u0103\u0219urare manual\u0103 \u0219i func\u021bia de oprire a [&hellip;]<\/p>\n","protected":false},"featured_media":60271,"comment_status":"closed","ping_status":"open","template":"","meta":{"_acf_changed":false},"product_brand":[],"product_cat":[20,588],"product_tag":[],"class_list":{"0":"post-60270","1":"product","2":"type-product","3":"status-publish","4":"has-post-thumbnail","6":"product_cat-ceasuri-barbati","7":"product_cat-seiko","8":"pa_brand-seiko","9":"pa_braslet-otel-inoxidabil","10":"pa_corpus-38-mm","11":"pa_forma-rotund","12":"pa_funcii-data","13":"pa_funcii-ziua-saptamanii","14":"pa_garatia-24-luni","15":"pa_korpus-argintiu","16":"pa_material-otel-inoxidabil","17":"pa_mehanizm-mecanic","18":"pa_mehanizm-mecanism-automatic","19":"pa_remeshok-argintiu","20":"pa_steklo-hardlex-crystal","21":"pa_strana-japonia","22":"pa_voda-10-atm","24":"first","25":"instock","26":"purchasable","27":"product-type-simple"},"acf":[],"_links":{"self":[{"href":"https:\/\/ceasuri.md\/ru\/wp-json\/wp\/v2\/product\/60270","targetHints":{"allow":["GET"]}}],"collection":[{"href":"https:\/\/ceasuri.md\/ru\/wp-json\/wp\/v2\/product"}],"about":[{"href":"https:\/\/ceasuri.md\/ru\/wp-json\/wp\/v2\/types\/product"}],"replies":[{"embeddable":true,"href":"https:\/\/ceasuri.md\/ru\/wp-json\/wp\/v2\/comments?post=60270"}],"wp:featuredmedia":[{"embeddable":true,"href":"https:\/\/ceasuri.md\/ru\/wp-json\/wp\/v2\/media\/60271"}],"wp:attachment":[{"href":"https:\/\/ceasuri.md\/ru\/wp-json\/wp\/v2\/media?parent=60270"}],"wp:term":[{"taxonomy":"product_brand","embeddable":true,"href":"https:\/\/ceasuri.md\/ru\/wp-json\/wp\/v2\/product_brand?post=60270"},{"taxonomy":"product_cat","embeddable":true,"href":"https:\/\/ceasuri.md\/ru\/wp-json\/wp\/v2\/product_cat?post=60270"},{"taxonomy":"product_tag","embeddable":true,"href":"https:\/\/ceasuri.md\/ru\/wp-json\/wp\/v2\/product_tag?post=60270"}],"curies":[{"name":"wp","href":"https:\/\/api.w.org\/{rel}","templated":true}]}}