{"id":60259,"date":"2026-04-03T01:10:41","date_gmt":"2026-04-02T22:10:41","guid":{"rendered":"http:\/\/new.ceasuri.md\/shop\/uncategorized\/seiko-5-sports-srpl83k1\/"},"modified":"2026-04-20T01:53:18","modified_gmt":"2026-04-19T22:53:18","slug":"seiko-5-sports-srpl83k1","status":"publish","type":"product","link":"https:\/\/ceasuri.md\/ru\/shop\/branduri\/seiko\/seiko-5-sports-srpl83k1\/","title":{"rendered":"\u0427\u0430\u0441\u044b SEIKO 5 SPORTS SRPL83K1"},"content":{"rendered":"<p>Modelul din legendara gam\u0103 Seiko 5 Sports combin\u0103 designul \u0219i func\u021bionalitatea, demne de adev\u0103ra\u021bii cunosc\u0103tori ai mecanicii.<\/p>\n<p>Carcasa \u0219i br\u0103\u021bara sunt realizate din o\u021bel inoxidabil, ceea ce asigur\u0103 rezisten\u021b\u0103 \u0219i rezisten\u021b\u0103 la uzur\u0103.<\/p>\n<p>Cadranul albastru cu marcaje \u0219i indicatoare luminescente mari garanteaz\u0103 o lizibilitate excelent\u0103 chiar \u0219i \u00een \u00eentuneric. Fereastra pentru ziua s\u0103pt\u0103m\u00e2nii \u0219i data este situat\u0103 la ora \u201e3\u201d, ad\u0103ug\u00e2nd confort \u00een utilizarea de zi cu zi.<\/p>\n<p>Mecanismul automat Seiko 4R36 cu posibilitatea de \u00eenf\u0103\u0219urare manual\u0103 \u0219i func\u021bia de oprire a acului secundar asigur\u0103 o func\u021bionare precis\u0103 \u0219i autonomie. Capacul transparent din spate permite observarea func\u021bion\u0103rii mecanismului &#8211; un detaliu care va \u00eenc\u00e2nta orice iubitor al artei ceasorniciei.<\/p>\n<p>Bezelul rotativ unidirec\u021bional, coroana protejat\u0103 \u0219i rezisten\u021ba la ap\u0103 p\u00e2n\u0103 la 100 de metri fac din acest ceas o alegere excelent\u0103 at\u00e2t pentru uzul zilnic, c\u00e2t \u0219i pentru activit\u0103\u021bi \u00een aer liber.<\/p>\n<p>Combina\u021bia dintre fiabilitate, caracter sportiv \u0219i designul clasic japonez va sublinia \u00eencrederea \u0219i stilul proprietarului s\u0103u.<\/p>","protected":false},"excerpt":{"rendered":"<p>Modelul din legendara gam\u0103 Seiko 5 Sports combin\u0103 designul \u0219i func\u021bionalitatea, demne de adev\u0103ra\u021bii cunosc\u0103tori ai mecanicii. Carcasa \u0219i br\u0103\u021bara sunt realizate din o\u021bel inoxidabil, ceea ce asigur\u0103 rezisten\u021b\u0103 \u0219i rezisten\u021b\u0103 la uzur\u0103. Cadranul albastru cu marcaje \u0219i indicatoare luminescente mari garanteaz\u0103 o lizibilitate excelent\u0103 chiar \u0219i \u00een \u00eentuneric. Fereastra pentru ziua s\u0103pt\u0103m\u00e2nii \u0219i data [&hellip;]<\/p>\n","protected":false},"featured_media":60260,"comment_status":"closed","ping_status":"open","template":"","meta":{"_acf_changed":false},"product_brand":[],"product_cat":[20,588],"product_tag":[],"class_list":{"0":"post-60259","1":"product","2":"type-product","3":"status-publish","4":"has-post-thumbnail","6":"product_cat-ceasuri-barbati","7":"product_cat-seiko","8":"pa_brand-seiko","9":"pa_braslet-otel-inoxidabil","10":"pa_corpus-43-mm","11":"pa_forma-rotund","12":"pa_funcii-data","13":"pa_funcii-ziua-saptamanii","14":"pa_garatia-24-luni","15":"pa_korpus-argintiu","16":"pa_material-otel-inoxidabil","17":"pa_mehanizm-mecanic","18":"pa_mehanizm-mecanism-automatic","19":"pa_remeshok-argintiu","20":"pa_steklo-hardlex-crystal","21":"pa_strana-japonia","22":"pa_voda-10-atm","24":"first","25":"instock","26":"purchasable","27":"product-type-simple"},"acf":[],"_links":{"self":[{"href":"https:\/\/ceasuri.md\/ru\/wp-json\/wp\/v2\/product\/60259","targetHints":{"allow":["GET"]}}],"collection":[{"href":"https:\/\/ceasuri.md\/ru\/wp-json\/wp\/v2\/product"}],"about":[{"href":"https:\/\/ceasuri.md\/ru\/wp-json\/wp\/v2\/types\/product"}],"replies":[{"embeddable":true,"href":"https:\/\/ceasuri.md\/ru\/wp-json\/wp\/v2\/comments?post=60259"}],"wp:featuredmedia":[{"embeddable":true,"href":"https:\/\/ceasuri.md\/ru\/wp-json\/wp\/v2\/media\/60260"}],"wp:attachment":[{"href":"https:\/\/ceasuri.md\/ru\/wp-json\/wp\/v2\/media?parent=60259"}],"wp:term":[{"taxonomy":"product_brand","embeddable":true,"href":"https:\/\/ceasuri.md\/ru\/wp-json\/wp\/v2\/product_brand?post=60259"},{"taxonomy":"product_cat","embeddable":true,"href":"https:\/\/ceasuri.md\/ru\/wp-json\/wp\/v2\/product_cat?post=60259"},{"taxonomy":"product_tag","embeddable":true,"href":"https:\/\/ceasuri.md\/ru\/wp-json\/wp\/v2\/product_tag?post=60259"}],"curies":[{"name":"wp","href":"https:\/\/api.w.org\/{rel}","templated":true}]}}