{"id":60246,"date":"2026-04-03T01:09:36","date_gmt":"2026-04-02T22:09:36","guid":{"rendered":"http:\/\/new.ceasuri.md\/shop\/uncategorized\/seiko-5-sports-le-srpl91k1\/"},"modified":"2026-04-20T01:53:19","modified_gmt":"2026-04-19T22:53:19","slug":"seiko-5-sports-le-srpl91k1","status":"publish","type":"product","link":"https:\/\/ceasuri.md\/ru\/shop\/branduri\/seiko\/seiko-5-sports-le-srpl91k1\/","title":{"rendered":"\u0427\u0430\u0441\u044b SEIKO 5 SPORTS LE SRPL91K1"},"content":{"rendered":"<p>Seiko 5 din anii 1960 revine. Carcasa cu accente retro \u0219i cadranul argintiu confer\u0103 ceasului universalitate: acesta se potrive\u0219te la fel de bine at\u00e2t cu un costum de afaceri, c\u00e2t \u0219i cu o \u021binut\u0103 de zi cu zi.<\/p>\n<p>Cadranul reproduce designul originalului, inclusiv vechiul logo \u201e5\u201d \u00een pozi\u021bia \u201e12 ore\u201d. Afi\u0219area datei corespunde, de asemenea, originalului, cu o schem\u0103 de culori inversat\u0103: ziua s\u0103pt\u0103m\u00e2nii este afi\u0219at\u0103 cu alb, iar data cu negru. Cadranul este protejat de sticl\u0103 Hardlex.<\/p>\n<p>Bezelul iconic rotativ \u00een ambele sensuri, o caracteristic\u0103 distinctiv\u0103 a designului original, a fost, de asemenea, reprodus \u00een mod autentic.<\/p>\n<p>Impermeabilitate p\u00e2n\u0103 la 10 bari.<\/p>\n<p>Pe capacul din spate sunt gravate \u201eLIMITED EDITION\u201d \u0219i num\u0103rul de serie individual \u2014 semn al exclusivit\u0103\u021bii acestui model. Ceasul este prezentat \u00eentr-o cutie special conceput\u0103, care reproduce gama de culori a ambalajului original din acea perioad\u0103.<\/p>\n<p>Au fost produse \u00eentr-un tiraj limitat de doar 9999 de exemplare. Sunt disponibile modelele cu numerele N 5084, 6162.<\/p>","protected":false},"excerpt":{"rendered":"<p>Seiko 5 din anii 1960 revine. Carcasa cu accente retro \u0219i cadranul argintiu confer\u0103 ceasului universalitate: acesta se potrive\u0219te la fel de bine at\u00e2t cu un costum de afaceri, c\u00e2t \u0219i cu o \u021binut\u0103 de zi cu zi. Cadranul reproduce designul originalului, inclusiv vechiul logo \u201e5\u201d \u00een pozi\u021bia \u201e12 ore\u201d. Afi\u0219area datei corespunde, de asemenea, [&hellip;]<\/p>\n","protected":false},"featured_media":60247,"comment_status":"closed","ping_status":"open","template":"","meta":{"_acf_changed":false},"product_brand":[],"product_cat":[20,205,588],"product_tag":[],"class_list":{"0":"post-60246","1":"product","2":"type-product","3":"status-publish","4":"has-post-thumbnail","6":"product_cat-ceasuri-barbati","7":"product_cat-limited-edition","8":"product_cat-seiko","9":"pa_brand-seiko","10":"pa_braslet-otel-inoxidabil","11":"pa_corpus-38-mm","12":"pa_forma-butoi","13":"pa_funcii-data","14":"pa_funcii-limited-edition","15":"pa_funcii-ziua-saptamanii","16":"pa_garatia-24-luni","17":"pa_korpus-argintiu","18":"pa_material-otel-inoxidabil","19":"pa_mehanizm-mecanic","20":"pa_mehanizm-mecanism-automatic","21":"pa_remeshok-argintiu","22":"pa_steklo-hardlex-crystal","23":"pa_strana-japonia","24":"pa_voda-10-atm","26":"first","27":"instock","28":"purchasable","29":"product-type-simple"},"acf":[],"_links":{"self":[{"href":"https:\/\/ceasuri.md\/ru\/wp-json\/wp\/v2\/product\/60246","targetHints":{"allow":["GET"]}}],"collection":[{"href":"https:\/\/ceasuri.md\/ru\/wp-json\/wp\/v2\/product"}],"about":[{"href":"https:\/\/ceasuri.md\/ru\/wp-json\/wp\/v2\/types\/product"}],"replies":[{"embeddable":true,"href":"https:\/\/ceasuri.md\/ru\/wp-json\/wp\/v2\/comments?post=60246"}],"wp:featuredmedia":[{"embeddable":true,"href":"https:\/\/ceasuri.md\/ru\/wp-json\/wp\/v2\/media\/60247"}],"wp:attachment":[{"href":"https:\/\/ceasuri.md\/ru\/wp-json\/wp\/v2\/media?parent=60246"}],"wp:term":[{"taxonomy":"product_brand","embeddable":true,"href":"https:\/\/ceasuri.md\/ru\/wp-json\/wp\/v2\/product_brand?post=60246"},{"taxonomy":"product_cat","embeddable":true,"href":"https:\/\/ceasuri.md\/ru\/wp-json\/wp\/v2\/product_cat?post=60246"},{"taxonomy":"product_tag","embeddable":true,"href":"https:\/\/ceasuri.md\/ru\/wp-json\/wp\/v2\/product_tag?post=60246"}],"curies":[{"name":"wp","href":"https:\/\/api.w.org\/{rel}","templated":true}]}}