{"id":60233,"date":"2026-04-03T01:09:36","date_gmt":"2026-04-02T22:09:36","guid":{"rendered":"http:\/\/new.ceasuri.md\/shop\/uncategorized\/seiko-5-sports-pepsi-le-srpl99k1\/"},"modified":"2026-04-20T01:53:19","modified_gmt":"2026-04-19T22:53:19","slug":"seiko-5-sports-pepsi-le-srpl99k1","status":"publish","type":"product","link":"https:\/\/ceasuri.md\/ru\/shop\/branduri\/seiko\/seiko-5-sports-pepsi-le-srpl99k1\/","title":{"rendered":"\u0427\u0430\u0441\u044b SEIKO 5 SPORTS Pepsi LE SRPL99K1"},"content":{"rendered":"<p>Ceasul Seiko Pepsi Limited Edition este chiar acel Pepsi pe care l-a\u021bi a\u0219teptat at\u00e2t de mult. De\u0219i alte ceasuri pot avea anumite porecle, acest Seiko este o adev\u0103rat\u0103 descoperire, creat \u00een colaborare exclusiv\u0103 cu marca cult Pepsi. Au dus ceasul la un nou nivel datorit\u0103 multor elemente cheie de design \u0219i ambalajului incredibil.<\/p>\n<p>Bezelul str\u0103lucitor \u00een culori ro\u0219u-albastru, supranumit \u201ePepsi\u201d, face modelul u\u0219or de recunoscut \u0219i \u00eei confer\u0103 un caracter sportiv.<\/p>\n<p>Cadranul argintiu cu marcaje mari \u0219i indicatoare cu acoperire luminescent\u0103 asigur\u0103 o lizibilitate excelent\u0103 chiar \u0219i \u00een \u00eentuneric.<br \/>\nCadranul este protejat de sticl\u0103 Hardlex, iar carcasa \u0219i br\u0103\u021bara sunt fabricate din o\u021bel inoxidabil. Carcasa \u0219i br\u0103\u021bara subliniaz\u0103 rezisten\u021ba \u0219i fiabilitatea modelului.<\/p>\n<p>Ceasul este echipat cu un mecanism mecanic Seiko cu auto-\u00eenc\u0103rcare, calibru 4R36, cu indicatorul zilei s\u0103pt\u0103m\u00e2nii \u0219i al datei \u00een pozi\u021bia \u201e3 ore\u201d.<\/p>\n<p>Rezisten\u021ba la ap\u0103 p\u00e2n\u0103 la 100 de metri permite utilizarea ceasului la \u00eenot \u0219i \u00een timpul activit\u0103\u021bilor de agrement.<\/p>\n<p>Acest ceas este creat pentru cei care apreciaz\u0103 fiabilitatea, clasicul \u0219i stilul recognoscibil.<\/p>\n<p>Este produs \u00eentr-un tiraj limitat de doar 7000 de exemplare. Sunt disponibile modelele cu N 3336,3098.<\/p>","protected":false},"excerpt":{"rendered":"<p>Ceasul Seiko Pepsi Limited Edition este chiar acel Pepsi pe care l-a\u021bi a\u0219teptat at\u00e2t de mult. De\u0219i alte ceasuri pot avea anumite porecle, acest Seiko este o adev\u0103rat\u0103 descoperire, creat \u00een colaborare exclusiv\u0103 cu marca cult Pepsi. Au dus ceasul la un nou nivel datorit\u0103 multor elemente cheie de design \u0219i ambalajului incredibil. Bezelul str\u0103lucitor [&hellip;]<\/p>\n","protected":false},"featured_media":60234,"comment_status":"closed","ping_status":"open","template":"","meta":{"_acf_changed":false},"product_brand":[],"product_cat":[20,205,588],"product_tag":[],"class_list":{"0":"post-60233","1":"product","2":"type-product","3":"status-publish","4":"has-post-thumbnail","6":"product_cat-ceasuri-barbati","7":"product_cat-limited-edition","8":"product_cat-seiko","9":"pa_brand-seiko","10":"pa_braslet-otel-inoxidabil","11":"pa_corpus-38-mm","12":"pa_forma-rotund","13":"pa_funcii-data","14":"pa_funcii-limited-edition","15":"pa_funcii-ziua-saptamanii","16":"pa_garatia-24-luni","17":"pa_korpus-argintiu","18":"pa_korpus-multicolor","19":"pa_material-otel-inoxidabil","20":"pa_mehanizm-mecanic","21":"pa_mehanizm-mecanism-automatic","22":"pa_remeshok-argintiu","23":"pa_steklo-hardlex-crystal","24":"pa_strana-japonia","25":"pa_voda-10-atm","27":"first","28":"instock","29":"purchasable","30":"product-type-simple"},"acf":[],"_links":{"self":[{"href":"https:\/\/ceasuri.md\/ru\/wp-json\/wp\/v2\/product\/60233","targetHints":{"allow":["GET"]}}],"collection":[{"href":"https:\/\/ceasuri.md\/ru\/wp-json\/wp\/v2\/product"}],"about":[{"href":"https:\/\/ceasuri.md\/ru\/wp-json\/wp\/v2\/types\/product"}],"replies":[{"embeddable":true,"href":"https:\/\/ceasuri.md\/ru\/wp-json\/wp\/v2\/comments?post=60233"}],"wp:featuredmedia":[{"embeddable":true,"href":"https:\/\/ceasuri.md\/ru\/wp-json\/wp\/v2\/media\/60234"}],"wp:attachment":[{"href":"https:\/\/ceasuri.md\/ru\/wp-json\/wp\/v2\/media?parent=60233"}],"wp:term":[{"taxonomy":"product_brand","embeddable":true,"href":"https:\/\/ceasuri.md\/ru\/wp-json\/wp\/v2\/product_brand?post=60233"},{"taxonomy":"product_cat","embeddable":true,"href":"https:\/\/ceasuri.md\/ru\/wp-json\/wp\/v2\/product_cat?post=60233"},{"taxonomy":"product_tag","embeddable":true,"href":"https:\/\/ceasuri.md\/ru\/wp-json\/wp\/v2\/product_tag?post=60233"}],"curies":[{"name":"wp","href":"https:\/\/api.w.org\/{rel}","templated":true}]}}