{"id":60228,"date":"2026-04-03T01:09:36","date_gmt":"2026-04-02T22:09:36","guid":{"rendered":"http:\/\/new.ceasuri.md\/shop\/uncategorized\/seiko-chronograph-ssb459p1\/"},"modified":"2026-04-07T05:07:15","modified_gmt":"2026-04-07T02:07:15","slug":"seiko-chronograph-ssb459p1","status":"publish","type":"product","link":"https:\/\/ceasuri.md\/ru\/shop\/branduri\/seiko\/seiko-chronograph-ssb459p1\/","title":{"rendered":"Ceas SEIKO CHRONOGRAPH SSB459P1"},"content":{"rendered":"<p>Elegan\u021b\u0103 \u0219i stil sportiv \u00eentr-o singur\u0103 carcas\u0103, o combina\u021bie armonioas\u0103 \u00eentre designul clasic \u0219i tehnologiile moderne. Carcasa \u0219i br\u0103\u021bara sunt realizate din o\u021bel inoxidabil de \u00eenalt\u0103 calitate, ceea ce confer\u0103 ceasului rezisten\u021b\u0103. <\/p>\n<p>O aten\u021bie special\u0103 este atras\u0103 de cadranul texturat de culoare albastru cer, cu linii orizontale, care subliniaz\u0103 individualitatea modelului.<\/p>\n<p>Cronograful cu trei cadrane suplimentare permite m\u0103surarea precis\u0103 a timpului p\u00e2n\u0103 la 1\/10 de secund\u0103. Butonul de \u00eenf\u0103\u0219urare \u0219i cele dou\u0103 butoane laterale ale carcasei asigur\u0103 o controlare u\u0219oar\u0103 a func\u021biilor.<\/p>\n<p>Fereastra de dat\u0103 este situat\u0103 \u00eentre orele 4 \u0219i 5, p\u0103str\u00e2nd simetria \u0219i func\u021bionalitatea.<\/p>\n<p>Ceasul este echipat cu un mecanism cu cuar\u021b Seiko, cunoscut pentru fiabilitatea \u0219i precizia sa. Sticla de safir protejeaz\u0103 cadranul de zg\u00e2rieturi. Impermeabilitate p\u00e2n\u0103 la 100 de metri.<\/p>\n<p>Alegerea ideal\u0103 pentru b\u0103rba\u021bii care apreciaz\u0103 stilul, func\u021bionalitatea \u0219i calitatea japonez\u0103.<\/p>","protected":false},"excerpt":{"rendered":"<p>Elegan\u021b\u0103 \u0219i stil sportiv \u00eentr-o singur\u0103 carcas\u0103, o combina\u021bie armonioas\u0103 \u00eentre designul clasic \u0219i tehnologiile moderne. Carcasa \u0219i br\u0103\u021bara sunt realizate din o\u021bel inoxidabil de \u00eenalt\u0103 calitate, ceea ce confer\u0103 ceasului rezisten\u021b\u0103. O aten\u021bie special\u0103 este atras\u0103 de cadranul texturat de culoare albastru cer, cu linii orizontale, care subliniaz\u0103 individualitatea modelului. Cronograful cu trei cadrane [&hellip;]<\/p>\n","protected":false},"featured_media":60229,"comment_status":"closed","ping_status":"open","template":"","meta":{"_acf_changed":false},"product_brand":[],"product_cat":[20,588],"product_tag":[],"class_list":{"0":"post-60228","1":"product","2":"type-product","3":"status-publish","4":"has-post-thumbnail","6":"product_cat-ceasuri-barbati","7":"product_cat-seiko","8":"pa_brand-seiko","9":"pa_braslet-otel-inoxidabil","10":"pa_corpus-40-mm","11":"pa_forma-rotund","12":"pa_funcii-cronograf","13":"pa_funcii-data","14":"pa_garatia-24-luni","15":"pa_korpus-argintiu","16":"pa_material-otel-inoxidabil","17":"pa_mehanizm-quartz","18":"pa_remeshok-argintiu","19":"pa_steklo-cristal-safir","20":"pa_strana-japonia","21":"pa_voda-10-atm","23":"first","24":"instock","25":"purchasable","26":"product-type-simple"},"acf":[],"_links":{"self":[{"href":"https:\/\/ceasuri.md\/ru\/wp-json\/wp\/v2\/product\/60228","targetHints":{"allow":["GET"]}}],"collection":[{"href":"https:\/\/ceasuri.md\/ru\/wp-json\/wp\/v2\/product"}],"about":[{"href":"https:\/\/ceasuri.md\/ru\/wp-json\/wp\/v2\/types\/product"}],"replies":[{"embeddable":true,"href":"https:\/\/ceasuri.md\/ru\/wp-json\/wp\/v2\/comments?post=60228"}],"wp:featuredmedia":[{"embeddable":true,"href":"https:\/\/ceasuri.md\/ru\/wp-json\/wp\/v2\/media\/60229"}],"wp:attachment":[{"href":"https:\/\/ceasuri.md\/ru\/wp-json\/wp\/v2\/media?parent=60228"}],"wp:term":[{"taxonomy":"product_brand","embeddable":true,"href":"https:\/\/ceasuri.md\/ru\/wp-json\/wp\/v2\/product_brand?post=60228"},{"taxonomy":"product_cat","embeddable":true,"href":"https:\/\/ceasuri.md\/ru\/wp-json\/wp\/v2\/product_cat?post=60228"},{"taxonomy":"product_tag","embeddable":true,"href":"https:\/\/ceasuri.md\/ru\/wp-json\/wp\/v2\/product_tag?post=60228"}],"curies":[{"name":"wp","href":"https:\/\/api.w.org\/{rel}","templated":true}]}}