{"id":60221,"date":"2025-10-06T14:09:27","date_gmt":"2025-10-06T11:09:27","guid":{"rendered":"http:\/\/new.ceasuri.md\/shop\/uncategorized\/seiko-presage-cocktail-time-ssk039j1\/"},"modified":"2026-05-01T19:38:18","modified_gmt":"2026-05-01T16:38:18","slug":"seiko-presage-cocktail-time-ssk039j1","status":"publish","type":"product","link":"https:\/\/ceasuri.md\/ru\/shop\/branduri\/seiko\/seiko-presage-cocktail-time-ssk039j1\/","title":{"rendered":"\u0427\u0430\u0441\u044b SEIKO PRESAGE Cocktail Time SSK039J1"},"content":{"rendered":"<p>Ceasul Seiko Presage Cocktail Time este inspirat din cultura japonez\u0103 a cocktailurilor \u0219i din b\u0103uturile speciale servite la barul stelar din cartierul rafinat Ginza din Tokyo. Amestecat cu whisky sco\u021bian \u0219i Drambuie, \u201eRusty Nail\u201d echilibreaz\u0103 gustul dulce \u0219i picant cu o not\u0103 de fum \u0219i miere, completat\u0103 de o garnitur\u0103 de coaj\u0103 de l\u0103m\u00e2ie.<\/p>\n<p>Cadranul ceasului de culoare maro \u201eCuiul ruginit\u201d cu un model de raze de soare aminte\u0219te de aspectul unui pahar de cocktail. Acul GMT este inspirat de piciorul unui pahar de cocktail. \u00cen combina\u021bie cu cifrele arabe, acest ceas urm\u0103re\u0219te simultan dou\u0103 fusuri orare. Cu marcaje ascu\u021bite ca lama de ras \u0219i ace \u00een stil dauphin, acest model are o fereastr\u0103 pentru dat\u0103 \u00een pozi\u021bia \u201e3 ore\u201d pentru un plus de practicitate \u0219i este completat de o curea din piele.<\/p>\n<p>Ceasul func\u021bioneaz\u0103 cu un calibru mecanic 4R34 GMT cu o rezerv\u0103 de mar\u0219 de 41 de ore. Cadranul este protejat de sticl\u0103 mineral\u0103 Hardlex c\u0103lit. Impermeabilitate 50 m.<\/p>\n<p>\u201eCuiul ruginit\u201d<\/p>\n<p>Seiko Presage este un stil atemporal, cronometrare mecanic\u0103 precis\u0103 \u0219i design minimalist al ceasului, cu o estetic\u0103 japonez\u0103 pronun\u021bat\u0103.<\/p>","protected":false},"excerpt":{"rendered":"<p>Ceasul Seiko Presage Cocktail Time este inspirat din cultura japonez\u0103 a cocktailurilor \u0219i din b\u0103uturile speciale servite la barul stelar din cartierul rafinat Ginza din Tokyo. Amestecat cu whisky sco\u021bian \u0219i Drambuie, \u201eRusty Nail\u201d echilibreaz\u0103 gustul dulce \u0219i picant cu o not\u0103 de fum \u0219i miere, completat\u0103 de o garnitur\u0103 de coaj\u0103 de l\u0103m\u00e2ie. Cadranul [&hellip;]<\/p>\n","protected":false},"featured_media":60222,"comment_status":"closed","ping_status":"open","template":"","meta":{"_acf_changed":false},"product_brand":[],"product_cat":[20,588],"product_tag":[],"class_list":{"0":"post-60221","1":"product","2":"type-product","3":"status-publish","4":"has-post-thumbnail","6":"product_cat-ceasuri-barbati","7":"product_cat-seiko","8":"pa_brand-seiko","9":"pa_braslet-piele","10":"pa_corpus-41-mm","11":"pa_forma-rotund","12":"pa_funcii-data","13":"pa_funcii-gmt","14":"pa_garatia-24-luni","15":"pa_korpus-argintiu","16":"pa_material-otel-inoxidabil","17":"pa_mehanizm-mecanic","18":"pa_mehanizm-mecanism-automatic","19":"pa_remeshok-negru","20":"pa_steklo-hardlex-crystal","21":"pa_strana-japonia","22":"pa_voda-5-atm","24":"first","25":"instock","26":"purchasable","27":"product-type-simple"},"acf":[],"_links":{"self":[{"href":"https:\/\/ceasuri.md\/ru\/wp-json\/wp\/v2\/product\/60221","targetHints":{"allow":["GET"]}}],"collection":[{"href":"https:\/\/ceasuri.md\/ru\/wp-json\/wp\/v2\/product"}],"about":[{"href":"https:\/\/ceasuri.md\/ru\/wp-json\/wp\/v2\/types\/product"}],"replies":[{"embeddable":true,"href":"https:\/\/ceasuri.md\/ru\/wp-json\/wp\/v2\/comments?post=60221"}],"wp:featuredmedia":[{"embeddable":true,"href":"https:\/\/ceasuri.md\/ru\/wp-json\/wp\/v2\/media\/60222"}],"wp:attachment":[{"href":"https:\/\/ceasuri.md\/ru\/wp-json\/wp\/v2\/media?parent=60221"}],"wp:term":[{"taxonomy":"product_brand","embeddable":true,"href":"https:\/\/ceasuri.md\/ru\/wp-json\/wp\/v2\/product_brand?post=60221"},{"taxonomy":"product_cat","embeddable":true,"href":"https:\/\/ceasuri.md\/ru\/wp-json\/wp\/v2\/product_cat?post=60221"},{"taxonomy":"product_tag","embeddable":true,"href":"https:\/\/ceasuri.md\/ru\/wp-json\/wp\/v2\/product_tag?post=60221"}],"curies":[{"name":"wp","href":"https:\/\/api.w.org\/{rel}","templated":true}]}}