{"id":60214,"date":"2026-04-03T01:09:36","date_gmt":"2026-04-02T22:09:36","guid":{"rendered":"http:\/\/new.ceasuri.md\/shop\/uncategorized\/seiko-5-sports-pepsi-le-ssk047k1\/"},"modified":"2026-04-20T01:53:21","modified_gmt":"2026-04-19T22:53:21","slug":"seiko-5-sports-pepsi-le-ssk047k1","status":"publish","type":"product","link":"https:\/\/ceasuri.md\/ru\/shop\/branduri\/seiko\/seiko-5-sports-pepsi-le-ssk047k1\/","title":{"rendered":"\u0427\u0430\u0441\u044b SEIKO 5 SPORTS Pepsi LE SSK047K1"},"content":{"rendered":"<p>SEIKO 5 SPORTS PEPSI\u00ae Limited Edition &#8211; ceasuri pentru b\u0103rba\u021bi, care \u00eembin\u0103 stilul \u0219i func\u021bionalitatea. Acestea atrag aten\u021bia prin carcasa de un negru intens, cu o ram\u0103 care \u00eembin\u0103 culorile albastru \u0219i ro\u0219u, simboliz\u00e2nd versiunea PEPSI Max f\u0103r\u0103 zah\u0103r. Aceast\u0103 combina\u021bie s-a impus \u00een industria ceasurilor de-a lungul anilor. Prin urmare, este logic ca dou\u0103 companii cu o istorie bogat\u0103, precum SEIKO \u0219i PEPSI, s\u0103-\u0219i uneasc\u0103 eforturile \u0219i s\u0103 dea acestei combina\u021bii de culori o not\u0103 oficial\u0103. Rezultatul a fost o tendin\u021b\u0103 sportiv\u0103 cu curea din silicon \u0219i func\u021bie GMT, care permite urm\u0103rirea permanent\u0103 a timpului, chiar \u0219i \u00een deplasare.<\/p>\n<p>Aceast\u0103 serie limitat\u0103 a fost lansat\u0103 \u00eentr-un tiraj de 7000 de exemplare \u00een \u00eentreaga lume, iar fiecare model este unic datorit\u0103 num\u0103rului de serie numerotat de pe capacul din sticl\u0103 \u00een\u0219urubat. Sunt disponibile modelele cu N 6088, 6182.<\/p>\n<p>Modelul este echipat cu un calibru mecanic precis 4R34, care asigur\u0103 at\u00e2t \u00eenf\u0103\u0219urarea manual\u0103, c\u00e2t \u0219i cea automat\u0103 bidirec\u021bional\u0103. Ceasul este dotat cu func\u021bia GMT pentru afi\u0219area celui de-al doilea fus orar \u0219i cu o rezerv\u0103 de mar\u0219 impresionant\u0103 de peste 41 de ore. Impermeabilitate 100 m.<\/p>\n<p>Carcasa din o\u021bel inoxidabil cu acoperire din carbur\u0103 de titan \u0219i sticl\u0103 Hardlex, care protejeaz\u0103 cadranul \u0219i este echipat\u0103 cu o lup\u0103 pentru indicarea datei \u00een pozi\u021bia \u201e3 ore\u201d, precum \u0219i o curea din silicon cu inscrip\u021bia \u0219i logo-ul PEPSI, asigur\u0103 at\u00e2t rezisten\u021b\u0103, c\u00e2t \u0219i un stil unic.<\/p>\n<p>Ceasul este livrat \u00eentr-o cutie metalic\u0103 \u00een stil PEPSI, care subliniaz\u0103 \u0219i mai mult poten\u021bialul de colec\u021bie al acestui ceas.<\/p>","protected":false},"excerpt":{"rendered":"<p>SEIKO 5 SPORTS PEPSI\u00ae Limited Edition &#8211; ceasuri pentru b\u0103rba\u021bi, care \u00eembin\u0103 stilul \u0219i func\u021bionalitatea. Acestea atrag aten\u021bia prin carcasa de un negru intens, cu o ram\u0103 care \u00eembin\u0103 culorile albastru \u0219i ro\u0219u, simboliz\u00e2nd versiunea PEPSI Max f\u0103r\u0103 zah\u0103r. Aceast\u0103 combina\u021bie s-a impus \u00een industria ceasurilor de-a lungul anilor. Prin urmare, este logic ca dou\u0103 [&hellip;]<\/p>\n","protected":false},"featured_media":60215,"comment_status":"closed","ping_status":"open","template":"","meta":{"_acf_changed":false},"product_brand":[],"product_cat":[20,205,588],"product_tag":[],"class_list":{"0":"post-60214","1":"product","2":"type-product","3":"status-publish","4":"has-post-thumbnail","6":"product_cat-ceasuri-barbati","7":"product_cat-limited-edition","8":"product_cat-seiko","9":"pa_brand-seiko","10":"pa_braslet-silicon","11":"pa_corpus-43-mm","12":"pa_forma-rotund","13":"pa_funcii-data","14":"pa_funcii-gmt","15":"pa_funcii-limited-edition","16":"pa_garatia-24-luni","17":"pa_korpus-multicolor","18":"pa_korpus-negru","19":"pa_material-otel-inoxidabil","20":"pa_mehanizm-mecanic","21":"pa_mehanizm-mecanism-automatic","22":"pa_remeshok-negru","23":"pa_steklo-hardlex-crystal","24":"pa_strana-japonia","25":"pa_voda-10-atm","27":"first","28":"instock","29":"purchasable","30":"product-type-simple"},"acf":[],"_links":{"self":[{"href":"https:\/\/ceasuri.md\/ru\/wp-json\/wp\/v2\/product\/60214","targetHints":{"allow":["GET"]}}],"collection":[{"href":"https:\/\/ceasuri.md\/ru\/wp-json\/wp\/v2\/product"}],"about":[{"href":"https:\/\/ceasuri.md\/ru\/wp-json\/wp\/v2\/types\/product"}],"replies":[{"embeddable":true,"href":"https:\/\/ceasuri.md\/ru\/wp-json\/wp\/v2\/comments?post=60214"}],"wp:featuredmedia":[{"embeddable":true,"href":"https:\/\/ceasuri.md\/ru\/wp-json\/wp\/v2\/media\/60215"}],"wp:attachment":[{"href":"https:\/\/ceasuri.md\/ru\/wp-json\/wp\/v2\/media?parent=60214"}],"wp:term":[{"taxonomy":"product_brand","embeddable":true,"href":"https:\/\/ceasuri.md\/ru\/wp-json\/wp\/v2\/product_brand?post=60214"},{"taxonomy":"product_cat","embeddable":true,"href":"https:\/\/ceasuri.md\/ru\/wp-json\/wp\/v2\/product_cat?post=60214"},{"taxonomy":"product_tag","embeddable":true,"href":"https:\/\/ceasuri.md\/ru\/wp-json\/wp\/v2\/product_tag?post=60214"}],"curies":[{"name":"wp","href":"https:\/\/api.w.org\/{rel}","templated":true}]}}