{"id":60209,"date":"2026-04-03T01:09:36","date_gmt":"2026-04-02T22:09:36","guid":{"rendered":"http:\/\/new.ceasuri.md\/shop\/uncategorized\/seiko-classic-sur311p1\/"},"modified":"2026-04-20T01:53:22","modified_gmt":"2026-04-19T22:53:22","slug":"seiko-classic-sur311p1","status":"publish","type":"product","link":"https:\/\/ceasuri.md\/ru\/shop\/branduri\/seiko\/seiko-classic-sur311p1\/","title":{"rendered":"Ceas SEIKO CLASSIC SUR311P1"},"content":{"rendered":"<p>Un accesoriu clasic pentru b\u0103rba\u021bi, care combin\u0103 precizia japonez\u0103, designul concis \u0219i fiabilitatea verificat\u0103 \u00een timp. Acest ceas este creat pentru cei care apreciaz\u0103 calitatea impecabil\u0103 \u0219i elegan\u021ba \u00een detalii.<\/p>\n<p>Carcasa este realizat\u0103 din o\u021bel inoxidabil, ceea ce asigur\u0103 durabilitate \u0219i rezisten\u021b\u0103 la factorii externi. Diametrul de 40,2 mm face ca modelul s\u0103 fie universal: ceasul se potrive\u0219te armonios at\u00e2t cu un costum de afaceri, c\u00e2t \u0219i cu o \u021binut\u0103 de zi cu zi.<\/p>\n<p>Cadranul de un negru intens este decorat cu marcaje argintii \u0219i indicatoare cu acoperire luminescent\u0103, care asigur\u0103 o lizibilitate excelent\u0103 \u00een orice condi\u021bii. Protec\u021bia este asigurat\u0103 de sticla de safir rezistent\u0103 la zg\u00e2rieturi. \u00cen pozi\u021bia \u201eora trei\u201d se afl\u0103 un mic indicator de dat\u0103. Rezisten\u021b\u0103 la ap\u0103 p\u00e2n\u0103 la 100 de metri.<\/p>\n<p>Acest model este \u00eentruchiparea elegan\u021bei \u0219i func\u021bionalit\u0103\u021bii discrete, reflect\u00e2nd adev\u0103rata filozofie a m\u0103rcii Seiko: perfec\u021biunea \u00een simplitate. Ceasul va deveni un companion de \u00eencredere pentru fiecare zi \u0219i va sublinia gustul impecabil al proprietarului s\u0103u.<\/p>","protected":false},"excerpt":{"rendered":"<p>Un accesoriu clasic pentru b\u0103rba\u021bi, care combin\u0103 precizia japonez\u0103, designul concis \u0219i fiabilitatea verificat\u0103 \u00een timp. Acest ceas este creat pentru cei care apreciaz\u0103 calitatea impecabil\u0103 \u0219i elegan\u021ba \u00een detalii. Carcasa este realizat\u0103 din o\u021bel inoxidabil, ceea ce asigur\u0103 durabilitate \u0219i rezisten\u021b\u0103 la factorii externi. Diametrul de 40,2 mm face ca modelul s\u0103 fie universal: [&hellip;]<\/p>\n","protected":false},"featured_media":60210,"comment_status":"closed","ping_status":"open","template":"","meta":{"_acf_changed":false},"product_brand":[],"product_cat":[20,588],"product_tag":[],"class_list":{"0":"post-60209","1":"product","2":"type-product","3":"status-publish","4":"has-post-thumbnail","6":"product_cat-ceasuri-barbati","7":"product_cat-seiko","8":"pa_brand-seiko","9":"pa_braslet-otel-inoxidabil","10":"pa_corpus-40-mm","11":"pa_forma-rotund","12":"pa_funcii-data","13":"pa_garatia-24-luni","14":"pa_korpus-argintiu","15":"pa_kvarc-quartz","16":"pa_material-otel-inoxidabil","17":"pa_mehanizm-quartz","18":"pa_remeshok-argintiu","19":"pa_steklo-cristal-safir","20":"pa_strana-japonia","21":"pa_voda-10-atm","23":"first","24":"instock","25":"purchasable","26":"product-type-simple"},"acf":[],"_links":{"self":[{"href":"https:\/\/ceasuri.md\/ru\/wp-json\/wp\/v2\/product\/60209","targetHints":{"allow":["GET"]}}],"collection":[{"href":"https:\/\/ceasuri.md\/ru\/wp-json\/wp\/v2\/product"}],"about":[{"href":"https:\/\/ceasuri.md\/ru\/wp-json\/wp\/v2\/types\/product"}],"replies":[{"embeddable":true,"href":"https:\/\/ceasuri.md\/ru\/wp-json\/wp\/v2\/comments?post=60209"}],"wp:featuredmedia":[{"embeddable":true,"href":"https:\/\/ceasuri.md\/ru\/wp-json\/wp\/v2\/media\/60210"}],"wp:attachment":[{"href":"https:\/\/ceasuri.md\/ru\/wp-json\/wp\/v2\/media?parent=60209"}],"wp:term":[{"taxonomy":"product_brand","embeddable":true,"href":"https:\/\/ceasuri.md\/ru\/wp-json\/wp\/v2\/product_brand?post=60209"},{"taxonomy":"product_cat","embeddable":true,"href":"https:\/\/ceasuri.md\/ru\/wp-json\/wp\/v2\/product_cat?post=60209"},{"taxonomy":"product_tag","embeddable":true,"href":"https:\/\/ceasuri.md\/ru\/wp-json\/wp\/v2\/product_tag?post=60209"}],"curies":[{"name":"wp","href":"https:\/\/api.w.org\/{rel}","templated":true}]}}