{"id":60204,"date":"2026-04-03T01:09:36","date_gmt":"2026-04-02T22:09:36","guid":{"rendered":"http:\/\/new.ceasuri.md\/shop\/uncategorized\/seiko-classic-sur341p1\/"},"modified":"2026-04-07T05:07:11","modified_gmt":"2026-04-07T02:07:11","slug":"seiko-classic-sur341p1","status":"publish","type":"product","link":"https:\/\/ceasuri.md\/ru\/shop\/branduri\/seiko\/seiko-classic-sur341p1\/","title":{"rendered":"Ceas SEIKO CLASSIC SUR341P1"},"content":{"rendered":"<p>Ceasurile pentru b\u0103rba\u021bi Seiko sunt \u00eentruchiparea clasicului, a fiabilit\u0103\u021bii \u0219i a stilului discret, caracteristic pentru legendarul brand japonez. Designul lor combin\u0103 simplitatea \u0219i elegan\u021ba, f\u0103c\u00e2nd modelul universal pentru orice ocazie &#8211; fie c\u0103 este vorba de o \u00eent\u00e2lnire de afaceri, o ie\u0219ire de zi cu zi sau un eveniment solemn.<\/p>\n<p>Carcasa ceasului este realizat\u0103 din o\u021bel inoxidabil cu o finisare rafinat\u0103, care confer\u0103 modelului un aspect nobil \u0219i \u00eel protejeaz\u0103 de factorii externi. Cadranul de culoare albastru \u00eenchis se remarc\u0103 prin lizibilitate excelent\u0103: acul sub\u021bire \u0219i marcajele precise ale orelor creeaz\u0103 o senza\u021bie de u\u0219urin\u021b\u0103 \u0219i armonie. La ora \u201e3\u201d se afl\u0103 o fereastr\u0103 \u00een care sunt indicate data \u0219i ziua s\u0103pt\u0103m\u00e2nii, ceea ce adaug\u0103 confort \u00een purtarea de zi cu zi.<\/p>\n<p>Sticla de safir este rezistent\u0103 la zg\u00e2rieturi \u0219i \u00ee\u0219i p\u0103streaz\u0103 transparen\u021ba timp de mul\u021bi ani. Rezisten\u021ba la ap\u0103 p\u00e2n\u0103 la 100 de metri face ceasul practic &#8211; nu se teme de ploaie.<\/p>\n<p>Br\u0103\u021bara din o\u021bel cu \u00eenchiz\u0103toare rezistent\u0103 asigur\u0103 o potrivire confortabil\u0103 la \u00eencheietura m\u00e2inii \u0219i completeaz\u0103 imaginea unui b\u0103rbat sigur \u0219i stilat.<\/p>","protected":false},"excerpt":{"rendered":"<p>Ceasurile pentru b\u0103rba\u021bi Seiko sunt \u00eentruchiparea clasicului, a fiabilit\u0103\u021bii \u0219i a stilului discret, caracteristic pentru legendarul brand japonez. Designul lor combin\u0103 simplitatea \u0219i elegan\u021ba, f\u0103c\u00e2nd modelul universal pentru orice ocazie &#8211; fie c\u0103 este vorba de o \u00eent\u00e2lnire de afaceri, o ie\u0219ire de zi cu zi sau un eveniment solemn. Carcasa ceasului este realizat\u0103 din [&hellip;]<\/p>\n","protected":false},"featured_media":60205,"comment_status":"closed","ping_status":"open","template":"","meta":{"_acf_changed":false},"product_brand":[],"product_cat":[20,588],"product_tag":[],"class_list":{"0":"post-60204","1":"product","2":"type-product","3":"status-publish","4":"has-post-thumbnail","6":"product_cat-ceasuri-barbati","7":"product_cat-seiko","8":"pa_brand-seiko","9":"pa_braslet-otel-inoxidabil","10":"pa_corpus-40-mm","11":"pa_forma-rotund","12":"pa_funcii-data","13":"pa_funcii-ziua-saptamanii","14":"pa_garatia-24-luni","15":"pa_korpus-argintiu","16":"pa_material-otel-inoxidabil","17":"pa_mehanizm-quartz","18":"pa_remeshok-argintiu","19":"pa_steklo-cristal-safir","20":"pa_strana-japonia","21":"pa_voda-10-atm","23":"first","24":"instock","25":"purchasable","26":"product-type-simple"},"acf":[],"_links":{"self":[{"href":"https:\/\/ceasuri.md\/ru\/wp-json\/wp\/v2\/product\/60204","targetHints":{"allow":["GET"]}}],"collection":[{"href":"https:\/\/ceasuri.md\/ru\/wp-json\/wp\/v2\/product"}],"about":[{"href":"https:\/\/ceasuri.md\/ru\/wp-json\/wp\/v2\/types\/product"}],"replies":[{"embeddable":true,"href":"https:\/\/ceasuri.md\/ru\/wp-json\/wp\/v2\/comments?post=60204"}],"wp:featuredmedia":[{"embeddable":true,"href":"https:\/\/ceasuri.md\/ru\/wp-json\/wp\/v2\/media\/60205"}],"wp:attachment":[{"href":"https:\/\/ceasuri.md\/ru\/wp-json\/wp\/v2\/media?parent=60204"}],"wp:term":[{"taxonomy":"product_brand","embeddable":true,"href":"https:\/\/ceasuri.md\/ru\/wp-json\/wp\/v2\/product_brand?post=60204"},{"taxonomy":"product_cat","embeddable":true,"href":"https:\/\/ceasuri.md\/ru\/wp-json\/wp\/v2\/product_cat?post=60204"},{"taxonomy":"product_tag","embeddable":true,"href":"https:\/\/ceasuri.md\/ru\/wp-json\/wp\/v2\/product_tag?post=60204"}],"curies":[{"name":"wp","href":"https:\/\/api.w.org\/{rel}","templated":true}]}}