{"id":60199,"date":"2025-10-06T14:09:26","date_gmt":"2025-10-06T11:09:26","guid":{"rendered":"http:\/\/new.ceasuri.md\/shop\/uncategorized\/seiko-dress-sur507p1\/"},"modified":"2026-05-01T19:38:11","modified_gmt":"2026-05-01T16:38:11","slug":"seiko-dress-sur507p1","status":"publish","type":"product","link":"https:\/\/ceasuri.md\/ru\/shop\/branduri\/seiko\/seiko-dress-sur507p1\/","title":{"rendered":"\u0427\u0430\u0441\u044b SEIKO DRESS SUR507P1"},"content":{"rendered":"<p>O combina\u021bie \u00eentre designul sobru, precizia japonez\u0103 \u0219i caracterul practic. Acest ceas va sublinia \u00eencrederea \u0219i gustul proprietarului s\u0103u, devenind un accesoriu indispensabil pentru fiecare zi.<\/p>\n<p>Carcasa \u0219i br\u0103\u021bara sunt realizate din o\u021bel inoxidabil de \u00eenalt\u0103 calitate, cu o finisare rafinat\u0103, care confer\u0103 ceasului un aspect solid \u0219i modern. Designul s\u0103u concis face ca modelul s\u0103 fie universal \u2014 se potrive\u0219te la fel de bine cu un costum de afaceri \u0219i cu \u00eembr\u0103c\u0103mintea de zi cu zi.<\/p>\n<p>Cadranul gri este decorat cu indici simpli \u0219i ace sub\u021biri. Absen\u021ba elementelor inutile subliniaz\u0103 puritatea liniilor \u0219i face ora u\u0219or de citit. Logo-ul Seiko este plasat sub marcajul \u201e12 ore\u201d, iar \u00een pozi\u021bia \u201e3 ore\u201d se afl\u0103 un indicator de dat\u0103 convenabil, care adaug\u0103 func\u021bionalitate.<\/p>\n<p>Mecanismul cu cuar\u021b de \u00eenalt\u0103 precizie este cunoscut pentru stabilitatea \u0219i durabilitatea sa. Sticla mineral\u0103 c\u0103lit protejeaz\u0103 \u00een mod fiabil cadranul de zg\u00e2rieturi, iar rezisten\u021ba la ap\u0103 p\u00e2n\u0103 la 100 de metri permite purtarea ceasului \u00een timpul ploii \u0219i al activit\u0103\u021bilor active.<\/p>","protected":false},"excerpt":{"rendered":"<p>O combina\u021bie \u00eentre designul sobru, precizia japonez\u0103 \u0219i caracterul practic. Acest ceas va sublinia \u00eencrederea \u0219i gustul proprietarului s\u0103u, devenind un accesoriu indispensabil pentru fiecare zi. Carcasa \u0219i br\u0103\u021bara sunt realizate din o\u021bel inoxidabil de \u00eenalt\u0103 calitate, cu o finisare rafinat\u0103, care confer\u0103 ceasului un aspect solid \u0219i modern. Designul s\u0103u concis face ca modelul [&hellip;]<\/p>\n","protected":false},"featured_media":60200,"comment_status":"closed","ping_status":"open","template":"","meta":{"_acf_changed":false},"product_brand":[],"product_cat":[20,588],"product_tag":[],"class_list":{"0":"post-60199","1":"product","2":"type-product","3":"status-publish","4":"has-post-thumbnail","6":"product_cat-ceasuri-barbati","7":"product_cat-seiko","8":"pa_brand-seiko","9":"pa_braslet-otel-inoxidabil","10":"pa_corpus-40-mm","11":"pa_forma-rotund","12":"pa_funcii-data","13":"pa_garatia-24-luni","14":"pa_korpus-argintiu","15":"pa_kvarc-quartz","16":"pa_material-otel-inoxidabil","17":"pa_mehanizm-quartz","18":"pa_remeshok-argintiu","19":"pa_steklo-hardlex-crystal","20":"pa_strana-japonia","21":"pa_voda-10-atm","23":"first","24":"instock","25":"purchasable","26":"product-type-simple"},"acf":[],"_links":{"self":[{"href":"https:\/\/ceasuri.md\/ru\/wp-json\/wp\/v2\/product\/60199","targetHints":{"allow":["GET"]}}],"collection":[{"href":"https:\/\/ceasuri.md\/ru\/wp-json\/wp\/v2\/product"}],"about":[{"href":"https:\/\/ceasuri.md\/ru\/wp-json\/wp\/v2\/types\/product"}],"replies":[{"embeddable":true,"href":"https:\/\/ceasuri.md\/ru\/wp-json\/wp\/v2\/comments?post=60199"}],"wp:featuredmedia":[{"embeddable":true,"href":"https:\/\/ceasuri.md\/ru\/wp-json\/wp\/v2\/media\/60200"}],"wp:attachment":[{"href":"https:\/\/ceasuri.md\/ru\/wp-json\/wp\/v2\/media?parent=60199"}],"wp:term":[{"taxonomy":"product_brand","embeddable":true,"href":"https:\/\/ceasuri.md\/ru\/wp-json\/wp\/v2\/product_brand?post=60199"},{"taxonomy":"product_cat","embeddable":true,"href":"https:\/\/ceasuri.md\/ru\/wp-json\/wp\/v2\/product_cat?post=60199"},{"taxonomy":"product_tag","embeddable":true,"href":"https:\/\/ceasuri.md\/ru\/wp-json\/wp\/v2\/product_tag?post=60199"}],"curies":[{"name":"wp","href":"https:\/\/api.w.org\/{rel}","templated":true}]}}