{"id":60195,"date":"2026-04-03T01:09:36","date_gmt":"2026-04-02T22:09:36","guid":{"rendered":"http:\/\/new.ceasuri.md\/shop\/uncategorized\/seiko-classic-sur615p1\/"},"modified":"2026-04-20T01:53:23","modified_gmt":"2026-04-19T22:53:23","slug":"seiko-classic-sur615p1","status":"publish","type":"product","link":"https:\/\/ceasuri.md\/ru\/shop\/branduri\/seiko\/seiko-classic-sur615p1\/","title":{"rendered":"Ceas SEIKO CLASSIC SUR615P1"},"content":{"rendered":"<p>Ceasurile pentru femei sunt \u00eentruchiparea minimalismului rafinat \u0219i a elegan\u021bei clasice. Acest model este creat pentru cei care apreciaz\u0103 stilul discret, versatilitatea \u0219i calitatea japonez\u0103 de neegalat. Carcasa \u0219i br\u0103\u021bara sunt realizate din o\u021bel inoxidabil, conferind ceasului un aspect modern, curat \u0219i nobil. Datorit\u0103 liniilor fluide \u0219i formei elegante, carcasa se potrive\u0219te perfect pe \u00eencheietura m\u00e2inii, asigur\u00e2nd confortul \u00een timpul purt\u0103rii zilnice.<\/p>\n<p>Cadranul alb este decorat cu diamante str\u0103lucitoare, amplasate ca indicii orari. Acestea creeaz\u0103 un efect de str\u0103lucire rafinat\u0103, subliniind feminitatea \u0219i stilul. Acele \u0219i indicii sunt realizate \u00eentr-o nuan\u021b\u0103 argintie, ceea ce face cadranul armonios \u0219i u\u0219or de citit.<\/p>\n<p>Modelul este echipat cu un mecanism cu cuar\u021b fiabil, care asigur\u0103 o precizie ridicat\u0103 \u0219i durabilitate. Sticla de safir protejeaz\u0103 cadranul de zg\u00e2rieturi, p\u0103str\u00e2nd un aspect impecabil pentru mul\u021bi ani. Rezisten\u021ba la ap\u0103 p\u00e2n\u0103 la 50 de metri v\u0103 permite s\u0103 nu v\u0103 face\u021bi griji \u00een cazul stropilor accidentali sau al ploii.<\/p>\n<p>Acest ceas va deveni un accesoriu universal, potrivit at\u00e2t pentru mediul de afaceri, c\u00e2t \u0219i pentru evenimentele de sear\u0103, subliniind gustul \u0219i individualitatea dumneavoastr\u0103.<\/p>","protected":false},"excerpt":{"rendered":"<p>Ceasurile pentru femei sunt \u00eentruchiparea minimalismului rafinat \u0219i a elegan\u021bei clasice. Acest model este creat pentru cei care apreciaz\u0103 stilul discret, versatilitatea \u0219i calitatea japonez\u0103 de neegalat. Carcasa \u0219i br\u0103\u021bara sunt realizate din o\u021bel inoxidabil, conferind ceasului un aspect modern, curat \u0219i nobil. Datorit\u0103 liniilor fluide \u0219i formei elegante, carcasa se potrive\u0219te perfect pe \u00eencheietura [&hellip;]<\/p>\n","protected":false},"featured_media":60196,"comment_status":"closed","ping_status":"open","template":"","meta":{"_acf_changed":false},"product_brand":[],"product_cat":[25,588],"product_tag":[],"class_list":{"0":"post-60195","1":"product","2":"type-product","3":"status-publish","4":"has-post-thumbnail","6":"product_cat-ceasuri-dama","7":"product_cat-seiko","8":"pa_brand-seiko","9":"pa_braslet-otel-inoxidabil","10":"pa_corpus-30-mm","11":"pa_decor-diamante","12":"pa_forma-rotund","13":"pa_garatia-24-luni","14":"pa_korpus-argintiu","15":"pa_kvarc-quartz","16":"pa_material-otel-inoxidabil","17":"pa_mehanizm-quartz","18":"pa_remeshok-argintiu","19":"pa_steklo-cristal-safir","20":"pa_strana-japonia","21":"pa_voda-5-atm","23":"first","24":"instock","25":"purchasable","26":"product-type-simple"},"acf":[],"_links":{"self":[{"href":"https:\/\/ceasuri.md\/ru\/wp-json\/wp\/v2\/product\/60195","targetHints":{"allow":["GET"]}}],"collection":[{"href":"https:\/\/ceasuri.md\/ru\/wp-json\/wp\/v2\/product"}],"about":[{"href":"https:\/\/ceasuri.md\/ru\/wp-json\/wp\/v2\/types\/product"}],"replies":[{"embeddable":true,"href":"https:\/\/ceasuri.md\/ru\/wp-json\/wp\/v2\/comments?post=60195"}],"wp:featuredmedia":[{"embeddable":true,"href":"https:\/\/ceasuri.md\/ru\/wp-json\/wp\/v2\/media\/60196"}],"wp:attachment":[{"href":"https:\/\/ceasuri.md\/ru\/wp-json\/wp\/v2\/media?parent=60195"}],"wp:term":[{"taxonomy":"product_brand","embeddable":true,"href":"https:\/\/ceasuri.md\/ru\/wp-json\/wp\/v2\/product_brand?post=60195"},{"taxonomy":"product_cat","embeddable":true,"href":"https:\/\/ceasuri.md\/ru\/wp-json\/wp\/v2\/product_cat?post=60195"},{"taxonomy":"product_tag","embeddable":true,"href":"https:\/\/ceasuri.md\/ru\/wp-json\/wp\/v2\/product_tag?post=60195"}],"curies":[{"name":"wp","href":"https:\/\/api.w.org\/{rel}","templated":true}]}}