{"id":60191,"date":"2026-04-03T01:09:36","date_gmt":"2026-04-02T22:09:36","guid":{"rendered":"http:\/\/new.ceasuri.md\/shop\/uncategorized\/seiko-classic-sur616p1\/"},"modified":"2026-04-20T01:53:23","modified_gmt":"2026-04-19T22:53:23","slug":"seiko-classic-sur616p1","status":"publish","type":"product","link":"https:\/\/ceasuri.md\/ru\/shop\/branduri\/seiko\/seiko-classic-sur616p1\/","title":{"rendered":"Ceas SEIKO CLASSIC SUR616P1"},"content":{"rendered":"<p>Ceasurile Seiko pentru femei reprezint\u0103 o combina\u021bie armonioas\u0103 \u00eentre designul modern, rafinamentul \u0219i calitatea tradi\u021bional\u0103 japonez\u0103. Modelul atrage aten\u021bia prin designul elegant \u00een dou\u0103 culori: carcasa argintie \u0219i br\u0103\u021bara din o\u021bel inoxidabil sunt completate de accente aurii rafinate, cre\u00e2nd un aspect sofisticat \u0219i feminin.<\/p>\n<p>Cadranul \u00een nuan\u021b\u0103 elegant\u0103 de gri cu reflexii delicate este decorat cu diamante str\u0103lucitoare, care servesc drept indicii orare. Acestea confer\u0103 modelului o str\u0103lucire nobil\u0103. Sticla de safir protejeaz\u0103 \u00een mod fiabil suprafa\u021ba \u00eempotriva zg\u00e2rieturilor \u0219i deterior\u0103rilor.<\/p>\n<p>Rezisten\u021ba la ap\u0103 p\u00e2n\u0103 la 50 de metri permite s\u0103 nu v\u0103 teme\u021bi de stropi accidentale sau de ploaie, f\u0103c\u00e2nd acest ceas confortabil pentru purtarea zilnic\u0103. Datorit\u0103 br\u0103\u021b\u0103rii u\u0219oare \u0219i confortabile, modelul se potrive\u0219te perfect pe \u00eencheietura m\u00e2inii \u0219i este potrivit at\u00e2t pentru birou, c\u00e2t \u0219i pentru ocazii speciale.<\/p>\n<p>Ceasul va fi un complement perfect pentru orice \u021binut\u0103 \u0219i un cadou ideal pentru o femeie care apreciaz\u0103 frumuse\u021bea, fiabilitatea \u0219i calitatea impecabil\u0103 a Seiko.<\/p>","protected":false},"excerpt":{"rendered":"<p>Ceasurile Seiko pentru femei reprezint\u0103 o combina\u021bie armonioas\u0103 \u00eentre designul modern, rafinamentul \u0219i calitatea tradi\u021bional\u0103 japonez\u0103. Modelul atrage aten\u021bia prin designul elegant \u00een dou\u0103 culori: carcasa argintie \u0219i br\u0103\u021bara din o\u021bel inoxidabil sunt completate de accente aurii rafinate, cre\u00e2nd un aspect sofisticat \u0219i feminin. Cadranul \u00een nuan\u021b\u0103 elegant\u0103 de gri cu reflexii delicate este decorat [&hellip;]<\/p>\n","protected":false},"featured_media":60192,"comment_status":"closed","ping_status":"open","template":"","meta":{"_acf_changed":false},"product_brand":[],"product_cat":[25,588],"product_tag":[],"class_list":{"0":"post-60191","1":"product","2":"type-product","3":"status-publish","4":"has-post-thumbnail","6":"product_cat-ceasuri-dama","7":"product_cat-seiko","8":"pa_brand-seiko","9":"pa_braslet-otel-inoxidabil","10":"pa_corpus-30-mm","11":"pa_decor-diamante","12":"pa_forma-rotund","13":"pa_garatia-24-luni","14":"pa_korpus-bicolor","15":"pa_kvarc-quartz","16":"pa_material-otel-inoxidabil","17":"pa_mehanizm-quartz","18":"pa_remeshok-bicolor","19":"pa_steklo-cristal-safir","20":"pa_strana-japonia","21":"pa_voda-5-atm","23":"first","24":"instock","25":"purchasable","26":"product-type-simple"},"acf":[],"_links":{"self":[{"href":"https:\/\/ceasuri.md\/ru\/wp-json\/wp\/v2\/product\/60191","targetHints":{"allow":["GET"]}}],"collection":[{"href":"https:\/\/ceasuri.md\/ru\/wp-json\/wp\/v2\/product"}],"about":[{"href":"https:\/\/ceasuri.md\/ru\/wp-json\/wp\/v2\/types\/product"}],"replies":[{"embeddable":true,"href":"https:\/\/ceasuri.md\/ru\/wp-json\/wp\/v2\/comments?post=60191"}],"wp:featuredmedia":[{"embeddable":true,"href":"https:\/\/ceasuri.md\/ru\/wp-json\/wp\/v2\/media\/60192"}],"wp:attachment":[{"href":"https:\/\/ceasuri.md\/ru\/wp-json\/wp\/v2\/media?parent=60191"}],"wp:term":[{"taxonomy":"product_brand","embeddable":true,"href":"https:\/\/ceasuri.md\/ru\/wp-json\/wp\/v2\/product_brand?post=60191"},{"taxonomy":"product_cat","embeddable":true,"href":"https:\/\/ceasuri.md\/ru\/wp-json\/wp\/v2\/product_cat?post=60191"},{"taxonomy":"product_tag","embeddable":true,"href":"https:\/\/ceasuri.md\/ru\/wp-json\/wp\/v2\/product_tag?post=60191"}],"curies":[{"name":"wp","href":"https:\/\/api.w.org\/{rel}","templated":true}]}}