{"id":60186,"date":"2026-04-03T01:09:36","date_gmt":"2026-04-02T22:09:36","guid":{"rendered":"http:\/\/new.ceasuri.md\/shop\/uncategorized\/seiko-classic-swr093p1\/"},"modified":"2026-04-20T01:53:23","modified_gmt":"2026-04-19T22:53:23","slug":"seiko-classic-swr093p1","status":"publish","type":"product","link":"https:\/\/ceasuri.md\/ru\/shop\/branduri\/seiko\/seiko-classic-swr093p1\/","title":{"rendered":"\u0427\u0430\u0441\u044b SEIKO CLASSIC SWR093P1"},"content":{"rendered":"<p>Ceasuri elegante pentru femei \u2014 \u00eentruchiparea rafinamentului \u0219i a calit\u0103\u021bii japoneze impecabile. Carcasa lor rafinat\u0103, dreptunghiular\u0103, din o\u021bel inoxidabil, se combin\u0103 armonios cu br\u0103\u021bara bicolor\u0103, \u00een care se \u00eempletesc zale de nuan\u021be argintii \u0219i aurii. Carcasa este decorat\u0103 cu cristale elegante, care confer\u0103 modelului str\u0103lucire \u0219i un accent luxos.<\/p>\n<p>Cadranul cu un model fin ghilochet este decorat cu indicatoare \u0219i ace aurii. Cifrele romane mari \u00een pozi\u021biile \u201e12\u201d \u0219i \u201e6 ore\u201d adaug\u0103 expresivitate \u0219i lizibilitate clasic\u0103.<\/p>\n<p>Ceasul func\u021bioneaz\u0103 pe un mecanism cu cuar\u021b fiabil, care asigur\u0103 o func\u021bionare precis\u0103. Impermeabilitatea p\u00e2n\u0103 la 30 de metri protejeaz\u0103 modelul de stropi accidentale, f\u0103c\u00e2ndu-l ideal pentru purtarea zilnic\u0103. Sticla mineral\u0103 c\u0103lit este rezistent\u0103 la zg\u00e2rieturi \u0219i \u00ee\u0219i p\u0103streaz\u0103 transparen\u021ba timp de mul\u021bi ani.<\/p>\n<p>Acesta nu este doar un accesoriu, ci o expresie a gustului impecabil \u0219i a \u00eencrederii. Ceasul va fi o alegere excelent\u0103 pentru cei care apreciaz\u0103 armonia dintre designul clasic, confortul \u0219i stilul modern.<\/p>","protected":false},"excerpt":{"rendered":"<p>Ceasuri elegante pentru femei \u2014 \u00eentruchiparea rafinamentului \u0219i a calit\u0103\u021bii japoneze impecabile. Carcasa lor rafinat\u0103, dreptunghiular\u0103, din o\u021bel inoxidabil, se combin\u0103 armonios cu br\u0103\u021bara bicolor\u0103, \u00een care se \u00eempletesc zale de nuan\u021be argintii \u0219i aurii. Carcasa este decorat\u0103 cu cristale elegante, care confer\u0103 modelului str\u0103lucire \u0219i un accent luxos. Cadranul cu un model fin ghilochet [&hellip;]<\/p>\n","protected":false},"featured_media":60187,"comment_status":"closed","ping_status":"open","template":"","meta":{"_acf_changed":false},"product_brand":[],"product_cat":[25,588],"product_tag":[],"class_list":{"0":"post-60186","1":"product","2":"type-product","3":"status-publish","4":"has-post-thumbnail","6":"product_cat-ceasuri-dama","7":"product_cat-seiko","8":"pa_brand-seiko","9":"pa_braslet-otel-inoxidabil","10":"pa_corpus-23x32mm","11":"pa_decor-cristale-swarowski","12":"pa_forma-dreptunghiular","13":"pa_garatia-24-luni","14":"pa_korpus-argintiu","15":"pa_kvarc-quartz","16":"pa_material-otel-inoxidabil","17":"pa_mehanizm-quartz","18":"pa_remeshok-bicolor","19":"pa_steklo-hardlex-crystal","20":"pa_strana-japonia","21":"pa_voda-3-atm","23":"first","24":"instock","25":"purchasable","26":"product-type-simple"},"acf":[],"_links":{"self":[{"href":"https:\/\/ceasuri.md\/ru\/wp-json\/wp\/v2\/product\/60186","targetHints":{"allow":["GET"]}}],"collection":[{"href":"https:\/\/ceasuri.md\/ru\/wp-json\/wp\/v2\/product"}],"about":[{"href":"https:\/\/ceasuri.md\/ru\/wp-json\/wp\/v2\/types\/product"}],"replies":[{"embeddable":true,"href":"https:\/\/ceasuri.md\/ru\/wp-json\/wp\/v2\/comments?post=60186"}],"wp:featuredmedia":[{"embeddable":true,"href":"https:\/\/ceasuri.md\/ru\/wp-json\/wp\/v2\/media\/60187"}],"wp:attachment":[{"href":"https:\/\/ceasuri.md\/ru\/wp-json\/wp\/v2\/media?parent=60186"}],"wp:term":[{"taxonomy":"product_brand","embeddable":true,"href":"https:\/\/ceasuri.md\/ru\/wp-json\/wp\/v2\/product_brand?post=60186"},{"taxonomy":"product_cat","embeddable":true,"href":"https:\/\/ceasuri.md\/ru\/wp-json\/wp\/v2\/product_cat?post=60186"},{"taxonomy":"product_tag","embeddable":true,"href":"https:\/\/ceasuri.md\/ru\/wp-json\/wp\/v2\/product_tag?post=60186"}],"curies":[{"name":"wp","href":"https:\/\/api.w.org\/{rel}","templated":true}]}}