{"id":60182,"date":"2026-04-03T01:09:36","date_gmt":"2026-04-02T22:09:36","guid":{"rendered":"http:\/\/new.ceasuri.md\/shop\/uncategorized\/seiko-classic-swr099p1\/"},"modified":"2026-04-20T01:53:24","modified_gmt":"2026-04-19T22:53:24","slug":"seiko-classic-swr099p1","status":"publish","type":"product","link":"https:\/\/ceasuri.md\/ru\/shop\/branduri\/seiko\/seiko-classic-swr099p1\/","title":{"rendered":"\u0427\u0430\u0441\u044b SEIKO CLASSIC SWR099P1"},"content":{"rendered":"<p>Ceasul de m\u00e2n\u0103 pentru femei \u2013 \u00eentruchiparea elegan\u021bei, a discre\u021biei \u0219i a calit\u0103\u021bii japoneze.<\/p>\n<p>Carcasa elegant\u0103 dreptunghiular\u0103 din o\u021bel inoxidabil, combinat\u0103 cu o curea din piele gri cu imprimeu crocodil, creeaz\u0103 un look potrivit at\u00e2t pentru stilul business, c\u00e2t \u0219i pentru cel casual.<\/p>\n<p>Cadranul alb sidefat cu cifre romane este decorat \u00een stil clasic, iar acul albastru confer\u0103 ceasului un accent rafinat.<\/p>\n<p>Mecanismul quartz fiabil asigur\u0103 o precizie ridicat\u0103.<\/p>\n<p>Este alegerea ideal\u0103 pentru femeia care apreciaz\u0103 stilul, fiabilitatea \u0219i simplitatea rafinat\u0103. Ceasul va fi un accesoriu spectaculos pentru orice \u021binut\u0103, subliniind gustul \u0219i \u00eencrederea proprietarei sale.<\/p>","protected":false},"excerpt":{"rendered":"<p>Ceasul de m\u00e2n\u0103 pentru femei \u2013 \u00eentruchiparea elegan\u021bei, a discre\u021biei \u0219i a calit\u0103\u021bii japoneze. Carcasa elegant\u0103 dreptunghiular\u0103 din o\u021bel inoxidabil, combinat\u0103 cu o curea din piele gri cu imprimeu crocodil, creeaz\u0103 un look potrivit at\u00e2t pentru stilul business, c\u00e2t \u0219i pentru cel casual. Cadranul alb sidefat cu cifre romane este decorat \u00een stil clasic, iar [&hellip;]<\/p>\n","protected":false},"featured_media":60183,"comment_status":"closed","ping_status":"open","template":"","meta":{"_acf_changed":false},"product_brand":[],"product_cat":[25,588],"product_tag":[],"class_list":{"0":"post-60182","1":"product","2":"type-product","3":"status-publish","4":"has-post-thumbnail","6":"product_cat-ceasuri-dama","7":"product_cat-seiko","8":"pa_brand-seiko","9":"pa_braslet-piele","10":"pa_corpus-22x30-mm","11":"pa_forma-dreptunghiular","12":"pa_garatia-24-luni","13":"pa_korpus-argintiu","14":"pa_kvarc-quartz","15":"pa_material-otel-inoxidabil","16":"pa_mehanizm-quartz","17":"pa_remeshok-gri","18":"pa_steklo-hardlex-crystal","19":"pa_strana-japonia","20":"pa_voda-5-atm","22":"first","23":"instock","24":"purchasable","25":"product-type-simple"},"acf":[],"_links":{"self":[{"href":"https:\/\/ceasuri.md\/ru\/wp-json\/wp\/v2\/product\/60182","targetHints":{"allow":["GET"]}}],"collection":[{"href":"https:\/\/ceasuri.md\/ru\/wp-json\/wp\/v2\/product"}],"about":[{"href":"https:\/\/ceasuri.md\/ru\/wp-json\/wp\/v2\/types\/product"}],"replies":[{"embeddable":true,"href":"https:\/\/ceasuri.md\/ru\/wp-json\/wp\/v2\/comments?post=60182"}],"wp:featuredmedia":[{"embeddable":true,"href":"https:\/\/ceasuri.md\/ru\/wp-json\/wp\/v2\/media\/60183"}],"wp:attachment":[{"href":"https:\/\/ceasuri.md\/ru\/wp-json\/wp\/v2\/media?parent=60182"}],"wp:term":[{"taxonomy":"product_brand","embeddable":true,"href":"https:\/\/ceasuri.md\/ru\/wp-json\/wp\/v2\/product_brand?post=60182"},{"taxonomy":"product_cat","embeddable":true,"href":"https:\/\/ceasuri.md\/ru\/wp-json\/wp\/v2\/product_cat?post=60182"},{"taxonomy":"product_tag","embeddable":true,"href":"https:\/\/ceasuri.md\/ru\/wp-json\/wp\/v2\/product_tag?post=60182"}],"curies":[{"name":"wp","href":"https:\/\/api.w.org\/{rel}","templated":true}]}}