{"id":60178,"date":"2026-04-03T01:09:36","date_gmt":"2026-04-02T22:09:36","guid":{"rendered":"http:\/\/new.ceasuri.md\/shop\/uncategorized\/seiko-classic-swr100p1\/"},"modified":"2026-04-07T05:07:06","modified_gmt":"2026-04-07T02:07:06","slug":"seiko-classic-swr100p1","status":"publish","type":"product","link":"https:\/\/ceasuri.md\/ru\/shop\/branduri\/seiko\/seiko-classic-swr100p1\/","title":{"rendered":"Ceas SEIKO CLASSIC SWR100P1"},"content":{"rendered":"<p>Acest model este combina\u021bia perfect\u0103 \u00eentre stilul clasic \u0219i calitatea japonez\u0103. Carcasa dreptunghiular\u0103 cu acoperire aurie, \u00een tandem cu curea din piele natural\u0103 cu imprimeu crocodil, subliniaz\u0103 gustul rafinat al proprietarului.<\/p>\n<p>Cadranul alb perlat cu cifre romane este realizat \u00een spiritul retro-clasic \u0219i asigur\u0103 o lizibilitate excelent\u0103.<\/p>\n<p>Mecanismul quartz fiabil garanteaz\u0103 o func\u021bionare precis\u0103 \u0219i f\u0103r\u0103 \u00eentreruperi \u00een orice condi\u021bii.<\/p>\n<p>Este alegerea celor care apreciaz\u0103 rafinamentul, fiabilitatea \u0219i stilul. Ideal at\u00e2t pentru uzul zilnic, c\u00e2t \u0219i pentru ocazii speciale.<\/p>","protected":false},"excerpt":{"rendered":"<p>Acest model este combina\u021bia perfect\u0103 \u00eentre stilul clasic \u0219i calitatea japonez\u0103. Carcasa dreptunghiular\u0103 cu acoperire aurie, \u00een tandem cu curea din piele natural\u0103 cu imprimeu crocodil, subliniaz\u0103 gustul rafinat al proprietarului. Cadranul alb perlat cu cifre romane este realizat \u00een spiritul retro-clasic \u0219i asigur\u0103 o lizibilitate excelent\u0103. Mecanismul quartz fiabil garanteaz\u0103 o func\u021bionare precis\u0103 \u0219i [&hellip;]<\/p>\n","protected":false},"featured_media":60179,"comment_status":"closed","ping_status":"open","template":"","meta":{"_acf_changed":false},"product_brand":[],"product_cat":[25,588],"product_tag":[],"class_list":{"0":"post-60178","1":"product","2":"type-product","3":"status-publish","4":"has-post-thumbnail","6":"product_cat-ceasuri-dama","7":"product_cat-seiko","8":"pa_brand-seiko","9":"pa_braslet-piele","10":"pa_corpus-22x30-mm","11":"pa_forma-dreptunghiular","12":"pa_garatia-24-luni","13":"pa_korpus-auriu","14":"pa_material-otel-inoxidabil","15":"pa_mehanizm-quartz","16":"pa_remeshok-maro","17":"pa_steklo-hardlex-crystal","18":"pa_strana-japonia","19":"pa_voda-5-atm","21":"first","22":"instock","23":"purchasable","24":"product-type-simple"},"acf":[],"_links":{"self":[{"href":"https:\/\/ceasuri.md\/ru\/wp-json\/wp\/v2\/product\/60178","targetHints":{"allow":["GET"]}}],"collection":[{"href":"https:\/\/ceasuri.md\/ru\/wp-json\/wp\/v2\/product"}],"about":[{"href":"https:\/\/ceasuri.md\/ru\/wp-json\/wp\/v2\/types\/product"}],"replies":[{"embeddable":true,"href":"https:\/\/ceasuri.md\/ru\/wp-json\/wp\/v2\/comments?post=60178"}],"wp:featuredmedia":[{"embeddable":true,"href":"https:\/\/ceasuri.md\/ru\/wp-json\/wp\/v2\/media\/60179"}],"wp:attachment":[{"href":"https:\/\/ceasuri.md\/ru\/wp-json\/wp\/v2\/media?parent=60178"}],"wp:term":[{"taxonomy":"product_brand","embeddable":true,"href":"https:\/\/ceasuri.md\/ru\/wp-json\/wp\/v2\/product_brand?post=60178"},{"taxonomy":"product_cat","embeddable":true,"href":"https:\/\/ceasuri.md\/ru\/wp-json\/wp\/v2\/product_cat?post=60178"},{"taxonomy":"product_tag","embeddable":true,"href":"https:\/\/ceasuri.md\/ru\/wp-json\/wp\/v2\/product_tag?post=60178"}],"curies":[{"name":"wp","href":"https:\/\/api.w.org\/{rel}","templated":true}]}}