{"id":60173,"date":"2026-04-03T01:09:36","date_gmt":"2026-04-02T22:09:36","guid":{"rendered":"http:\/\/new.ceasuri.md\/shop\/uncategorized\/seiko-classic-swr103p1\/"},"modified":"2026-04-20T01:53:24","modified_gmt":"2026-04-19T22:53:24","slug":"seiko-classic-swr103p1","status":"publish","type":"product","link":"https:\/\/ceasuri.md\/ru\/shop\/branduri\/seiko\/seiko-classic-swr103p1\/","title":{"rendered":"\u0427\u0430\u0441\u044b SEIKO CLASSIC SWR103P1"},"content":{"rendered":"<p>Elegan\u021b\u0103 atemporal\u0103 \u2014 acest model \u00eentruchipeaz\u0103 clasicul sobru \u0219i stilul rafinat.<\/p>\n<p>Carcasa dreptunghiular\u0103 din o\u021bel inoxidabil este realizat\u0103 \u00een culoarea argintie, subliniind stricte\u021bea \u0219i elegan\u021ba formei. Cadranul alb este protejat de sticl\u0103 de safir \u0219i are un design minimalist: cifrele romane \u0219i acul creeaz\u0103 o imagine curat\u0103 \u0219i armonioas\u0103.<\/p>\n<p>Carcasa sub\u021bire \u0219i dimensiunile compacte fac din acest model alegerea ideal\u0103 pentru uzul zilnic \u0219i stilul business. Cureaua confortabil\u0103 din piele neagr\u0103, cu imprimeu crocodil, se fixeaz\u0103 bine pe \u00eencheietura m\u00e2inii \u0219i completeaz\u0103 aspectul rafinat al ceasului.<\/p>\n<p>Mecanismul bazat pe cuar\u021b japonez fiabil asigur\u0103 o precizie ridicat\u0103 a mersului.<\/p>\n<p>Impermeabilitatea de 3 ATM protejeaz\u0103 ceasul de stropi accidentale.<\/p>","protected":false},"excerpt":{"rendered":"<p>Elegan\u021b\u0103 atemporal\u0103 \u2014 acest model \u00eentruchipeaz\u0103 clasicul sobru \u0219i stilul rafinat. Carcasa dreptunghiular\u0103 din o\u021bel inoxidabil este realizat\u0103 \u00een culoarea argintie, subliniind stricte\u021bea \u0219i elegan\u021ba formei. Cadranul alb este protejat de sticl\u0103 de safir \u0219i are un design minimalist: cifrele romane \u0219i acul creeaz\u0103 o imagine curat\u0103 \u0219i armonioas\u0103. Carcasa sub\u021bire \u0219i dimensiunile compacte fac [&hellip;]<\/p>\n","protected":false},"featured_media":60174,"comment_status":"closed","ping_status":"open","template":"","meta":{"_acf_changed":false},"product_brand":[],"product_cat":[20,588],"product_tag":[],"class_list":{"0":"post-60173","1":"product","2":"type-product","3":"status-publish","4":"has-post-thumbnail","6":"product_cat-ceasuri-barbati","7":"product_cat-seiko","8":"pa_brand-seiko","9":"pa_braslet-piele","10":"pa_corpus-28x40-mm","11":"pa_forma-dreptunghiular","12":"pa_garatia-24-luni","13":"pa_korpus-argintiu","14":"pa_kvarc-quartz","15":"pa_material-otel-inoxidabil","16":"pa_mehanizm-quartz","17":"pa_remeshok-negru","18":"pa_steklo-cristal-safir","19":"pa_strana-japonia","20":"pa_voda-3-atm","22":"first","23":"instock","24":"purchasable","25":"product-type-simple"},"acf":[],"_links":{"self":[{"href":"https:\/\/ceasuri.md\/ru\/wp-json\/wp\/v2\/product\/60173","targetHints":{"allow":["GET"]}}],"collection":[{"href":"https:\/\/ceasuri.md\/ru\/wp-json\/wp\/v2\/product"}],"about":[{"href":"https:\/\/ceasuri.md\/ru\/wp-json\/wp\/v2\/types\/product"}],"replies":[{"embeddable":true,"href":"https:\/\/ceasuri.md\/ru\/wp-json\/wp\/v2\/comments?post=60173"}],"wp:featuredmedia":[{"embeddable":true,"href":"https:\/\/ceasuri.md\/ru\/wp-json\/wp\/v2\/media\/60174"}],"wp:attachment":[{"href":"https:\/\/ceasuri.md\/ru\/wp-json\/wp\/v2\/media?parent=60173"}],"wp:term":[{"taxonomy":"product_brand","embeddable":true,"href":"https:\/\/ceasuri.md\/ru\/wp-json\/wp\/v2\/product_brand?post=60173"},{"taxonomy":"product_cat","embeddable":true,"href":"https:\/\/ceasuri.md\/ru\/wp-json\/wp\/v2\/product_cat?post=60173"},{"taxonomy":"product_tag","embeddable":true,"href":"https:\/\/ceasuri.md\/ru\/wp-json\/wp\/v2\/product_tag?post=60173"}],"curies":[{"name":"wp","href":"https:\/\/api.w.org\/{rel}","templated":true}]}}