{"id":60157,"date":"2026-04-03T01:09:36","date_gmt":"2026-04-02T22:09:36","guid":{"rendered":"http:\/\/new.ceasuri.md\/shop\/uncategorized\/ice-watch-ice-ola-kids-014427\/"},"modified":"2026-04-19T17:32:25","modified_gmt":"2026-04-19T14:32:25","slug":"ice-watch-ice-ola-kids-014427","status":"publish","type":"product","link":"https:\/\/ceasuri.md\/ru\/shop\/branduri\/ice-watch\/ice-watch-ice-ola-kids-014427\/","title":{"rendered":"ICE-WATCH ICE ola kids 014427"},"content":{"rendered":"<p>Ice-Watch nu este doar un dispozitiv pentru m\u0103surarea timpului, ci \u0219i un accesoriu elegant \u0219i o parte a imaginii. Ice-Watch \u0219i-a \u00eenceput activitatea \u00een 2007 \u00een Belgia. Ast\u0103zi, ceasurile acestui brand pot fi achizi\u021bionate \u00een peste 80 de \u021b\u0103ri, de pe toate continentele.<\/p>\n<p>Caracteristica principal\u0103 a ceasurilor acestui brand este un design \u00een culori vii. \u00centreaga palet\u0103 de culori pentru imaginea ta! Aceste ceasuri sunt preg\u0103tite pentru experimentare! S\u0103 ne juc\u0103m cu culorile!<\/p>\n<p>Combinarea articolelor foarte scumpe cu cele mai accesibile este deosebit de popular\u0103 ast\u0103zi. Pre\u021bul accesibil al Ice-Watch \u00eenseamn\u0103 c\u0103 oricine \u00ee\u0219i poate permite s\u0103 cumpere mai multe modele deodat\u0103, pe care le va schimba \u00een func\u021bie de starea de spirit \u0219i de stilul vestimentar.<\/p>\n<p>Motto-ul Ice-Watch este \u201eSchimb\u0103, pentru c\u0103 po\u021bi\u201d!<\/p>\n<p>\u00cendr\u0103gosti\u021bi-v\u0103 de ICE ola kids &#8211; Rocket! Aceste ceasuri mici \u0219i moi din silicon, de culoare electric\u0103, cu detalii galbene fluorescente, vor ad\u0103uga o not\u0103 vesel\u0103 \u0219i colorat\u0103 oric\u0103rei \u021binute a copilului dumneavoastr\u0103.<\/p>","protected":false},"excerpt":{"rendered":"<p>Ice-Watch nu este doar un dispozitiv pentru m\u0103surarea timpului, ci \u0219i un accesoriu elegant \u0219i o parte a imaginii. Ice-Watch \u0219i-a \u00eenceput activitatea \u00een 2007 \u00een Belgia. Ast\u0103zi, ceasurile acestui brand pot fi achizi\u021bionate \u00een peste 80 de \u021b\u0103ri, de pe toate continentele. Caracteristica principal\u0103 a ceasurilor acestui brand este un design \u00een culori vii. [&hellip;]<\/p>\n","protected":false},"featured_media":60158,"comment_status":"closed","ping_status":"open","template":"","meta":{"_acf_changed":false},"product_brand":[],"product_cat":[635,566,565],"product_tag":[],"class_list":{"0":"post-60157","1":"product","2":"type-product","3":"status-publish","4":"has-post-thumbnail","6":"product_cat-ice-watch","7":"product_cat-pentru-barbati","8":"product_cat-pentru-fete","9":"pa_brand-ice-watch","10":"pa_braslet-silicon","11":"pa_corpus-34-mm","12":"pa_forma-rotund","13":"pa_garatia-24-luni","14":"pa_korpus-albastru-inchis","15":"pa_kvarc-quartz","16":"pa_material-silicon","17":"pa_mehanizm-quartz","18":"pa_remeshok-albastru-inchis","19":"pa_remeshok-galben","20":"pa_steklo-cristal-mineral","21":"pa_strana-belgia","22":"pa_voda-10-atm","24":"first","25":"instock","26":"purchasable","27":"product-type-simple"},"acf":[],"_links":{"self":[{"href":"https:\/\/ceasuri.md\/ru\/wp-json\/wp\/v2\/product\/60157","targetHints":{"allow":["GET"]}}],"collection":[{"href":"https:\/\/ceasuri.md\/ru\/wp-json\/wp\/v2\/product"}],"about":[{"href":"https:\/\/ceasuri.md\/ru\/wp-json\/wp\/v2\/types\/product"}],"replies":[{"embeddable":true,"href":"https:\/\/ceasuri.md\/ru\/wp-json\/wp\/v2\/comments?post=60157"}],"wp:featuredmedia":[{"embeddable":true,"href":"https:\/\/ceasuri.md\/ru\/wp-json\/wp\/v2\/media\/60158"}],"wp:attachment":[{"href":"https:\/\/ceasuri.md\/ru\/wp-json\/wp\/v2\/media?parent=60157"}],"wp:term":[{"taxonomy":"product_brand","embeddable":true,"href":"https:\/\/ceasuri.md\/ru\/wp-json\/wp\/v2\/product_brand?post=60157"},{"taxonomy":"product_cat","embeddable":true,"href":"https:\/\/ceasuri.md\/ru\/wp-json\/wp\/v2\/product_cat?post=60157"},{"taxonomy":"product_tag","embeddable":true,"href":"https:\/\/ceasuri.md\/ru\/wp-json\/wp\/v2\/product_tag?post=60157"}],"curies":[{"name":"wp","href":"https:\/\/api.w.org\/{rel}","templated":true}]}}