{"id":60060,"date":"2026-04-03T01:08:40","date_gmt":"2026-04-02T22:08:40","guid":{"rendered":"http:\/\/new.ceasuri.md\/shop\/uncategorized\/ice-watch-ice-learning-024501\/"},"modified":"2026-04-19T17:32:58","modified_gmt":"2026-04-19T14:32:58","slug":"ice-watch-ice-learning-024501","status":"publish","type":"product","link":"https:\/\/ceasuri.md\/ru\/shop\/branduri\/ice-watch\/ice-watch-ice-learning-024501\/","title":{"rendered":"ICE-WATCH ICE learning 024501"},"content":{"rendered":"<p>Ice-Watch nu este doar un dispozitiv pentru m\u0103surarea timpului, ci \u0219i un accesoriu elegant \u0219i o parte a imaginii. Ice-Watch \u0219i-a \u00eenceput activitatea \u00een 2007 \u00een Belgia. Ast\u0103zi, ceasurile acestui brand pot fi achizi\u021bionate \u00een peste 80 de \u021b\u0103ri, de pe toate continentele.<\/p>\n<p>Caracteristica principal\u0103 a ceasurilor acestui brand este un design \u00een culori vii. \u00centreaga palet\u0103 de culori pentru imaginea ta! Aceste ceasuri sunt preg\u0103tite pentru experimentare! S\u0103 ne juc\u0103m cu culorile!<\/p>\n<p>Combinarea articolelor foarte scumpe cu cele mai accesibile este deosebit de popular\u0103 ast\u0103zi. Pre\u021bul accesibil al Ice-Watch \u00eenseamn\u0103 c\u0103 oricine \u00ee\u0219i poate permite s\u0103 cumpere mai multe modele deodat\u0103, pe care le va schimba \u00een func\u021bie de starea de spirit \u0219i de stilul vestimentar.<\/p>\n<p>Motto-ul Ice-Watch este \u201eSchimb\u0103, pentru c\u0103 po\u021bi\u201d!<\/p>\n<p>Descoperi\u021bi ceasurile ICE time learning \u2013 ceasuri care fac \u00eenv\u0103\u021barea timpului simpl\u0103 \u0219i distractiv\u0103 pentru copii. Aceste ceasuri cu tematic\u0103 captivant\u0103 despre dinozauri \u00eei vor transporta pe proprietarii lor \u00een era dinozaurilor, servind \u00een acela\u0219i timp ca un instrument de \u00eenv\u0103\u021bare indispensabil. Ceasurile ICE time learning sunt u\u0219or de citit \u0219i confortabile de purtat, devenind parte din \u00eenv\u0103\u021barea zilnic\u0103 a copilului dumneavoastr\u0103 \u00eentr-un mod distractiv \u0219i elegant.<\/p>","protected":false},"excerpt":{"rendered":"<p>Ice-Watch nu este doar un dispozitiv pentru m\u0103surarea timpului, ci \u0219i un accesoriu elegant \u0219i o parte a imaginii. Ice-Watch \u0219i-a \u00eenceput activitatea \u00een 2007 \u00een Belgia. Ast\u0103zi, ceasurile acestui brand pot fi achizi\u021bionate \u00een peste 80 de \u021b\u0103ri, de pe toate continentele. Caracteristica principal\u0103 a ceasurilor acestui brand este un design \u00een culori vii. [&hellip;]<\/p>\n","protected":false},"featured_media":60061,"comment_status":"closed","ping_status":"open","template":"","meta":{"_acf_changed":false},"product_brand":[],"product_cat":[635,566],"product_tag":[],"class_list":{"0":"post-60060","1":"product","2":"type-product","3":"status-publish","4":"has-post-thumbnail","6":"product_cat-ice-watch","7":"product_cat-pentru-barbati","8":"pa_brand-ice-watch","9":"pa_braslet-neilon","10":"pa_corpus-28-mm","11":"pa_forma-rotund","12":"pa_garatia-24-luni","13":"pa_korpus-verde","14":"pa_kvarc-quartz","15":"pa_material-plastic","16":"pa_mehanizm-quartz","17":"pa_remeshok-albastru","18":"pa_steklo-plastic","19":"pa_strana-belgia","20":"pa_voda-3-atm","22":"first","23":"instock","24":"purchasable","25":"product-type-simple"},"acf":[],"_links":{"self":[{"href":"https:\/\/ceasuri.md\/ru\/wp-json\/wp\/v2\/product\/60060","targetHints":{"allow":["GET"]}}],"collection":[{"href":"https:\/\/ceasuri.md\/ru\/wp-json\/wp\/v2\/product"}],"about":[{"href":"https:\/\/ceasuri.md\/ru\/wp-json\/wp\/v2\/types\/product"}],"replies":[{"embeddable":true,"href":"https:\/\/ceasuri.md\/ru\/wp-json\/wp\/v2\/comments?post=60060"}],"wp:featuredmedia":[{"embeddable":true,"href":"https:\/\/ceasuri.md\/ru\/wp-json\/wp\/v2\/media\/60061"}],"wp:attachment":[{"href":"https:\/\/ceasuri.md\/ru\/wp-json\/wp\/v2\/media?parent=60060"}],"wp:term":[{"taxonomy":"product_brand","embeddable":true,"href":"https:\/\/ceasuri.md\/ru\/wp-json\/wp\/v2\/product_brand?post=60060"},{"taxonomy":"product_cat","embeddable":true,"href":"https:\/\/ceasuri.md\/ru\/wp-json\/wp\/v2\/product_cat?post=60060"},{"taxonomy":"product_tag","embeddable":true,"href":"https:\/\/ceasuri.md\/ru\/wp-json\/wp\/v2\/product_tag?post=60060"}],"curies":[{"name":"wp","href":"https:\/\/api.w.org\/{rel}","templated":true}]}}