{"id":60036,"date":"2026-04-03T01:07:45","date_gmt":"2026-04-02T22:07:45","guid":{"rendered":"http:\/\/new.ceasuri.md\/shop\/uncategorized\/ice-watch-ice-find-024917\/"},"modified":"2026-04-19T17:33:07","modified_gmt":"2026-04-19T14:33:07","slug":"ice-watch-ice-find-024917","status":"publish","type":"product","link":"https:\/\/ceasuri.md\/ru\/shop\/branduri\/ice-watch\/ice-watch-ice-find-024917\/","title":{"rendered":"\u0427\u0430\u0441\u044b ICE-WATCH ICE find 024917"},"content":{"rendered":"<p>Ice-Watch nu este doar un dispozitiv pentru m\u0103surarea timpului, ci \u0219i un accesoriu elegant \u0219i o parte a imaginii. Ice-Watch \u0219i-a \u00eenceput activitatea \u00een 2007 \u00een Belgia. Ast\u0103zi, ceasurile acestui brand pot fi achizi\u021bionate \u00een peste 80 de \u021b\u0103ri, de pe toate continentele.<\/p>\n<p>Caracteristica principal\u0103 a ceasurilor acestui brand este un design \u00een culori vii. \u00centreaga palet\u0103 de culori pentru imaginea ta! Aceste ceasuri sunt preg\u0103tite pentru experimentare! S\u0103 ne juc\u0103m cu culorile!<\/p>\n<p>Combinarea articolelor foarte scumpe cu cele mai accesibile este deosebit de popular\u0103 ast\u0103zi. Pre\u021bul accesibil al Ice-Watch \u00eenseamn\u0103 c\u0103 oricine \u00ee\u0219i poate permite s\u0103 cumpere mai multe modele deodat\u0103, pe care le va schimba \u00een func\u021bie de starea de spirit \u0219i de stilul vestimentar.<\/p>\n<p>Motto-ul Ice-Watch este \u201eSchimb\u0103, pentru c\u0103 po\u021bi\u201d!<\/p>\n<p>\u00cendr\u0103zne\u021b \u0219i rafinat, ceasul ICE find Black Gold este potrivit at\u00e2t pentru tineri, c\u00e2t \u0219i pentru persoanele \u00een v\u00e2rst\u0103 care caut\u0103 un ceas practic \u0219i la mod\u0103.<\/p>\n<p>Acesta este primul ceas cu cuar\u021b care combin\u0103 lizibilitatea \u0219i siguran\u021ba. Culoarea sa neagr\u0103 cu accente aurii va completa orice \u021binut\u0103!<\/p>\n<p>Datorit\u0103 tehnologiei Apple Find My \u00eencorporate, g\u0103sirea ceasului \u00een cazul \u00een care este pierdut sau uitat a devenit mai u\u0219oar\u0103 ca niciodat\u0103. Un companion ideal, care combin\u0103 estetica \u0219i lini\u0219tea sufleteasc\u0103.<\/p>","protected":false},"excerpt":{"rendered":"<p>Ice-Watch nu este doar un dispozitiv pentru m\u0103surarea timpului, ci \u0219i un accesoriu elegant \u0219i o parte a imaginii. Ice-Watch \u0219i-a \u00eenceput activitatea \u00een 2007 \u00een Belgia. Ast\u0103zi, ceasurile acestui brand pot fi achizi\u021bionate \u00een peste 80 de \u021b\u0103ri, de pe toate continentele. Caracteristica principal\u0103 a ceasurilor acestui brand este un design \u00een culori vii. [&hellip;]<\/p>\n","protected":false},"featured_media":60037,"comment_status":"closed","ping_status":"open","template":"","meta":{"_acf_changed":false},"product_brand":[],"product_cat":[25,635],"product_tag":[],"class_list":{"0":"post-60036","1":"product","2":"type-product","3":"status-publish","4":"has-post-thumbnail","6":"product_cat-ceasuri-dama","7":"product_cat-ice-watch","8":"pa_brand-ice-watch","9":"pa_braslet-silicon","10":"pa_corpus-34-mm","11":"pa_forma-rotund","12":"pa_funcii-apple-find-my","13":"pa_garatia-24-luni","14":"pa_korpus-negru","15":"pa_kvarc-quartz","16":"pa_material-plastic","17":"pa_mehanizm-quartz","18":"pa_remeshok-auriu","19":"pa_remeshok-negru","20":"pa_steklo-plastic","21":"pa_strana-belgia","22":"pa_voda-3-atm","24":"first","25":"instock","26":"purchasable","27":"product-type-simple"},"acf":[],"_links":{"self":[{"href":"https:\/\/ceasuri.md\/ru\/wp-json\/wp\/v2\/product\/60036","targetHints":{"allow":["GET"]}}],"collection":[{"href":"https:\/\/ceasuri.md\/ru\/wp-json\/wp\/v2\/product"}],"about":[{"href":"https:\/\/ceasuri.md\/ru\/wp-json\/wp\/v2\/types\/product"}],"replies":[{"embeddable":true,"href":"https:\/\/ceasuri.md\/ru\/wp-json\/wp\/v2\/comments?post=60036"}],"wp:featuredmedia":[{"embeddable":true,"href":"https:\/\/ceasuri.md\/ru\/wp-json\/wp\/v2\/media\/60037"}],"wp:attachment":[{"href":"https:\/\/ceasuri.md\/ru\/wp-json\/wp\/v2\/media?parent=60036"}],"wp:term":[{"taxonomy":"product_brand","embeddable":true,"href":"https:\/\/ceasuri.md\/ru\/wp-json\/wp\/v2\/product_brand?post=60036"},{"taxonomy":"product_cat","embeddable":true,"href":"https:\/\/ceasuri.md\/ru\/wp-json\/wp\/v2\/product_cat?post=60036"},{"taxonomy":"product_tag","embeddable":true,"href":"https:\/\/ceasuri.md\/ru\/wp-json\/wp\/v2\/product_tag?post=60036"}],"curies":[{"name":"wp","href":"https:\/\/api.w.org\/{rel}","templated":true}]}}