{"id":60015,"date":"2026-04-03T01:07:45","date_gmt":"2026-04-02T22:07:45","guid":{"rendered":"http:\/\/new.ceasuri.md\/shop\/uncategorized\/ice-watch-ice-smart-junior-3-0-024295\/"},"modified":"2026-04-19T17:33:11","modified_gmt":"2026-04-19T14:33:11","slug":"ice-watch-ice-smart-junior-3-0-024295","status":"publish","type":"product","link":"https:\/\/ceasuri.md\/ru\/shop\/branduri\/ice-watch\/ice-watch-ice-smart-junior-3-0-024295\/","title":{"rendered":"ICE-WATCH ICE smart junior 3.0 024295"},"content":{"rendered":"<p>Ice-Watch nu este doar un dispozitiv pentru m\u0103surarea timpului, ci \u0219i un accesoriu elegant \u0219i o parte a imaginii. Ice-Watch \u0219i-a \u00eenceput activitatea \u00een 2007 \u00een Belgia. Ast\u0103zi, ceasurile acestui brand pot fi achizi\u021bionate \u00een peste 80 de \u021b\u0103ri, de pe toate continentele.<\/p>\n<p>Caracteristica principal\u0103 a ceasurilor acestui brand este un design \u00een culori vii. \u00centreaga palet\u0103 de culori pentru imaginea ta! Aceste ceasuri sunt preg\u0103tite pentru experimentare! S\u0103 ne juc\u0103m cu culorile!<\/p>\n<p>Combinarea articolelor foarte scumpe cu cele mai accesibile este deosebit de popular\u0103 ast\u0103zi. Pre\u021bul accesibil al Ice-Watch \u00eenseamn\u0103 c\u0103 oricine \u00ee\u0219i poate permite s\u0103 cumpere mai multe modele deodat\u0103, pe care le va schimba \u00een func\u021bie de starea de spirit \u0219i de stilul vestimentar.<\/p>\n<p>Motto-ul Ice-Watch este \u201eSchimb\u0103, pentru c\u0103 po\u021bi\u201d!<\/p>\n<p>Copiii vor putea purta ceasuri identice cu cele ale mamei sau tat\u0103lui, gra\u021bie ICE smart junior 3.0. Aceste ceasuri inteligente la mod\u0103, cu un ecran AMOLED luminos \u0219i puternic, sunt \u00een concordan\u021b\u0103 cu ADN-ul m\u0103rcii Ice-Watch \u0219i vor fi cu siguran\u021b\u0103 pe placul copiilor cu v\u00e2rste cuprinse \u00eentre 6 \u0219i 10 ani.<\/p>\n<p>Conectat (sau nu) la smartphone, acesta ofer\u0103 diverse func\u021bii, cum ar fi trimiterea de SMS-uri \u0219i primirea de notific\u0103ri (dac\u0103 este conectat la telefon), num\u0103rarea pa\u0219ilor, modul sport, acces la numeroase jocuri \u0219i multe altele&#8230;<\/p>\n<p>Cadranele pot fi schimbate \u00een func\u021bie de starea de spirit. Func\u021bia de control parental permite p\u0103rin\u021bilor s\u0103 stabileasc\u0103 c\u00e2teva reguli pentru ceasul copilului.<\/p>","protected":false},"excerpt":{"rendered":"<p>Ice-Watch nu este doar un dispozitiv pentru m\u0103surarea timpului, ci \u0219i un accesoriu elegant \u0219i o parte a imaginii. Ice-Watch \u0219i-a \u00eenceput activitatea \u00een 2007 \u00een Belgia. Ast\u0103zi, ceasurile acestui brand pot fi achizi\u021bionate \u00een peste 80 de \u021b\u0103ri, de pe toate continentele. Caracteristica principal\u0103 a ceasurilor acestui brand este un design \u00een culori vii. [&hellip;]<\/p>\n","protected":false},"featured_media":60016,"comment_status":"closed","ping_status":"open","template":"","meta":{"_acf_changed":false},"product_brand":[],"product_cat":[635,566,565],"product_tag":[],"class_list":{"0":"post-60015","1":"product","2":"type-product","3":"status-publish","4":"has-post-thumbnail","6":"product_cat-ice-watch","7":"product_cat-pentru-barbati","8":"product_cat-pentru-fete","9":"pa_brand-ice-watch","10":"pa_braslet-silicon","11":"pa_corpus-35x42mm","12":"pa_forma-dreptunghiular","13":"pa_funcii-alarma","14":"pa_funcii-bluetooth-smart","15":"pa_funcii-calendar","16":"pa_funcii-cronometru","17":"pa_funcii-iluminare","18":"pa_funcii-monitor-de-puls","19":"pa_funcii-pedometru","20":"pa_garatia-24-luni","21":"pa_korpus-albastru-inchis","22":"pa_kvarc-quartz","23":"pa_material-plastic","24":"pa_mehanizm-quartz","25":"pa_remeshok-albastru-inchis","26":"pa_remeshok-verde","27":"pa_steklo-cristal-mineral","28":"pa_strana-belgia","29":"pa_voda-3-atm","31":"first","32":"instock","33":"purchasable","34":"product-type-simple"},"acf":[],"_links":{"self":[{"href":"https:\/\/ceasuri.md\/ru\/wp-json\/wp\/v2\/product\/60015","targetHints":{"allow":["GET"]}}],"collection":[{"href":"https:\/\/ceasuri.md\/ru\/wp-json\/wp\/v2\/product"}],"about":[{"href":"https:\/\/ceasuri.md\/ru\/wp-json\/wp\/v2\/types\/product"}],"replies":[{"embeddable":true,"href":"https:\/\/ceasuri.md\/ru\/wp-json\/wp\/v2\/comments?post=60015"}],"wp:featuredmedia":[{"embeddable":true,"href":"https:\/\/ceasuri.md\/ru\/wp-json\/wp\/v2\/media\/60016"}],"wp:attachment":[{"href":"https:\/\/ceasuri.md\/ru\/wp-json\/wp\/v2\/media?parent=60015"}],"wp:term":[{"taxonomy":"product_brand","embeddable":true,"href":"https:\/\/ceasuri.md\/ru\/wp-json\/wp\/v2\/product_brand?post=60015"},{"taxonomy":"product_cat","embeddable":true,"href":"https:\/\/ceasuri.md\/ru\/wp-json\/wp\/v2\/product_cat?post=60015"},{"taxonomy":"product_tag","embeddable":true,"href":"https:\/\/ceasuri.md\/ru\/wp-json\/wp\/v2\/product_tag?post=60015"}],"curies":[{"name":"wp","href":"https:\/\/api.w.org\/{rel}","templated":true}]}}