{"id":59988,"date":"2026-04-03T01:07:45","date_gmt":"2026-04-02T22:07:45","guid":{"rendered":"http:\/\/new.ceasuri.md\/shop\/uncategorized\/ice-watch-ice-smart-3-0-024303\/"},"modified":"2026-04-19T17:33:31","modified_gmt":"2026-04-19T14:33:31","slug":"ice-watch-ice-smart-3-0-024303","status":"publish","type":"product","link":"https:\/\/ceasuri.md\/ru\/shop\/branduri\/ice-watch\/ice-watch-ice-smart-3-0-024303\/","title":{"rendered":"\u0427\u0430\u0441\u044b ICE-WATCH ICE smart 3.0 024303"},"content":{"rendered":"<p>Ice-Watch nu este doar un dispozitiv pentru m\u0103surarea timpului, ci \u0219i un accesoriu elegant \u0219i o parte a imaginii. Ice-Watch \u0219i-a \u00eenceput activitatea \u00een 2007 \u00een Belgia. Ast\u0103zi, ceasurile acestui brand pot fi achizi\u021bionate \u00een peste 80 de \u021b\u0103ri, de pe toate continentele.<\/p>\n<p>Caracteristica principal\u0103 a ceasurilor acestui brand este un design \u00een culori vii. \u00centreaga palet\u0103 de culori pentru imaginea ta! Aceste ceasuri sunt preg\u0103tite pentru experimentare! S\u0103 ne juc\u0103m cu culorile!<\/p>\n<p>Combinarea articolelor foarte scumpe cu cele mai accesibile este deosebit de popular\u0103 ast\u0103zi. Pre\u021bul accesibil al Ice-Watch \u00eenseamn\u0103 c\u0103 oricine \u00ee\u0219i poate permite s\u0103 cumpere mai multe modele deodat\u0103, pe care le va schimba \u00een func\u021bie de starea de spirit \u0219i de stilul vestimentar.<\/p>\n<p>Motto-ul Ice-Watch este \u201eSchimb\u0103, pentru c\u0103 po\u021bi\u201d!<\/p>\n<p>Descoper\u0103 noul model din gama de ceasuri inteligente Ice-Watch: ICE smart 3.0. Acestea se remarc\u0103 prin designul modern \u0219i ecranul AMOLED mai compact, de 1,78 inci, care asigur\u0103 confort, claritate \u0219i luminozitate.<\/p>\n<p>Fa\u021b\u0103 de versiunea anterioar\u0103, au fost ad\u0103ugate o serie de func\u021bii noi, inclusiv integrarea cu GPS \u0219i compatibilitatea cu aplica\u021bia Strava. \u00cen ceea ce prive\u0219te s\u0103n\u0103tatea, ceasul continu\u0103 s\u0103 monitorizeze to\u021bi indicatorii de baz\u0103. ICE smart 3.0 ofer\u0103, de asemenea, func\u021bia ICE (In Case of Emergency) pentru apeluri de urgen\u021b\u0103.<\/p>","protected":false},"excerpt":{"rendered":"<p>Ice-Watch nu este doar un dispozitiv pentru m\u0103surarea timpului, ci \u0219i un accesoriu elegant \u0219i o parte a imaginii. Ice-Watch \u0219i-a \u00eenceput activitatea \u00een 2007 \u00een Belgia. Ast\u0103zi, ceasurile acestui brand pot fi achizi\u021bionate \u00een peste 80 de \u021b\u0103ri, de pe toate continentele. Caracteristica principal\u0103 a ceasurilor acestui brand este un design \u00een culori vii. [&hellip;]<\/p>\n","protected":false},"featured_media":59989,"comment_status":"closed","ping_status":"open","template":"","meta":{"_acf_changed":false},"product_brand":[],"product_cat":[25,635],"product_tag":[],"class_list":{"0":"post-59988","1":"product","2":"type-product","3":"status-publish","4":"has-post-thumbnail","6":"product_cat-ceasuri-dama","7":"product_cat-ice-watch","8":"pa_brand-ice-watch","9":"pa_braslet-silicon","10":"pa_corpus-38x44mm","11":"pa_forma-dreptunghiular","12":"pa_funcii-alarma","13":"pa_funcii-bluetooth-smart","14":"pa_funcii-calendar","15":"pa_funcii-cronometru","16":"pa_funcii-gps","17":"pa_funcii-iluminare","18":"pa_funcii-monitor-de-puls","19":"pa_funcii-pedometru","20":"pa_garatia-24-luni","21":"pa_korpus-roz-gold","22":"pa_kvarc-quartz","23":"pa_material-aluminiu","24":"pa_mehanizm-quartz","25":"pa_remeshok-roz","26":"pa_remeshok-roz-gold","27":"pa_steklo-cristal-mineral","28":"pa_strana-belgia","29":"pa_voda-3-atm","31":"first","32":"instock","33":"purchasable","34":"product-type-simple"},"acf":[],"_links":{"self":[{"href":"https:\/\/ceasuri.md\/ru\/wp-json\/wp\/v2\/product\/59988","targetHints":{"allow":["GET"]}}],"collection":[{"href":"https:\/\/ceasuri.md\/ru\/wp-json\/wp\/v2\/product"}],"about":[{"href":"https:\/\/ceasuri.md\/ru\/wp-json\/wp\/v2\/types\/product"}],"replies":[{"embeddable":true,"href":"https:\/\/ceasuri.md\/ru\/wp-json\/wp\/v2\/comments?post=59988"}],"wp:featuredmedia":[{"embeddable":true,"href":"https:\/\/ceasuri.md\/ru\/wp-json\/wp\/v2\/media\/59989"}],"wp:attachment":[{"href":"https:\/\/ceasuri.md\/ru\/wp-json\/wp\/v2\/media?parent=59988"}],"wp:term":[{"taxonomy":"product_brand","embeddable":true,"href":"https:\/\/ceasuri.md\/ru\/wp-json\/wp\/v2\/product_brand?post=59988"},{"taxonomy":"product_cat","embeddable":true,"href":"https:\/\/ceasuri.md\/ru\/wp-json\/wp\/v2\/product_cat?post=59988"},{"taxonomy":"product_tag","embeddable":true,"href":"https:\/\/ceasuri.md\/ru\/wp-json\/wp\/v2\/product_tag?post=59988"}],"curies":[{"name":"wp","href":"https:\/\/api.w.org\/{rel}","templated":true}]}}