{"id":59981,"date":"2025-09-24T15:04:26","date_gmt":"2025-09-24T12:04:26","guid":{"rendered":"http:\/\/new.ceasuri.md\/shop\/uncategorized\/ice-watch-ice-fit-1-0-024305\/"},"modified":"2026-05-01T19:36:09","modified_gmt":"2026-05-01T16:36:09","slug":"ice-watch-ice-fit-1-0-024305","status":"publish","type":"product","link":"https:\/\/ceasuri.md\/ru\/shop\/branduri\/ice-watch\/ice-watch-ice-fit-1-0-024305\/","title":{"rendered":"\u0427\u0430\u0441\u044b ICE-WATCH ICE fit 1.0 024305"},"content":{"rendered":"<p>Ice-Watch nu este doar un dispozitiv pentru m\u0103surarea timpului, ci \u0219i un accesoriu elegant \u0219i o parte a imaginii. Ice-Watch \u0219i-a \u00eenceput activitatea \u00een 2007 \u00een Belgia. Ast\u0103zi, ceasurile acestui brand pot fi achizi\u021bionate \u00een peste 80 de \u021b\u0103ri, de pe toate continentele.<\/p>\n<p>Caracteristica principal\u0103 a ceasurilor acestui brand este un design \u00een culori vii. \u00centreaga palet\u0103 de culori pentru imaginea ta! Aceste ceasuri sunt preg\u0103tite pentru experimentare! S\u0103 ne juc\u0103m cu culorile!<\/p>\n<p>Combinarea articolelor foarte scumpe cu cele mai accesibile este deosebit de popular\u0103 ast\u0103zi. Pre\u021bul accesibil al Ice-Watch \u00eenseamn\u0103 c\u0103 oricine \u00ee\u0219i poate permite s\u0103 cumpere mai multe modele deodat\u0103, pe care le va schimba \u00een func\u021bie de starea de spirit \u0219i de stilul vestimentar.<\/p>\n<p>Motto-ul Ice-Watch este \u201eSchimb\u0103, pentru c\u0103 po\u021bi\u201d!<\/p>\n<p>Descoperi\u021bi ICE fit \u2014 ceasul inteligent conceput pentru sportivii ambi\u021bio\u0219i \u0219i iubitorii de eficien\u021b\u0103. Datorit\u0103 designului elegant \u0219i func\u021biilor avansate, acesta va deveni partenerul dvs. de \u00eencredere \u00een via\u021ba de zi cu zi.<\/p>\n<p>Pe l\u00e2ng\u0103 apeluri, notific\u0103ri, monitorizarea st\u0103rii de s\u0103n\u0103tate \u0219i alte func\u021bii de zi cu zi, folosi\u021bi receptorul GPS \u00eencorporat pentru a urm\u0103ri cu precizie traseele \u0219i r\u0103m\u00e2ne\u021bi \u00een leg\u0103tur\u0103 cu prietenii dvs. sportivi datorit\u0103 compatibilit\u0103\u021bii cu Strava.<\/p>\n<p>ICE fit este creat pentru a v\u0103 \u00eenso\u021bi \u00een toate realiz\u0103rile dvs. sportive, oferind date \u00een timp real pentru a v\u0103 \u00eembun\u0103t\u0103\u021bi rezultatele \u0219i a v\u0103 atinge obiectivele. Datorit\u0103 memoriei de 4 GB, pute\u021bi asculta melodiile preferate \u00een timpul antrenamentelor.<\/p>","protected":false},"excerpt":{"rendered":"<p>Ice-Watch nu este doar un dispozitiv pentru m\u0103surarea timpului, ci \u0219i un accesoriu elegant \u0219i o parte a imaginii. Ice-Watch \u0219i-a \u00eenceput activitatea \u00een 2007 \u00een Belgia. Ast\u0103zi, ceasurile acestui brand pot fi achizi\u021bionate \u00een peste 80 de \u021b\u0103ri, de pe toate continentele. Caracteristica principal\u0103 a ceasurilor acestui brand este un design \u00een culori vii. [&hellip;]<\/p>\n","protected":false},"featured_media":59982,"comment_status":"closed","ping_status":"open","template":"","meta":{"_acf_changed":false},"product_brand":[],"product_cat":[25,635],"product_tag":[],"class_list":{"0":"post-59981","1":"product","2":"type-product","3":"status-publish","4":"has-post-thumbnail","6":"product_cat-ceasuri-dama","7":"product_cat-ice-watch","8":"pa_brand-ice-watch","9":"pa_braslet-silicon","10":"pa_corpus-38x44mm","11":"pa_forma-dreptunghiular","12":"pa_funcii-alarma","13":"pa_funcii-bluetooth-smart","14":"pa_funcii-calendar","15":"pa_funcii-cronometru","16":"pa_funcii-gps","17":"pa_funcii-iluminare","18":"pa_funcii-monitor-de-puls","19":"pa_funcii-pedometru","20":"pa_garatia-24-luni","21":"pa_korpus-roz-gold","22":"pa_kvarc-quartz","23":"pa_material-aluminiu","24":"pa_mehanizm-quartz","25":"pa_remeshok-roz","26":"pa_remeshok-roz-gold","27":"pa_steklo-cristal-mineral","28":"pa_strana-belgia","29":"pa_voda-3-atm","31":"first","32":"instock","33":"purchasable","34":"product-type-simple"},"acf":[],"_links":{"self":[{"href":"https:\/\/ceasuri.md\/ru\/wp-json\/wp\/v2\/product\/59981","targetHints":{"allow":["GET"]}}],"collection":[{"href":"https:\/\/ceasuri.md\/ru\/wp-json\/wp\/v2\/product"}],"about":[{"href":"https:\/\/ceasuri.md\/ru\/wp-json\/wp\/v2\/types\/product"}],"replies":[{"embeddable":true,"href":"https:\/\/ceasuri.md\/ru\/wp-json\/wp\/v2\/comments?post=59981"}],"wp:featuredmedia":[{"embeddable":true,"href":"https:\/\/ceasuri.md\/ru\/wp-json\/wp\/v2\/media\/59982"}],"wp:attachment":[{"href":"https:\/\/ceasuri.md\/ru\/wp-json\/wp\/v2\/media?parent=59981"}],"wp:term":[{"taxonomy":"product_brand","embeddable":true,"href":"https:\/\/ceasuri.md\/ru\/wp-json\/wp\/v2\/product_brand?post=59981"},{"taxonomy":"product_cat","embeddable":true,"href":"https:\/\/ceasuri.md\/ru\/wp-json\/wp\/v2\/product_cat?post=59981"},{"taxonomy":"product_tag","embeddable":true,"href":"https:\/\/ceasuri.md\/ru\/wp-json\/wp\/v2\/product_tag?post=59981"}],"curies":[{"name":"wp","href":"https:\/\/api.w.org\/{rel}","templated":true}]}}