{"id":59975,"date":"2026-04-03T01:07:45","date_gmt":"2026-04-02T22:07:45","guid":{"rendered":"http:\/\/new.ceasuri.md\/shop\/uncategorized\/ice-watch-ice-smart-junior-3-0-024547\/"},"modified":"2026-04-19T17:33:29","modified_gmt":"2026-04-19T14:33:29","slug":"ice-watch-ice-smart-junior-3-0-024547","status":"publish","type":"product","link":"https:\/\/ceasuri.md\/ru\/shop\/branduri\/ice-watch\/ice-watch-ice-smart-junior-3-0-024547\/","title":{"rendered":"ICE-WATCH ICE smart junior 3.0 024547"},"content":{"rendered":"<p>Ice-Watch nu este doar un dispozitiv pentru m\u0103surarea timpului, ci \u0219i un accesoriu elegant \u0219i o parte a imaginii. Ice-Watch \u0219i-a \u00eenceput activitatea \u00een 2007 \u00een Belgia. Ast\u0103zi, ceasurile acestui brand pot fi achizi\u021bionate \u00een peste 80 de \u021b\u0103ri, de pe toate continentele.<\/p>\n<p>Caracteristica principal\u0103 a ceasurilor acestui brand este un design \u00een culori vii. \u00centreaga palet\u0103 de culori pentru imaginea ta! Aceste ceasuri sunt preg\u0103tite pentru experimentare! S\u0103 ne juc\u0103m cu culorile!<\/p>\n<p>Combinarea articolelor foarte scumpe cu cele mai accesibile este deosebit de popular\u0103 ast\u0103zi. Pre\u021bul accesibil al Ice-Watch \u00eenseamn\u0103 c\u0103 oricine \u00ee\u0219i poate permite s\u0103 cumpere mai multe modele deodat\u0103, pe care le va schimba \u00een func\u021bie de starea de spirit \u0219i de stilul vestimentar.<\/p>\n<p>Motto-ul Ice-Watch este \u201eSchimb\u0103, pentru c\u0103 po\u021bi\u201d!<\/p>\n<p>Ice-Watch prezint\u0103 o noutate unic\u0103 pe pia\u021b\u0103: ceasul inteligent pentru copii ICE smart junior 3.0 Find My cu func\u021bie de geolocalizare. Inova\u021bia cheie este integrarea tehnologiei Apple Find My \u00een ceas. Aceast\u0103 realizare tehnologic\u0103 face mai u\u0219oar\u0103 ca niciodat\u0103 g\u0103sirea ceasului \u00een cazul \u00een care acesta este pierdut sau uitat, oferind un proces captivant \u0219i func\u021bional.<\/p>\n<p>Conectat la iPhone-ul copilului sau al p\u0103rintelui, ceasul ofer\u0103 toate func\u021biile unui ceas inteligent, precum \u0219i tehnologia Find My. Cu ICE smart junior 3.0 Find My, oferim mult mai mult dec\u00e2t un simplu ceas inteligent: oferim o solu\u021bie practic\u0103 pentru familii, care permite g\u0103sirea unui obiect pre\u021bios, cum ar fi ceasul pentru copii, \u00eentr-un design luminos \u0219i modern.<\/p>","protected":false},"excerpt":{"rendered":"<p>Ice-Watch nu este doar un dispozitiv pentru m\u0103surarea timpului, ci \u0219i un accesoriu elegant \u0219i o parte a imaginii. Ice-Watch \u0219i-a \u00eenceput activitatea \u00een 2007 \u00een Belgia. Ast\u0103zi, ceasurile acestui brand pot fi achizi\u021bionate \u00een peste 80 de \u021b\u0103ri, de pe toate continentele. Caracteristica principal\u0103 a ceasurilor acestui brand este un design \u00een culori vii. [&hellip;]<\/p>\n","protected":false},"featured_media":59976,"comment_status":"closed","ping_status":"open","template":"","meta":{"_acf_changed":false},"product_brand":[],"product_cat":[635,566,565],"product_tag":[],"class_list":{"0":"post-59975","1":"product","2":"type-product","3":"status-publish","4":"has-post-thumbnail","6":"product_cat-ice-watch","7":"product_cat-pentru-barbati","8":"product_cat-pentru-fete","9":"pa_brand-ice-watch","10":"pa_braslet-silicon","11":"pa_corpus-35x42mm","12":"pa_forma-dreptunghiular","13":"pa_funcii-alarma","14":"pa_funcii-apple-find-my","15":"pa_funcii-bluetooth-smart","16":"pa_funcii-calendar","17":"pa_funcii-cronometru","18":"pa_funcii-iluminare","19":"pa_funcii-monitor-de-puls","20":"pa_funcii-pedometru","21":"pa_garatia-24-luni","22":"pa_korpus-albastru-inchis","23":"pa_kvarc-quartz","24":"pa_material-plastic","25":"pa_mehanizm-quartz","26":"pa_remeshok-albastru-inchis","27":"pa_remeshok-verde","28":"pa_steklo-cristal-mineral","29":"pa_strana-belgia","30":"pa_voda-3-atm","32":"first","33":"instock","34":"purchasable","35":"product-type-simple"},"acf":[],"_links":{"self":[{"href":"https:\/\/ceasuri.md\/ru\/wp-json\/wp\/v2\/product\/59975","targetHints":{"allow":["GET"]}}],"collection":[{"href":"https:\/\/ceasuri.md\/ru\/wp-json\/wp\/v2\/product"}],"about":[{"href":"https:\/\/ceasuri.md\/ru\/wp-json\/wp\/v2\/types\/product"}],"replies":[{"embeddable":true,"href":"https:\/\/ceasuri.md\/ru\/wp-json\/wp\/v2\/comments?post=59975"}],"wp:featuredmedia":[{"embeddable":true,"href":"https:\/\/ceasuri.md\/ru\/wp-json\/wp\/v2\/media\/59976"}],"wp:attachment":[{"href":"https:\/\/ceasuri.md\/ru\/wp-json\/wp\/v2\/media?parent=59975"}],"wp:term":[{"taxonomy":"product_brand","embeddable":true,"href":"https:\/\/ceasuri.md\/ru\/wp-json\/wp\/v2\/product_brand?post=59975"},{"taxonomy":"product_cat","embeddable":true,"href":"https:\/\/ceasuri.md\/ru\/wp-json\/wp\/v2\/product_cat?post=59975"},{"taxonomy":"product_tag","embeddable":true,"href":"https:\/\/ceasuri.md\/ru\/wp-json\/wp\/v2\/product_tag?post=59975"}],"curies":[{"name":"wp","href":"https:\/\/api.w.org\/{rel}","templated":true}]}}