{"id":59937,"date":"2026-04-03T01:06:37","date_gmt":"2026-04-02T22:06:37","guid":{"rendered":"http:\/\/new.ceasuri.md\/shop\/uncategorized\/orient-sports-mako-75th-anniversary-le-ra-aa0823l39b\/"},"modified":"2026-04-20T01:52:34","modified_gmt":"2026-04-19T22:52:34","slug":"orient-sports-mako-75th-anniversary-le-ra-aa0823l39b","status":"publish","type":"product","link":"https:\/\/ceasuri.md\/ru\/shop\/branduri\/orient\/orient-sports-mako-75th-anniversary-le-ra-aa0823l39b\/","title":{"rendered":"\u0427\u0430\u0441\u044b ORIENT SPORTS Mako 75th Anniversary LE RA-AA0823L39B"},"content":{"rendered":"<p>Modelele pentru scafandri reprezint\u0103 o parte important\u0103 din istoria Orient, \u00eentruchip\u00e2nd tot ceea ce \u00eenseamn\u0103 Orient de la lansarea lor \u00een anii 1960. Aceast\u0103 serie, numit\u0103 afectuos Orient Mako, se bucur\u0103 de o mare popularitate \u00een r\u00e2ndul iubitorilor de ceasuri din \u00eentreaga lume \u00eenc\u0103 de la apari\u021bia sa \u00een 2004, oferind o varietate de culori pentru cadrane \u0219i detalii complexe de design.<\/p>\n<p>\u00cen 2025, Orient s\u0103rb\u0103tore\u0219te 75 de ani de existen\u021b\u0103. Pentru a marca acest eveniment important, Orient a lansat o edi\u021bie limitat\u0103 de 6000 de exemplare Orient Mako.<\/p>\n<p>Modelul evoc\u0103 senza\u021bia zilelor \u00eensorite, cu cerul albastru infinit \u0219i briza u\u0219oar\u0103 a m\u0103rii. Cadranul albastru are un model \u00een relief \u201eraze de soare\u201d \u0219i logo-ul Orient \u00een stil cursiv vintage din anii 1950. Aceste caracteristici subliniaz\u0103 personalitatea ceasului.<\/p>\n<p>Carcasa cu capac posterior \u00een\u0219urubat \u0219i coroan\u0103 \u00een\u0219urubat\u0103 asigur\u0103 o etan\u0219eitate de p\u00e2n\u0103 la 20 bari, iar pe capacul posterior este gravat\u0103 inscrip\u021bia \u201eOrient Since 1950 \u2014 75th Anniversary\u201d.<\/p>\n<p>Pe l\u00e2ng\u0103 designul rafinat \u0219i versatilitatea sa, ceasul are caracteristici de \u00eenalt\u0103 calitate, precum sticl\u0103 de safir, rezisten\u021b\u0103 la ap\u0103 p\u00e2n\u0103 la 20 bari, br\u0103\u021bar\u0103 metalic\u0103 din o\u021bel inoxidabil SUS316L \u0219i mecanism automat calibru F6922, care asigur\u0103 o precizie ridicat\u0103 \u0219i stabil\u0103.<\/p>\n<p>Modelul este practic at\u00e2t pentru purtarea \u00een natur\u0103, c\u00e2t \u0219i \u00een ora\u0219.<\/p>\n<p>Sunt disponibile modelele cu nr. 4900, 4905, 4908 din 6000.<\/p>","protected":false},"excerpt":{"rendered":"<p>Modelele pentru scafandri reprezint\u0103 o parte important\u0103 din istoria Orient, \u00eentruchip\u00e2nd tot ceea ce \u00eenseamn\u0103 Orient de la lansarea lor \u00een anii 1960. Aceast\u0103 serie, numit\u0103 afectuos Orient Mako, se bucur\u0103 de o mare popularitate \u00een r\u00e2ndul iubitorilor de ceasuri din \u00eentreaga lume \u00eenc\u0103 de la apari\u021bia sa \u00een 2004, oferind o varietate de culori [&hellip;]<\/p>\n","protected":false},"featured_media":59938,"comment_status":"closed","ping_status":"open","template":"","meta":{"_acf_changed":false},"product_brand":[],"product_cat":[20,205,596],"product_tag":[],"class_list":{"0":"post-59937","1":"product","2":"type-product","3":"status-publish","4":"has-post-thumbnail","6":"product_cat-ceasuri-barbati","7":"product_cat-limited-edition","8":"product_cat-orient","9":"pa_brand-orient","10":"pa_braslet-otel-inoxidabil","11":"pa_corpus-42-mm","12":"pa_forma-rotund","13":"pa_funcii-data","14":"pa_funcii-limited-edition","15":"pa_funcii-ziua-saptamanii","16":"pa_garatia-24-luni","17":"pa_korpus-argintiu","18":"pa_material-otel-inoxidabil","19":"pa_mehanizm-mecanic","20":"pa_mehanizm-mecanism-automatic","21":"pa_remeshok-argintiu","22":"pa_steklo-cristal-safir","23":"pa_strana-japonia","24":"pa_voda-20-atm","26":"first","27":"instock","28":"purchasable","29":"product-type-simple"},"acf":[],"_links":{"self":[{"href":"https:\/\/ceasuri.md\/ru\/wp-json\/wp\/v2\/product\/59937","targetHints":{"allow":["GET"]}}],"collection":[{"href":"https:\/\/ceasuri.md\/ru\/wp-json\/wp\/v2\/product"}],"about":[{"href":"https:\/\/ceasuri.md\/ru\/wp-json\/wp\/v2\/types\/product"}],"replies":[{"embeddable":true,"href":"https:\/\/ceasuri.md\/ru\/wp-json\/wp\/v2\/comments?post=59937"}],"wp:featuredmedia":[{"embeddable":true,"href":"https:\/\/ceasuri.md\/ru\/wp-json\/wp\/v2\/media\/59938"}],"wp:attachment":[{"href":"https:\/\/ceasuri.md\/ru\/wp-json\/wp\/v2\/media?parent=59937"}],"wp:term":[{"taxonomy":"product_brand","embeddable":true,"href":"https:\/\/ceasuri.md\/ru\/wp-json\/wp\/v2\/product_brand?post=59937"},{"taxonomy":"product_cat","embeddable":true,"href":"https:\/\/ceasuri.md\/ru\/wp-json\/wp\/v2\/product_cat?post=59937"},{"taxonomy":"product_tag","embeddable":true,"href":"https:\/\/ceasuri.md\/ru\/wp-json\/wp\/v2\/product_tag?post=59937"}],"curies":[{"name":"wp","href":"https:\/\/api.w.org\/{rel}","templated":true}]}}