{"id":59931,"date":"2025-09-06T12:28:26","date_gmt":"2025-09-06T09:28:26","guid":{"rendered":"http:\/\/new.ceasuri.md\/shop\/uncategorized\/orient-sports-new-diver-ra-aa0915r39b\/"},"modified":"2026-05-01T19:35:47","modified_gmt":"2026-05-01T16:35:47","slug":"orient-sports-new-diver-ra-aa0915r39b","status":"publish","type":"product","link":"https:\/\/ceasuri.md\/ru\/shop\/branduri\/orient\/orient-sports-new-diver-ra-aa0915r39b\/","title":{"rendered":"\u0427\u0430\u0441\u044b ORIENT SPORTS New Diver RA-AA0915R39B"},"content":{"rendered":"<p>Ceasurile \u00een stilul celor pentru scufund\u0103tori sunt ceasuri mecanice potrivite pentru purtarea zilnic\u0103, care \u00eentruchipeaz\u0103 tot ceea ce reprezint\u0103 ORIENT. Acest model este popular \u00een \u00eentreaga lume \u0219i a devenit unul dintre cele mai cunoscute modele emblematice ale m\u0103rcii.<\/p>\n<p>Popularul model sportiv are caracteristicile tipice ale ceasurilor profesionale pentru scafandri, precum rezisten\u021ba ridicat\u0103 la ap\u0103, luneta rotativ\u0103 \u0219i designul cadranului cu vizibilitate sporit\u0103. ORIENT dezvolt\u0103 ceasuri \u00een stilul scafandrilor cu aceste caracteristici \u00eenc\u0103 din anii 1960.<\/p>\n<p>Ceasurile utilizeaz\u0103 culori vii pentru cadran \u0219i lunet\u0103 rotativ\u0103, p\u0103str\u00e2nd \u00een acela\u0219i timp designul carcasei, cadranului \u0219i br\u0103\u021b\u0103rii modelelor din colec\u021bia existent\u0103.<\/p>\n<p>Modelul are un cadran din o\u021bel inoxidabil cu diametrul de 44 mm, este rezistent la ap\u0103 p\u00e2n\u0103 la 20 bari, ceea ce este caracteristic ceasurilor ORIENT pentru scafandri, \u0219i este echipat cu un mecanism automat de produc\u021bie proprie. Pe l\u00e2ng\u0103 designul atractiv, aceste ceasuri se disting prin construc\u021bia robust\u0103 \u0219i func\u021biile fiabile.<\/p>","protected":false},"excerpt":{"rendered":"<p>Ceasurile \u00een stilul celor pentru scufund\u0103tori sunt ceasuri mecanice potrivite pentru purtarea zilnic\u0103, care \u00eentruchipeaz\u0103 tot ceea ce reprezint\u0103 ORIENT. Acest model este popular \u00een \u00eentreaga lume \u0219i a devenit unul dintre cele mai cunoscute modele emblematice ale m\u0103rcii. Popularul model sportiv are caracteristicile tipice ale ceasurilor profesionale pentru scafandri, precum rezisten\u021ba ridicat\u0103 la ap\u0103, [&hellip;]<\/p>\n","protected":false},"featured_media":59932,"comment_status":"closed","ping_status":"open","template":"","meta":{"_acf_changed":false},"product_brand":[],"product_cat":[20,596],"product_tag":[],"class_list":{"0":"post-59931","1":"product","2":"type-product","3":"status-publish","4":"has-post-thumbnail","6":"product_cat-ceasuri-barbati","7":"product_cat-orient","8":"pa_brand-orient","9":"pa_braslet-otel-inoxidabil","10":"pa_corpus-44-mm","11":"pa_forma-rotund","12":"pa_funcii-data","13":"pa_funcii-ziua-saptamanii","14":"pa_garatia-24-luni","15":"pa_korpus-argintiu","16":"pa_material-otel-inoxidabil","17":"pa_mehanizm-mecanic","18":"pa_mehanizm-mecanism-automatic","19":"pa_remeshok-argintiu","20":"pa_steklo-cristal-mineral","21":"pa_strana-japonia","22":"pa_voda-20-atm","24":"first","25":"instock","26":"purchasable","27":"product-type-simple"},"acf":[],"_links":{"self":[{"href":"https:\/\/ceasuri.md\/ru\/wp-json\/wp\/v2\/product\/59931","targetHints":{"allow":["GET"]}}],"collection":[{"href":"https:\/\/ceasuri.md\/ru\/wp-json\/wp\/v2\/product"}],"about":[{"href":"https:\/\/ceasuri.md\/ru\/wp-json\/wp\/v2\/types\/product"}],"replies":[{"embeddable":true,"href":"https:\/\/ceasuri.md\/ru\/wp-json\/wp\/v2\/comments?post=59931"}],"wp:featuredmedia":[{"embeddable":true,"href":"https:\/\/ceasuri.md\/ru\/wp-json\/wp\/v2\/media\/59932"}],"wp:attachment":[{"href":"https:\/\/ceasuri.md\/ru\/wp-json\/wp\/v2\/media?parent=59931"}],"wp:term":[{"taxonomy":"product_brand","embeddable":true,"href":"https:\/\/ceasuri.md\/ru\/wp-json\/wp\/v2\/product_brand?post=59931"},{"taxonomy":"product_cat","embeddable":true,"href":"https:\/\/ceasuri.md\/ru\/wp-json\/wp\/v2\/product_cat?post=59931"},{"taxonomy":"product_tag","embeddable":true,"href":"https:\/\/ceasuri.md\/ru\/wp-json\/wp\/v2\/product_tag?post=59931"}],"curies":[{"name":"wp","href":"https:\/\/api.w.org\/{rel}","templated":true}]}}