{"id":59924,"date":"2026-04-03T01:06:37","date_gmt":"2026-04-02T22:06:37","guid":{"rendered":"http:\/\/new.ceasuri.md\/shop\/uncategorized\/orient-classic-bambino-ra-ac0026r30b\/"},"modified":"2026-04-20T01:52:35","modified_gmt":"2026-04-19T22:52:35","slug":"orient-classic-bambino-ra-ac0026r30b","status":"publish","type":"product","link":"https:\/\/ceasuri.md\/ru\/shop\/branduri\/orient\/orient-classic-bambino-ra-ac0026r30b\/","title":{"rendered":"\u0427\u0430\u0441\u044b ORIENT CLASSIC BAMBINO RA-AC0026R30B"},"content":{"rendered":"<p>Colec\u021bia Classic reprezint\u0103 stilul tradi\u021bional al ceasurilor mecanice Orient. Bambino este o serie popular\u0103, care a devenit un bestseller \u00een \u00eentreaga lume \u0219i \u00eentruchipeaz\u0103 tot ceea ce \u00eenseamn\u0103 Orient.<\/p>\n<p>Seria este cunoscut\u0103 pentru cadranul s\u0103u tradi\u021bional clasic curbat, sticla bombat\u0103 \u00een stil retro \u0219i designul elegant al carcasei cu urechi sub\u021biri. Noul model utilizeaz\u0103 o culoare pu\u021bin neobi\u0219nuit\u0103 &#8211; bordeaux, care confer\u0103 ceasului un aspect relaxat.<\/p>\n<p>Estetica cadranului este subliniat\u0103 de cifrele romane \u0219i de acele de culoare galben\u0103, atent selectate pentru a completa nuan\u021ba cadranului, transform\u00e2nd ceasul clasic tradi\u021bional Orient Bambino \u00eentr-un ceas la mod\u0103.<\/p>\n<p>Modelul este echipat cu un mecanism automat de produc\u021bie proprie, care asigur\u0103 o precizie stabil\u0103 \u0219i o rezerv\u0103 de mar\u0219 de 40 de ore, precum \u0219i un confort suplimentar datorit\u0103 sistemului de schimbare u\u0219oar\u0103 a curelei, care este utilizat pentru prima dat\u0103 la ceasurile Orient Bambino. Cureaua din piele se deta\u0219eaz\u0103 u\u0219or prin mi\u0219carea levierului tijei cu arc, ceea ce permite proprietarului s\u0103 schimbe aspectul ceasului \u00een func\u021bie de starea de spirit, circumstan\u021be sau stilul vestimentar.<\/p>","protected":false},"excerpt":{"rendered":"<p>Colec\u021bia Classic reprezint\u0103 stilul tradi\u021bional al ceasurilor mecanice Orient. Bambino este o serie popular\u0103, care a devenit un bestseller \u00een \u00eentreaga lume \u0219i \u00eentruchipeaz\u0103 tot ceea ce \u00eenseamn\u0103 Orient. Seria este cunoscut\u0103 pentru cadranul s\u0103u tradi\u021bional clasic curbat, sticla bombat\u0103 \u00een stil retro \u0219i designul elegant al carcasei cu urechi sub\u021biri. Noul model utilizeaz\u0103 o [&hellip;]<\/p>\n","protected":false},"featured_media":59925,"comment_status":"closed","ping_status":"open","template":"","meta":{"_acf_changed":false},"product_brand":[],"product_cat":[20,596],"product_tag":[],"class_list":{"0":"post-59924","1":"product","2":"type-product","3":"status-publish","4":"has-post-thumbnail","6":"product_cat-ceasuri-barbati","7":"product_cat-orient","8":"pa_brand-orient","9":"pa_braslet-piele","10":"pa_corpus-41-mm","11":"pa_forma-rotund","12":"pa_funcii-data","13":"pa_garatia-24-luni","14":"pa_korpus-argintiu","15":"pa_material-otel-inoxidabil","16":"pa_mehanizm-mecanic","17":"pa_mehanizm-mecanism-automatic","18":"pa_remeshok-maro","19":"pa_steklo-cristal-mineral","20":"pa_strana-japonia","21":"pa_voda-3-atm","23":"first","24":"instock","25":"purchasable","26":"product-type-simple"},"acf":[],"_links":{"self":[{"href":"https:\/\/ceasuri.md\/ru\/wp-json\/wp\/v2\/product\/59924","targetHints":{"allow":["GET"]}}],"collection":[{"href":"https:\/\/ceasuri.md\/ru\/wp-json\/wp\/v2\/product"}],"about":[{"href":"https:\/\/ceasuri.md\/ru\/wp-json\/wp\/v2\/types\/product"}],"replies":[{"embeddable":true,"href":"https:\/\/ceasuri.md\/ru\/wp-json\/wp\/v2\/comments?post=59924"}],"wp:featuredmedia":[{"embeddable":true,"href":"https:\/\/ceasuri.md\/ru\/wp-json\/wp\/v2\/media\/59925"}],"wp:attachment":[{"href":"https:\/\/ceasuri.md\/ru\/wp-json\/wp\/v2\/media?parent=59924"}],"wp:term":[{"taxonomy":"product_brand","embeddable":true,"href":"https:\/\/ceasuri.md\/ru\/wp-json\/wp\/v2\/product_brand?post=59924"},{"taxonomy":"product_cat","embeddable":true,"href":"https:\/\/ceasuri.md\/ru\/wp-json\/wp\/v2\/product_cat?post=59924"},{"taxonomy":"product_tag","embeddable":true,"href":"https:\/\/ceasuri.md\/ru\/wp-json\/wp\/v2\/product_tag?post=59924"}],"curies":[{"name":"wp","href":"https:\/\/api.w.org\/{rel}","templated":true}]}}