{"id":59913,"date":"2026-04-03T01:06:37","date_gmt":"2026-04-02T22:06:37","guid":{"rendered":"http:\/\/new.ceasuri.md\/shop\/uncategorized\/orient-sports-mako-40-ra-ac0q10n30b\/"},"modified":"2026-04-20T01:52:36","modified_gmt":"2026-04-19T22:52:36","slug":"orient-sports-mako-40-ra-ac0q10n30b","status":"publish","type":"product","link":"https:\/\/ceasuri.md\/ru\/shop\/branduri\/orient\/orient-sports-mako-40-ra-ac0q10n30b\/","title":{"rendered":"\u0427\u0430\u0441\u044b ORIENT SPORTS Mako 40 RA-AC0Q10N30B"},"content":{"rendered":"<p>Modelele pentru scafandri reprezint\u0103 o parte important\u0103 din istoria Orient, \u00eentruchip\u00e2nd tot ceea ce \u00eenseamn\u0103 Orient de la lansarea lor \u00een anii 1960. Aceast\u0103 serie, numit\u0103 afectuos Orient Mako, se bucur\u0103 de o mare popularitate \u00een r\u00e2ndul iubitorilor de ceasuri din \u00eentreaga lume \u00eenc\u0103 de la apari\u021bia sa \u00een 2004, oferind o varietate de culori ale cadranului \u0219i detalii complexe de design.<\/p>\n<p>Cadranul de culoare gri \u00eenchis este accentuat suplimentar de o lunet\u0103 rotativ\u0103 de culoare neagr\u0103, iar v\u00e2rful galben al acului secundar adaug\u0103 o not\u0103 rafinat\u0103. Modelul este echipat cu o curea din silicon cu un design nou, cu relief, care confer\u0103 ceasului un aspect modern \u0219i asigur\u0103 un confort excep\u021bional.<\/p>\n<p>Pe l\u00e2ng\u0103 designul rafinat \u0219i versatilitatea sa, ceasul are caracteristici precum sticl\u0103 de safir, rezisten\u021b\u0103 la ap\u0103 p\u00e2n\u0103 la 20 bari \u0219i mecanism automat (cu \u00eenf\u0103\u0219urare manual\u0103) calibru F6722 de produc\u021bie proprie, care asigur\u0103 o precizie ridicat\u0103 \u0219i stabil\u0103. Aceste elemente sporesc \u0219i mai mult farmecul modelului Orient Mako 40.<\/p>","protected":false},"excerpt":{"rendered":"<p>Modelele pentru scafandri reprezint\u0103 o parte important\u0103 din istoria Orient, \u00eentruchip\u00e2nd tot ceea ce \u00eenseamn\u0103 Orient de la lansarea lor \u00een anii 1960. Aceast\u0103 serie, numit\u0103 afectuos Orient Mako, se bucur\u0103 de o mare popularitate \u00een r\u00e2ndul iubitorilor de ceasuri din \u00eentreaga lume \u00eenc\u0103 de la apari\u021bia sa \u00een 2004, oferind o varietate de culori [&hellip;]<\/p>\n","protected":false},"featured_media":59914,"comment_status":"closed","ping_status":"open","template":"","meta":{"_acf_changed":false},"product_brand":[],"product_cat":[20,596],"product_tag":[],"class_list":{"0":"post-59913","1":"product","2":"type-product","3":"status-publish","4":"has-post-thumbnail","6":"product_cat-ceasuri-barbati","7":"product_cat-orient","8":"pa_brand-orient","9":"pa_braslet-silicon","10":"pa_corpus-40-mm","11":"pa_forma-rotund","12":"pa_funcii-data","13":"pa_garatia-24-luni","14":"pa_korpus-negru","15":"pa_material-otel-inoxidabil","16":"pa_mehanizm-mecanic","17":"pa_mehanizm-mecanism-automatic","18":"pa_remeshok-negru","19":"pa_steklo-cristal-safir","20":"pa_strana-japonia","21":"pa_voda-20-atm","23":"first","24":"instock","25":"purchasable","26":"product-type-simple"},"acf":[],"_links":{"self":[{"href":"https:\/\/ceasuri.md\/ru\/wp-json\/wp\/v2\/product\/59913","targetHints":{"allow":["GET"]}}],"collection":[{"href":"https:\/\/ceasuri.md\/ru\/wp-json\/wp\/v2\/product"}],"about":[{"href":"https:\/\/ceasuri.md\/ru\/wp-json\/wp\/v2\/types\/product"}],"replies":[{"embeddable":true,"href":"https:\/\/ceasuri.md\/ru\/wp-json\/wp\/v2\/comments?post=59913"}],"wp:featuredmedia":[{"embeddable":true,"href":"https:\/\/ceasuri.md\/ru\/wp-json\/wp\/v2\/media\/59914"}],"wp:attachment":[{"href":"https:\/\/ceasuri.md\/ru\/wp-json\/wp\/v2\/media?parent=59913"}],"wp:term":[{"taxonomy":"product_brand","embeddable":true,"href":"https:\/\/ceasuri.md\/ru\/wp-json\/wp\/v2\/product_brand?post=59913"},{"taxonomy":"product_cat","embeddable":true,"href":"https:\/\/ceasuri.md\/ru\/wp-json\/wp\/v2\/product_cat?post=59913"},{"taxonomy":"product_tag","embeddable":true,"href":"https:\/\/ceasuri.md\/ru\/wp-json\/wp\/v2\/product_tag?post=59913"}],"curies":[{"name":"wp","href":"https:\/\/api.w.org\/{rel}","templated":true}]}}