{"id":59885,"date":"2026-04-03T01:06:37","date_gmt":"2026-04-02T22:06:37","guid":{"rendered":"http:\/\/new.ceasuri.md\/shop\/uncategorized\/orient-contemporary-stretto-date-ra-ac0r03y30b\/"},"modified":"2026-04-20T01:52:38","modified_gmt":"2026-04-19T22:52:38","slug":"orient-contemporary-stretto-date-ra-ac0r03y30b","status":"publish","type":"product","link":"https:\/\/ceasuri.md\/ru\/shop\/branduri\/orient\/orient-contemporary-stretto-date-ra-ac0r03y30b\/","title":{"rendered":"\u0427\u0430\u0441\u044b ORIENT CONTEMPORARY Stretto Date RA-AC0R03Y30B"},"content":{"rendered":"<p>Ceas mecanic rafinat din colec\u021bia Stretto Date, cu carcas\u0103 din o\u021bel inoxidabil, lunet\u0103 cu placare aurie \u0219i curea din piele.<\/p>\n<p>Pe cadranul maro sunt amplasate indici \u00een form\u0103 de pan\u0103, care amintesc de zg\u00e2rie-nori urbani, completa\u021bi cu cercuri concentrice, simboliz\u00e2nd arcadele arhitecturale moderne.<\/p>\n<p>Ceasul este echipat cu un mecanism propriu, care asigur\u0103 o rezerv\u0103 de mar\u0219 de 40 de ore \u0219i o etan\u0219eitate de p\u00e2n\u0103 la 50 de metri.<\/p>\n<p>Sticla de safir garanteaz\u0103 rezisten\u021ba, iar capacul transparent din spate permite vizualizarea mecanismului complex.<\/p>\n<p>Acest ceas combin\u0103 elegan\u021ba \u0219i func\u021bionalitatea, ceea ce \u00eel face potrivit pentru diverse ocazii.<\/p>","protected":false},"excerpt":{"rendered":"<p>Ceas mecanic rafinat din colec\u021bia Stretto Date, cu carcas\u0103 din o\u021bel inoxidabil, lunet\u0103 cu placare aurie \u0219i curea din piele. Pe cadranul maro sunt amplasate indici \u00een form\u0103 de pan\u0103, care amintesc de zg\u00e2rie-nori urbani, completa\u021bi cu cercuri concentrice, simboliz\u00e2nd arcadele arhitecturale moderne. Ceasul este echipat cu un mecanism propriu, care asigur\u0103 o rezerv\u0103 de [&hellip;]<\/p>\n","protected":false},"featured_media":59886,"comment_status":"closed","ping_status":"open","template":"","meta":{"_acf_changed":false},"product_brand":[],"product_cat":[20,596],"product_tag":[],"class_list":{"0":"post-59885","1":"product","2":"type-product","3":"status-publish","4":"has-post-thumbnail","6":"product_cat-ceasuri-barbati","7":"product_cat-orient","8":"pa_brand-orient","9":"pa_braslet-piele","10":"pa_corpus-39-mm","11":"pa_forma-rotund","12":"pa_funcii-data","13":"pa_garatia-24-luni","14":"pa_korpus-bicolor","15":"pa_material-otel-inoxidabil","16":"pa_mehanizm-mecanic","17":"pa_mehanizm-mecanism-automatic","18":"pa_remeshok-maro","19":"pa_steklo-cristal-safir","20":"pa_strana-japonia","21":"pa_voda-5-atm","23":"first","24":"instock","25":"purchasable","26":"product-type-simple"},"acf":[],"_links":{"self":[{"href":"https:\/\/ceasuri.md\/ru\/wp-json\/wp\/v2\/product\/59885","targetHints":{"allow":["GET"]}}],"collection":[{"href":"https:\/\/ceasuri.md\/ru\/wp-json\/wp\/v2\/product"}],"about":[{"href":"https:\/\/ceasuri.md\/ru\/wp-json\/wp\/v2\/types\/product"}],"replies":[{"embeddable":true,"href":"https:\/\/ceasuri.md\/ru\/wp-json\/wp\/v2\/comments?post=59885"}],"wp:featuredmedia":[{"embeddable":true,"href":"https:\/\/ceasuri.md\/ru\/wp-json\/wp\/v2\/media\/59886"}],"wp:attachment":[{"href":"https:\/\/ceasuri.md\/ru\/wp-json\/wp\/v2\/media?parent=59885"}],"wp:term":[{"taxonomy":"product_brand","embeddable":true,"href":"https:\/\/ceasuri.md\/ru\/wp-json\/wp\/v2\/product_brand?post=59885"},{"taxonomy":"product_cat","embeddable":true,"href":"https:\/\/ceasuri.md\/ru\/wp-json\/wp\/v2\/product_cat?post=59885"},{"taxonomy":"product_tag","embeddable":true,"href":"https:\/\/ceasuri.md\/ru\/wp-json\/wp\/v2\/product_tag?post=59885"}],"curies":[{"name":"wp","href":"https:\/\/api.w.org\/{rel}","templated":true}]}}