{"id":59872,"date":"2026-04-03T01:06:37","date_gmt":"2026-04-02T22:06:37","guid":{"rendered":"http:\/\/new.ceasuri.md\/shop\/uncategorized\/orient-contemporary-stretto-sun-and-moon-75th-anniversary-le-ra-ak0311n30b\/"},"modified":"2026-04-20T01:52:39","modified_gmt":"2026-04-19T22:52:39","slug":"orient-contemporary-stretto-sun-and-moon-75th-anniversary-le-ra-ak0311n30b","status":"publish","type":"product","link":"https:\/\/ceasuri.md\/ru\/shop\/branduri\/orient\/orient-contemporary-stretto-sun-and-moon-75th-anniversary-le-ra-ak0311n30b\/","title":{"rendered":"\u0427\u0430\u0441\u044b ORIENT CONTEMPORARY Stretto Sun and Moon 75th Anniversary LE  RA-AK0311N30B"},"content":{"rendered":"<p>Cuv\u00e2ntul \u201estretto\u201d provine din terminologia muzical\u0103 italian\u0103 \u0219i \u00eenseamn\u0103 accelerarea ritmului c\u0103tre punctul culminant, conferind seriei un sentiment de entuziasm, potrivit pentru stilul de via\u021b\u0103 urban intens. Designul Orient Stretto se bazeaz\u0103 pe popularul model Semi Skeleton, cu o tem\u0103 care reflect\u0103 peisajele urbane.<\/p>\n<p>Modelul este dedicat celei de-a 75-a anivers\u0103ri a Orient \u0219i este produs \u00eentr-o serie limitat\u0103 de 2500 de exemplare. Pe cadranul protejat de sticl\u0103 de safir este inscrip\u021bionat cu litere cursive logo-ul original Orient de acum 75 de ani.<\/p>\n<p>Designul urbanistic este subliniat de caracteristicile \u201eraze de soare\u201d care se termin\u0103 cu un arc \u0219i de indexurile tridimensionale \u00een form\u0103 de pan\u0103, care se armonizeaz\u0103 cu cadranul gri \u2014 o culoare rar\u0103 pentru Orient.<\/p>\n<p>Culoarea portocalie a acelor \u0219i a zonei din jurul indexurilor Luminous Light creeaz\u0103 un accent luminos \u00een designul monocrom al ceasului. Capacul transparent din spate, care ofer\u0103 o vedere asupra mecanismului mecanic, este marcat cu inscrip\u021bia cursiv\u0103 \u201eOrient Since 1950 75th Anniversary\u201d.<\/p>\n<p>Ceasul are un indicator de zi \u0219i noapte cu imaginea soarelui \u0219i a lunii, care arat\u0103 trecerea timpului cu ajutorul unui disc cu soare \u0219i lun\u0103, care se rote\u0219te o dat\u0103 la 24 de ore.<\/p>\n<p>Mecanismul asigur\u0103 o precizie stabil\u0103 de la +25 la \u201315 secunde pe zi, o rezerv\u0103 de mar\u0219 de 40 de ore \u0219i o etan\u0219eitate a carcasei de p\u00e2n\u0103 la 5 bari, ceea ce face ca acest ceas s\u0103 fie alegerea ideal\u0103 pentru purtarea zilnic\u0103, potrivit\u0103 pentru orice stil \u0219i ocazie.<\/p>\n<p>Sunt disponibile modelele cu nr. 0761,1463, 1681, 1685, 1696 din 2500.<\/p>","protected":false},"excerpt":{"rendered":"<p>Cuv\u00e2ntul \u201estretto\u201d provine din terminologia muzical\u0103 italian\u0103 \u0219i \u00eenseamn\u0103 accelerarea ritmului c\u0103tre punctul culminant, conferind seriei un sentiment de entuziasm, potrivit pentru stilul de via\u021b\u0103 urban intens. Designul Orient Stretto se bazeaz\u0103 pe popularul model Semi Skeleton, cu o tem\u0103 care reflect\u0103 peisajele urbane. Modelul este dedicat celei de-a 75-a anivers\u0103ri a Orient \u0219i este [&hellip;]<\/p>\n","protected":false},"featured_media":59873,"comment_status":"closed","ping_status":"open","template":"","meta":{"_acf_changed":false},"product_brand":[],"product_cat":[20,205,596],"product_tag":[],"class_list":{"0":"post-59872","1":"product","2":"type-product","3":"status-publish","4":"has-post-thumbnail","6":"product_cat-ceasuri-barbati","7":"product_cat-limited-edition","8":"product_cat-orient","9":"pa_brand-orient","10":"pa_braslet-otel-inoxidabil","11":"pa_corpus-42-mm","12":"pa_forma-rotund","13":"pa_funcii-data","14":"pa_funcii-daynight","15":"pa_funcii-limited-edition","16":"pa_funcii-ziua-saptamanii","17":"pa_garatia-24-luni","18":"pa_korpus-argintiu","19":"pa_material-otel-inoxidabil","20":"pa_mehanizm-mecanic","21":"pa_mehanizm-mecanism-automatic","22":"pa_remeshok-argintiu","23":"pa_steklo-cristal-safir","24":"pa_strana-japonia","25":"pa_voda-5-atm","27":"first","28":"outofstock","29":"purchasable","30":"product-type-simple"},"acf":[],"_links":{"self":[{"href":"https:\/\/ceasuri.md\/ru\/wp-json\/wp\/v2\/product\/59872","targetHints":{"allow":["GET"]}}],"collection":[{"href":"https:\/\/ceasuri.md\/ru\/wp-json\/wp\/v2\/product"}],"about":[{"href":"https:\/\/ceasuri.md\/ru\/wp-json\/wp\/v2\/types\/product"}],"replies":[{"embeddable":true,"href":"https:\/\/ceasuri.md\/ru\/wp-json\/wp\/v2\/comments?post=59872"}],"wp:featuredmedia":[{"embeddable":true,"href":"https:\/\/ceasuri.md\/ru\/wp-json\/wp\/v2\/media\/59873"}],"wp:attachment":[{"href":"https:\/\/ceasuri.md\/ru\/wp-json\/wp\/v2\/media?parent=59872"}],"wp:term":[{"taxonomy":"product_brand","embeddable":true,"href":"https:\/\/ceasuri.md\/ru\/wp-json\/wp\/v2\/product_brand?post=59872"},{"taxonomy":"product_cat","embeddable":true,"href":"https:\/\/ceasuri.md\/ru\/wp-json\/wp\/v2\/product_cat?post=59872"},{"taxonomy":"product_tag","embeddable":true,"href":"https:\/\/ceasuri.md\/ru\/wp-json\/wp\/v2\/product_tag?post=59872"}],"curies":[{"name":"wp","href":"https:\/\/api.w.org\/{rel}","templated":true}]}}