{"id":59860,"date":"2026-04-03T01:05:29","date_gmt":"2026-04-02T22:05:29","guid":{"rendered":"http:\/\/new.ceasuri.md\/shop\/uncategorized\/orient-classic-sun-moon-ra-ak0807r30b\/"},"modified":"2026-04-07T05:06:12","modified_gmt":"2026-04-07T02:06:12","slug":"orient-classic-sun-moon-ra-ak0807r30b","status":"publish","type":"product","link":"https:\/\/ceasuri.md\/ru\/shop\/branduri\/orient\/orient-classic-sun-moon-ra-ak0807r30b\/","title":{"rendered":"Ceas ORIENT CLASSIC Sun &#038; Moon RA-AK0807R30B"},"content":{"rendered":"<p>Colec\u021bia Classic reprezint\u0103 stilul tradi\u021bional al ceasurilor mecanice Orient. Orient Bambino este o serie popular\u0103, care a devenit un bestseller \u00een \u00eentreaga lume \u0219i \u00eentruchipeaz\u0103 tot ceea ce \u00eenseamn\u0103 Orient.<\/p>\n<p> Seria este cunoscut\u0103 pentru cadranul s\u0103u tradi\u021bional clasic curbat, sticla bombat\u0103 \u00een stil retro \u0219i designul elegant al carcasei cu urechi sub\u021biri.<\/p>\n<p> Noul model utilizeaz\u0103 culori pu\u021bin neconven\u021bionale, care confer\u0103 ceasului un aspect mai relaxat. Estetica cadranului este accentuat\u0103 de culoarea ro\u0219ie, cifrele romane argintii \u0219i acul galben, atent asortate cu tonul cadranului, transform\u00e2nd ceasul clasic tradi\u021bional Orient Bambino \u00eentr-un accesoriu la mod\u0103.<\/p>\n<p>Ceasul are un indicator de zi \u0219i noapte cu imaginea soarelui \u0219i a lunii, care arat\u0103 trecerea timpului cu ajutorul unui disc cu soarele \u0219i luna, care se rote\u0219te o dat\u0103 la 24 de ore. Pozi\u021bia asimetric\u0103 a indicatorului de zi \u0219i noapte cu imaginea soarelui \u0219i a lunii, precum \u0219i a indicatorului zilei s\u0103pt\u0103m\u00e2nii cu ac, \u00een combina\u021bie cu cadranul, subliniaz\u0103 calitatea cadranului ceasului.<\/p>\n<p>Modelul este echipat cu un mecanism automat de produc\u021bie proprie, care asigur\u0103 o precizie stabil\u0103 \u0219i o rezerv\u0103 de mar\u0219 de 40 de ore, precum \u0219i un confort suplimentar datorit\u0103 sistemului de schimbare u\u0219oar\u0103 a curelei, care este utilizat pentru prima dat\u0103 \u00een ceasurile Orient Bambino.<\/p>","protected":false},"excerpt":{"rendered":"<p>Colec\u021bia Classic reprezint\u0103 stilul tradi\u021bional al ceasurilor mecanice Orient. Orient Bambino este o serie popular\u0103, care a devenit un bestseller \u00een \u00eentreaga lume \u0219i \u00eentruchipeaz\u0103 tot ceea ce \u00eenseamn\u0103 Orient. Seria este cunoscut\u0103 pentru cadranul s\u0103u tradi\u021bional clasic curbat, sticla bombat\u0103 \u00een stil retro \u0219i designul elegant al carcasei cu urechi sub\u021biri. Noul model utilizeaz\u0103 [&hellip;]<\/p>\n","protected":false},"featured_media":59861,"comment_status":"closed","ping_status":"open","template":"","meta":{"_acf_changed":false},"product_brand":[],"product_cat":[20,596],"product_tag":[],"class_list":{"0":"post-59860","1":"product","2":"type-product","3":"status-publish","4":"has-post-thumbnail","6":"product_cat-ceasuri-barbati","7":"product_cat-orient","8":"pa_brand-orient","9":"pa_braslet-piele","10":"pa_corpus-42-mm","11":"pa_forma-rotund","12":"pa_funcii-data","13":"pa_funcii-daynight","14":"pa_funcii-ziua-saptamanii","15":"pa_garatia-24-luni","16":"pa_korpus-argintiu","17":"pa_material-otel-inoxidabil","18":"pa_mehanizm-mecanic","19":"pa_mehanizm-mecanism-automatic","20":"pa_remeshok-maro","21":"pa_steklo-cristal-mineral","22":"pa_strana-japonia","23":"pa_voda-3-atm","25":"first","26":"instock","27":"purchasable","28":"product-type-simple"},"acf":[],"_links":{"self":[{"href":"https:\/\/ceasuri.md\/ru\/wp-json\/wp\/v2\/product\/59860","targetHints":{"allow":["GET"]}}],"collection":[{"href":"https:\/\/ceasuri.md\/ru\/wp-json\/wp\/v2\/product"}],"about":[{"href":"https:\/\/ceasuri.md\/ru\/wp-json\/wp\/v2\/types\/product"}],"replies":[{"embeddable":true,"href":"https:\/\/ceasuri.md\/ru\/wp-json\/wp\/v2\/comments?post=59860"}],"wp:featuredmedia":[{"embeddable":true,"href":"https:\/\/ceasuri.md\/ru\/wp-json\/wp\/v2\/media\/59861"}],"wp:attachment":[{"href":"https:\/\/ceasuri.md\/ru\/wp-json\/wp\/v2\/media?parent=59860"}],"wp:term":[{"taxonomy":"product_brand","embeddable":true,"href":"https:\/\/ceasuri.md\/ru\/wp-json\/wp\/v2\/product_brand?post=59860"},{"taxonomy":"product_cat","embeddable":true,"href":"https:\/\/ceasuri.md\/ru\/wp-json\/wp\/v2\/product_cat?post=59860"},{"taxonomy":"product_tag","embeddable":true,"href":"https:\/\/ceasuri.md\/ru\/wp-json\/wp\/v2\/product_tag?post=59860"}],"curies":[{"name":"wp","href":"https:\/\/api.w.org\/{rel}","templated":true}]}}