{"id":59835,"date":"2026-04-03T01:05:29","date_gmt":"2026-04-02T22:05:29","guid":{"rendered":"http:\/\/new.ceasuri.md\/shop\/uncategorized\/orient-contemporary-semi-skeleton-small-second-ra-ar0103b30b\/"},"modified":"2026-04-20T01:52:42","modified_gmt":"2026-04-19T22:52:42","slug":"orient-contemporary-semi-skeleton-small-second-ra-ar0103b30b","status":"publish","type":"product","link":"https:\/\/ceasuri.md\/ru\/shop\/branduri\/orient\/orient-contemporary-semi-skeleton-small-second-ra-ar0103b30b\/","title":{"rendered":"\u0427\u0430\u0441\u044b ORIENT CONTEMPORARY Semi Skeleton Small Second RA-AR0103B30B"},"content":{"rendered":"<p>Ceasul, denumit \u201eContemporary Semi skeleton small second\u201d, este prezentat \u00een colec\u021bie ca un nou model definitoriu, care va conduce colec\u021bia Contemporary.<\/p>\n<p>Pentru a consolida colec\u021bia Contemporary cu ajutorul modelului semi-skeleton &amp; small second, a fost dezvoltat noul Cal. F6S, care adaug\u0103 func\u021bia small second la standardul nostru Cal.F6. Acest nou calibru echilibreaz\u0103 perfect fiecare element de pe cadran \u2014 scheletul \u00een pozi\u021bia \u201e9 ore\u201d, mica secund\u0103 \u00een pozi\u021bia \u201e6 ore\u201d \u0219i logo-ul ORIENT &amp; Lion \u00een pozi\u021bia \u201e12 ore\u201d.<\/p>\n<p>Designul rafinat este completat de cadranul negru, acul \u0219i marcajele orare de culoare aur roz, precum \u0219i de coroana cu remontare manual\u0103 \u0219i func\u021bie de remontare automat\u0103.<\/p>\n<p>Modelul asigur\u0103 o func\u021bionare continu\u0103 timp de 40 de ore \u0219i o rezisten\u021b\u0103 la ap\u0103 de p\u00e2n\u0103 la 100 de metri.<\/p>","protected":false},"excerpt":{"rendered":"<p>Ceasul, denumit \u201eContemporary Semi skeleton small second\u201d, este prezentat \u00een colec\u021bie ca un nou model definitoriu, care va conduce colec\u021bia Contemporary. Pentru a consolida colec\u021bia Contemporary cu ajutorul modelului semi-skeleton &amp; small second, a fost dezvoltat noul Cal. F6S, care adaug\u0103 func\u021bia small second la standardul nostru Cal.F6. Acest nou calibru echilibreaz\u0103 perfect fiecare element [&hellip;]<\/p>\n","protected":false},"featured_media":59836,"comment_status":"closed","ping_status":"open","template":"","meta":{"_acf_changed":false},"product_brand":[],"product_cat":[20,596],"product_tag":[],"class_list":{"0":"post-59835","1":"product","2":"type-product","3":"status-publish","4":"has-post-thumbnail","6":"product_cat-ceasuri-barbati","7":"product_cat-orient","8":"pa_brand-orient","9":"pa_braslet-piele","10":"pa_corpus-40-mm","11":"pa_forma-rotund","12":"pa_funcii-offset-second-hand","13":"pa_funcii-semischelet","14":"pa_garatia-24-luni","15":"pa_korpus-roz-gold","16":"pa_material-otel-inoxidabil","17":"pa_mehanizm-mecanic","18":"pa_mehanizm-mecanism-automatic","19":"pa_remeshok-negru","20":"pa_steklo-cristal-mineral","21":"pa_strana-japonia","22":"pa_voda-10-atm","24":"first","25":"instock","26":"purchasable","27":"product-type-simple"},"acf":[],"_links":{"self":[{"href":"https:\/\/ceasuri.md\/ru\/wp-json\/wp\/v2\/product\/59835","targetHints":{"allow":["GET"]}}],"collection":[{"href":"https:\/\/ceasuri.md\/ru\/wp-json\/wp\/v2\/product"}],"about":[{"href":"https:\/\/ceasuri.md\/ru\/wp-json\/wp\/v2\/types\/product"}],"replies":[{"embeddable":true,"href":"https:\/\/ceasuri.md\/ru\/wp-json\/wp\/v2\/comments?post=59835"}],"wp:featuredmedia":[{"embeddable":true,"href":"https:\/\/ceasuri.md\/ru\/wp-json\/wp\/v2\/media\/59836"}],"wp:attachment":[{"href":"https:\/\/ceasuri.md\/ru\/wp-json\/wp\/v2\/media?parent=59835"}],"wp:term":[{"taxonomy":"product_brand","embeddable":true,"href":"https:\/\/ceasuri.md\/ru\/wp-json\/wp\/v2\/product_brand?post=59835"},{"taxonomy":"product_cat","embeddable":true,"href":"https:\/\/ceasuri.md\/ru\/wp-json\/wp\/v2\/product_cat?post=59835"},{"taxonomy":"product_tag","embeddable":true,"href":"https:\/\/ceasuri.md\/ru\/wp-json\/wp\/v2\/product_tag?post=59835"}],"curies":[{"name":"wp","href":"https:\/\/api.w.org\/{rel}","templated":true}]}}