{"id":59829,"date":"2026-04-03T01:05:29","date_gmt":"2026-04-02T22:05:29","guid":{"rendered":"http:\/\/new.ceasuri.md\/shop\/uncategorized\/orient-classic-sun-moon-ra-as0103a30b\/"},"modified":"2026-04-20T01:52:42","modified_gmt":"2026-04-19T22:52:42","slug":"orient-classic-sun-moon-ra-as0103a30b","status":"publish","type":"product","link":"https:\/\/ceasuri.md\/ru\/shop\/branduri\/orient\/orient-classic-sun-moon-ra-as0103a30b\/","title":{"rendered":"Ceas ORIENT CLASSIC Sun &#038; Moon RA-AS0103A30B"},"content":{"rendered":"<p>Model cu func\u021bia \u201eSoare \u0219i Lun\u0103\u201d, care combin\u0103 motivul caracteristic al soarelui \u0219i al lunii cu un design clasic simplu.<\/p>\n<p>Func\u021bia \u201eSoare \u0219i Lun\u0103\u201d afi\u0219eaz\u0103 schimbarea dintre zi \u0219i noapte pe un disc rotativ de 24 de ore.<\/p>\n<p>Ceasurile pentru b\u0103rba\u021bi cu carcas\u0103 semi-scheletat\u0103 p\u0103streaz\u0103 stilul clasic pentru care ORIENT este iubit de cump\u0103r\u0103torii din \u00eentreaga lume.<\/p>\n<p>Datorit\u0103 carcasei rafinate, sticlei bombate, care aminte\u0219te de stilul vintage \u0219i creeaz\u0103 o senza\u021bie de c\u0103ldur\u0103, precum \u0219i cadranului, care combin\u0103 un frumos model \u201eraze de soare\u201d cu indici sub form\u0103 de linii, ceasul a c\u0103p\u0103tat un nou stil simplu.<\/p>\n<p>Cadranul albastru este protejat de sticl\u0103 mineral\u0103. Cureaua din piele natural\u0103, asortat\u0103 cu cadranul, completeaz\u0103 armonios ceasul.<\/p>","protected":false},"excerpt":{"rendered":"<p>Model cu func\u021bia \u201eSoare \u0219i Lun\u0103\u201d, care combin\u0103 motivul caracteristic al soarelui \u0219i al lunii cu un design clasic simplu. Func\u021bia \u201eSoare \u0219i Lun\u0103\u201d afi\u0219eaz\u0103 schimbarea dintre zi \u0219i noapte pe un disc rotativ de 24 de ore. Ceasurile pentru b\u0103rba\u021bi cu carcas\u0103 semi-scheletat\u0103 p\u0103streaz\u0103 stilul clasic pentru care ORIENT este iubit de cump\u0103r\u0103torii din [&hellip;]<\/p>\n","protected":false},"featured_media":59830,"comment_status":"closed","ping_status":"open","template":"","meta":{"_acf_changed":false},"product_brand":[],"product_cat":[20,596],"product_tag":[],"class_list":{"0":"post-59829","1":"product","2":"type-product","3":"status-publish","4":"has-post-thumbnail","6":"product_cat-ceasuri-barbati","7":"product_cat-orient","8":"pa_brand-orient","9":"pa_braslet-piele","10":"pa_corpus-42-mm","11":"pa_forma-rotund","12":"pa_funcii-semischelet","13":"pa_garatia-24-luni","14":"pa_korpus-argintiu","15":"pa_material-otel-inoxidabil","16":"pa_mehanizm-mecanic","17":"pa_mehanizm-mecanism-automatic","18":"pa_remeshok-albastru-inchis","19":"pa_steklo-cristal-mineral","20":"pa_strana-japonia","21":"pa_voda-3-atm","23":"first","24":"instock","25":"purchasable","26":"product-type-simple"},"acf":[],"_links":{"self":[{"href":"https:\/\/ceasuri.md\/ru\/wp-json\/wp\/v2\/product\/59829","targetHints":{"allow":["GET"]}}],"collection":[{"href":"https:\/\/ceasuri.md\/ru\/wp-json\/wp\/v2\/product"}],"about":[{"href":"https:\/\/ceasuri.md\/ru\/wp-json\/wp\/v2\/types\/product"}],"replies":[{"embeddable":true,"href":"https:\/\/ceasuri.md\/ru\/wp-json\/wp\/v2\/comments?post=59829"}],"wp:featuredmedia":[{"embeddable":true,"href":"https:\/\/ceasuri.md\/ru\/wp-json\/wp\/v2\/media\/59830"}],"wp:attachment":[{"href":"https:\/\/ceasuri.md\/ru\/wp-json\/wp\/v2\/media?parent=59829"}],"wp:term":[{"taxonomy":"product_brand","embeddable":true,"href":"https:\/\/ceasuri.md\/ru\/wp-json\/wp\/v2\/product_brand?post=59829"},{"taxonomy":"product_cat","embeddable":true,"href":"https:\/\/ceasuri.md\/ru\/wp-json\/wp\/v2\/product_cat?post=59829"},{"taxonomy":"product_tag","embeddable":true,"href":"https:\/\/ceasuri.md\/ru\/wp-json\/wp\/v2\/product_tag?post=59829"}],"curies":[{"name":"wp","href":"https:\/\/api.w.org\/{rel}","templated":true}]}}