{"id":59815,"date":"2026-04-03T01:05:29","date_gmt":"2026-04-02T22:05:29","guid":{"rendered":"http:\/\/new.ceasuri.md\/shop\/uncategorized\/orient-contemporary-stretto-ladies-solar-ra-wg0603r10b\/"},"modified":"2026-04-20T01:52:43","modified_gmt":"2026-04-19T22:52:43","slug":"orient-contemporary-stretto-ladies-solar-ra-wg0603r10b","status":"publish","type":"product","link":"https:\/\/ceasuri.md\/ru\/shop\/branduri\/orient\/orient-contemporary-stretto-ladies-solar-ra-wg0603r10b\/","title":{"rendered":"\u0427\u0430\u0441\u044b ORIENT CONTEMPORARY Stretto Ladies Solar RA-WG0603R10B"},"content":{"rendered":"<p>Acest model are cadran maro, carcas\u0103 cu diametrul de 32,1 mm \u0219i br\u0103\u021bar\u0103 metalic\u0103.<\/p>\n<p>Se remarc\u0103 prin designul caracteristic al cadranului, cu finisaj \u201eraze de soare\u201d care se termin\u0103 cu un arc \u0219i indici tridimensionali \u00een form\u0103 de pan\u0103. Cadranul este protejat de sticl\u0103 de safir.<\/p>\n<p>Ceasul este echipat cu un mecanism cu cuar\u021b alimentat de baterie solar\u0103, care transform\u0103 energia primit\u0103 de la lumina soarelui \u0219i alte surse \u00een electricitate, ceea ce elimin\u0103 necesitatea \u00eenlocuirii bateriilor \u0219i permite realizarea unui cadran mai sub\u021bire \u0219i mai elegant.<\/p>\n<p>Acest ceas atractiv se remarc\u0103 prin cadranul elegant \u0219i dimensiunile compacte, care se potrivesc perfect \u00eencheieturilor sub\u021biri.<\/p>","protected":false},"excerpt":{"rendered":"<p>Acest model are cadran maro, carcas\u0103 cu diametrul de 32,1 mm \u0219i br\u0103\u021bar\u0103 metalic\u0103. Se remarc\u0103 prin designul caracteristic al cadranului, cu finisaj \u201eraze de soare\u201d care se termin\u0103 cu un arc \u0219i indici tridimensionali \u00een form\u0103 de pan\u0103. Cadranul este protejat de sticl\u0103 de safir. Ceasul este echipat cu un mecanism cu cuar\u021b alimentat [&hellip;]<\/p>\n","protected":false},"featured_media":59816,"comment_status":"closed","ping_status":"open","template":"","meta":{"_acf_changed":false},"product_brand":[],"product_cat":[25,596],"product_tag":[],"class_list":{"0":"post-59815","1":"product","2":"type-product","3":"status-publish","4":"has-post-thumbnail","6":"product_cat-ceasuri-dama","7":"product_cat-orient","8":"pa_brand-orient","9":"pa_braslet-otel-inoxidabil","10":"pa_corpus-32-mm","11":"pa_forma-rotund","12":"pa_funcii-data","13":"pa_garatia-24-luni","14":"pa_korpus-argintiu","15":"pa_kvarc-quartz","16":"pa_material-otel-inoxidabil","17":"pa_mehanizm-baterie-solara","18":"pa_mehanizm-quartz","19":"pa_remeshok-argintiu","20":"pa_steklo-cristal-safir","21":"pa_strana-japonia","22":"pa_voda-5-atm","24":"first","25":"instock","26":"purchasable","27":"product-type-simple"},"acf":[],"_links":{"self":[{"href":"https:\/\/ceasuri.md\/ru\/wp-json\/wp\/v2\/product\/59815","targetHints":{"allow":["GET"]}}],"collection":[{"href":"https:\/\/ceasuri.md\/ru\/wp-json\/wp\/v2\/product"}],"about":[{"href":"https:\/\/ceasuri.md\/ru\/wp-json\/wp\/v2\/types\/product"}],"replies":[{"embeddable":true,"href":"https:\/\/ceasuri.md\/ru\/wp-json\/wp\/v2\/comments?post=59815"}],"wp:featuredmedia":[{"embeddable":true,"href":"https:\/\/ceasuri.md\/ru\/wp-json\/wp\/v2\/media\/59816"}],"wp:attachment":[{"href":"https:\/\/ceasuri.md\/ru\/wp-json\/wp\/v2\/media?parent=59815"}],"wp:term":[{"taxonomy":"product_brand","embeddable":true,"href":"https:\/\/ceasuri.md\/ru\/wp-json\/wp\/v2\/product_brand?post=59815"},{"taxonomy":"product_cat","embeddable":true,"href":"https:\/\/ceasuri.md\/ru\/wp-json\/wp\/v2\/product_cat?post=59815"},{"taxonomy":"product_tag","embeddable":true,"href":"https:\/\/ceasuri.md\/ru\/wp-json\/wp\/v2\/product_tag?post=59815"}],"curies":[{"name":"wp","href":"https:\/\/api.w.org\/{rel}","templated":true}]}}