{"id":59802,"date":"2026-04-03T01:05:29","date_gmt":"2026-04-02T22:05:29","guid":{"rendered":"http:\/\/new.ceasuri.md\/shop\/uncategorized\/orient-classic-solar-ra-wk0001s10b\/"},"modified":"2026-04-20T01:52:44","modified_gmt":"2026-04-19T22:52:44","slug":"orient-classic-solar-ra-wk0001s10b","status":"publish","type":"product","link":"https:\/\/ceasuri.md\/ru\/shop\/branduri\/orient\/orient-classic-solar-ra-wk0001s10b\/","title":{"rendered":"Ceas ORIENT CLASSIC Solar RA-WK0001S10B"},"content":{"rendered":"<p>Stilul clasic \u0219i simplu este cunoscut pentru cadranul s\u0103u tradi\u021bional curbat, sticla bombat\u0103 \u00een stil retro \u0219i designul elegant al carcasei cu urechi sub\u021biri.<\/p>\n<p>Acest model corespunde perfect stilului ceasurilor mecanice, dar este echipat pentru prima dat\u0103 \u00een serie cu un element de alimentare solar\u0103, care transform\u0103 energia luminii solare \u0219i a altor surse de lumin\u0103 \u00een energie electric\u0103. Datorit\u0103 preciziei ridicate de +20 p\u00e2n\u0103 la -20 secunde pe lun\u0103 \u0219i rezervei de mar\u0219 de 6 luni la \u00eenc\u0103rcare complet\u0103, modelul ofer\u0103 mai mult confort la purtarea zilnic\u0103.<\/p>\n<p>Carcasa este realizat\u0103 din o\u021bel inoxidabil cu acoperire aurie. Cadranul alb este protejat de sticl\u0103 mineral\u0103.<\/p>\n<p>\u00cen plus, cureaua este prima curea din istoria Orient realizat\u0103 pe baz\u0103 de plante, din piele sintetic\u0103 de m\u0103r, ob\u021binut\u0103 din de\u0219euri de mere, cum ar fi miezul \u0219i resturile, care ar fi fost aruncate. \u00cen compara\u021bie cu pielea animalelor, acest material avansat este mai ecologic.<\/p>","protected":false},"excerpt":{"rendered":"<p>Stilul clasic \u0219i simplu este cunoscut pentru cadranul s\u0103u tradi\u021bional curbat, sticla bombat\u0103 \u00een stil retro \u0219i designul elegant al carcasei cu urechi sub\u021biri. Acest model corespunde perfect stilului ceasurilor mecanice, dar este echipat pentru prima dat\u0103 \u00een serie cu un element de alimentare solar\u0103, care transform\u0103 energia luminii solare \u0219i a altor surse de [&hellip;]<\/p>\n","protected":false},"featured_media":59803,"comment_status":"closed","ping_status":"open","template":"","meta":{"_acf_changed":false},"product_brand":[],"product_cat":[20,25,596],"product_tag":[],"class_list":{"0":"post-59802","1":"product","2":"type-product","3":"status-publish","4":"has-post-thumbnail","6":"product_cat-ceasuri-barbati","7":"product_cat-ceasuri-dama","8":"product_cat-orient","9":"pa_brand-orient","10":"pa_braslet-piele","11":"pa_corpus-38-mm","12":"pa_forma-rotund","13":"pa_garatia-24-luni","14":"pa_korpus-auriu","15":"pa_kvarc-quartz","16":"pa_material-otel-inoxidabil","17":"pa_mehanizm-baterie-solara","18":"pa_mehanizm-quartz","19":"pa_remeshok-alb","20":"pa_steklo-cristal-mineral","21":"pa_strana-japonia","22":"pa_voda-3-atm","24":"first","25":"instock","26":"purchasable","27":"product-type-simple"},"acf":[],"_links":{"self":[{"href":"https:\/\/ceasuri.md\/ru\/wp-json\/wp\/v2\/product\/59802","targetHints":{"allow":["GET"]}}],"collection":[{"href":"https:\/\/ceasuri.md\/ru\/wp-json\/wp\/v2\/product"}],"about":[{"href":"https:\/\/ceasuri.md\/ru\/wp-json\/wp\/v2\/types\/product"}],"replies":[{"embeddable":true,"href":"https:\/\/ceasuri.md\/ru\/wp-json\/wp\/v2\/comments?post=59802"}],"wp:featuredmedia":[{"embeddable":true,"href":"https:\/\/ceasuri.md\/ru\/wp-json\/wp\/v2\/media\/59803"}],"wp:attachment":[{"href":"https:\/\/ceasuri.md\/ru\/wp-json\/wp\/v2\/media?parent=59802"}],"wp:term":[{"taxonomy":"product_brand","embeddable":true,"href":"https:\/\/ceasuri.md\/ru\/wp-json\/wp\/v2\/product_brand?post=59802"},{"taxonomy":"product_cat","embeddable":true,"href":"https:\/\/ceasuri.md\/ru\/wp-json\/wp\/v2\/product_cat?post=59802"},{"taxonomy":"product_tag","embeddable":true,"href":"https:\/\/ceasuri.md\/ru\/wp-json\/wp\/v2\/product_tag?post=59802"}],"curies":[{"name":"wp","href":"https:\/\/api.w.org\/{rel}","templated":true}]}}