{"id":59774,"date":"2026-04-03T01:05:29","date_gmt":"2026-04-02T22:05:29","guid":{"rendered":"http:\/\/new.ceasuri.md\/shop\/uncategorized\/orient-classic-solar-le-ra-wk0006s10b\/"},"modified":"2026-04-20T01:52:46","modified_gmt":"2026-04-19T22:52:46","slug":"orient-classic-solar-le-ra-wk0006s10b","status":"publish","type":"product","link":"https:\/\/ceasuri.md\/ru\/shop\/branduri\/orient\/orient-classic-solar-le-ra-wk0006s10b\/","title":{"rendered":"\u0427\u0430\u0441\u044b ORIENT CLASSIC Solar LE RA-WK0006S10B"},"content":{"rendered":"<p>Modelul lansat cu ocazia anivers\u0103rii a 75 de ani se remarc\u0103 prin designul vintage, care reflect\u0103 istoria \u0219i tradi\u021biile Orient, incluz\u00e2nd logo-ul Orient din anii 1950, cadranul alb cu indici albastri \u0219i curea bej din nubuc \u00een stil retro. Cadranul curbat \u0219i sticla bombat\u0103 confer\u0103 ceasului un farmec retro special, iar carcasa elegant\u0103 cu urechi sub\u021biri subliniaz\u0103 rafinamentul acestuia.<\/p>\n<p>Pe capacul din spate sunt gravate inscrip\u021bia \u201eOrient Since 1950 75th Anniversary\u201d \u0219i num\u0103rul de serie al edi\u021biei limitate. Ceasul este livrat \u00eempreun\u0103 cu o curea deta\u0219abil\u0103 din piele de vi\u021bel, care adaug\u0103 un plus de festivitate modelului aniversar.<\/p>\n<p>Acest model respect\u0103 cu stricte\u021be stilul ceasurilor mecanice, dar este primul din serie echipat cu un element de alimentare solar\u0103, care transform\u0103 energia luminii solare \u0219i a altor surse de lumin\u0103 \u00een energie electric\u0103. Datorit\u0103 preciziei ridicate de +20 p\u00e2n\u0103 la -20 secunde pe lun\u0103 \u0219i rezervei de func\u021bionare de 6 luni la \u00eenc\u0103rcare complet\u0103, acesta ofer\u0103 mai mult confort \u00een utilizarea zilnic\u0103.<\/p>\n<p>Ceasul este produs \u00eentr-o serie limitat\u0103 de 750 de exemplare. Sunt disponibile modelele cu nr. 511, 524 din 750.<\/p>","protected":false},"excerpt":{"rendered":"<p>Modelul lansat cu ocazia anivers\u0103rii a 75 de ani se remarc\u0103 prin designul vintage, care reflect\u0103 istoria \u0219i tradi\u021biile Orient, incluz\u00e2nd logo-ul Orient din anii 1950, cadranul alb cu indici albastri \u0219i curea bej din nubuc \u00een stil retro. Cadranul curbat \u0219i sticla bombat\u0103 confer\u0103 ceasului un farmec retro special, iar carcasa elegant\u0103 cu urechi [&hellip;]<\/p>\n","protected":false},"featured_media":59775,"comment_status":"closed","ping_status":"open","template":"","meta":{"_acf_changed":false},"product_brand":[],"product_cat":[20,25,205,596],"product_tag":[],"class_list":{"0":"post-59774","1":"product","2":"type-product","3":"status-publish","4":"has-post-thumbnail","6":"product_cat-ceasuri-barbati","7":"product_cat-ceasuri-dama","8":"product_cat-limited-edition","9":"product_cat-orient","10":"pa_brand-orient","11":"pa_braslet-piele","12":"pa_corpus-38-mm","13":"pa_forma-rotund","14":"pa_funcii-limited-edition","15":"pa_funcii-set-cadou","16":"pa_garatia-24-luni","17":"pa_korpus-argintiu","18":"pa_kvarc-quartz","19":"pa_material-otel-inoxidabil","20":"pa_mehanizm-baterie-solara","21":"pa_mehanizm-quartz","22":"pa_remeshok-maro","23":"pa_steklo-cristal-mineral","24":"pa_strana-japonia","25":"pa_voda-3-atm","27":"first","28":"outofstock","29":"purchasable","30":"product-type-simple"},"acf":[],"_links":{"self":[{"href":"https:\/\/ceasuri.md\/ru\/wp-json\/wp\/v2\/product\/59774","targetHints":{"allow":["GET"]}}],"collection":[{"href":"https:\/\/ceasuri.md\/ru\/wp-json\/wp\/v2\/product"}],"about":[{"href":"https:\/\/ceasuri.md\/ru\/wp-json\/wp\/v2\/types\/product"}],"replies":[{"embeddable":true,"href":"https:\/\/ceasuri.md\/ru\/wp-json\/wp\/v2\/comments?post=59774"}],"wp:featuredmedia":[{"embeddable":true,"href":"https:\/\/ceasuri.md\/ru\/wp-json\/wp\/v2\/media\/59775"}],"wp:attachment":[{"href":"https:\/\/ceasuri.md\/ru\/wp-json\/wp\/v2\/media?parent=59774"}],"wp:term":[{"taxonomy":"product_brand","embeddable":true,"href":"https:\/\/ceasuri.md\/ru\/wp-json\/wp\/v2\/product_brand?post=59774"},{"taxonomy":"product_cat","embeddable":true,"href":"https:\/\/ceasuri.md\/ru\/wp-json\/wp\/v2\/product_cat?post=59774"},{"taxonomy":"product_tag","embeddable":true,"href":"https:\/\/ceasuri.md\/ru\/wp-json\/wp\/v2\/product_tag?post=59774"}],"curies":[{"name":"wp","href":"https:\/\/api.w.org\/{rel}","templated":true}]}}