{"id":59770,"date":"2026-04-03T01:05:29","date_gmt":"2026-04-02T22:05:29","guid":{"rendered":"http:\/\/new.ceasuri.md\/shop\/uncategorized\/orient-star-contemporary-keshiki-semi-skeleton-le-re-at0021l00b\/"},"modified":"2026-04-20T01:52:47","modified_gmt":"2026-04-19T22:52:47","slug":"orient-star-contemporary-keshiki-semi-skeleton-le-re-at0021l00b","status":"publish","type":"product","link":"https:\/\/ceasuri.md\/ru\/shop\/branduri\/orient-star\/orient-star-contemporary-keshiki-semi-skeleton-le-re-at0021l00b\/","title":{"rendered":"\u0427\u0430\u0441\u044b ORIENT STAR CONTEMPORARY Keshiki Semi Skeleton LE RE-AT0021L00B"},"content":{"rendered":"<p>Seria limitat\u0103 de modele Keshiki, cu cadrane ale c\u0103ror culori simbolizeaz\u0103 cerul \u0219i marea care leag\u0103 lumea, a fost creat\u0103 la cererea Orient Star, pentru ca aceste ceasuri s\u0103 fie purtate de oameni din \u00eentreaga lume. Inspirate de tema luminii z\u0103pezii, aceste modele au cadrane care reflect\u0103 lumina care se reflect\u0103 de pe p\u0103m\u00e2ntul acoperit de z\u0103pad\u0103 \u0219i lumineaz\u0103 u\u0219or zona \u00eenconjur\u0103toare. Noul cadran albastru-gri are o nuan\u021b\u0103 albastr\u0103 intens\u0103 \u00een jum\u0103tatea superioar\u0103, ceea ce creeaz\u0103 un contrast delicat \u00eentre lumin\u0103 \u0219i umbr\u0103, caracteristic peisajelor lini\u0219tite de iarn\u0103 acoperite de z\u0103pad\u0103. Trecerea lini\u0219tit\u0103 a timpului \u00eentr-un peisaj pitoresc confer\u0103 ceasului o atmosfer\u0103 poetic\u0103.<\/p>\n<p>Modelele Semi Skeleton se disting prin cadrane caracteristice, cifre romane XII de culoare roz-auriu, care amintesc de luna plutitoare, precum \u0219i prin indicatoarele secundelor \u0219i ale rezervei de mar\u0219, realizate \u00een aceea\u0219i culoare, care creeaz\u0103 un contrast cu cadranul albastru-gri. Acele gri ale orelor \u0219i minutelor se integreaz\u0103 armonios \u00een peisajul lini\u0219tit, luminat de z\u0103pad\u0103.<\/p>\n<p>Modelul Keshiki este disponibil \u00eentr-o edi\u021bie limitat\u0103 de 900 de exemplare pentru Semi Skeleton, echipat cu un mecanism automat (cu \u00eenf\u0103\u0219urare manual\u0103) de produc\u021bie proprie \u0219i capac posterior din o\u021bel inoxidabil cu gravur\u0103 de edi\u021bie limitat\u0103.<\/p>\n<p>Sunt disponibile modelele cu nr. 335, 361 din 900.<\/p>","protected":false},"excerpt":{"rendered":"<p>Seria limitat\u0103 de modele Keshiki, cu cadrane ale c\u0103ror culori simbolizeaz\u0103 cerul \u0219i marea care leag\u0103 lumea, a fost creat\u0103 la cererea Orient Star, pentru ca aceste ceasuri s\u0103 fie purtate de oameni din \u00eentreaga lume. Inspirate de tema luminii z\u0103pezii, aceste modele au cadrane care reflect\u0103 lumina care se reflect\u0103 de pe p\u0103m\u00e2ntul acoperit [&hellip;]<\/p>\n","protected":false},"featured_media":59771,"comment_status":"closed","ping_status":"open","template":"","meta":{"_acf_changed":false},"product_brand":[],"product_cat":[20,106,205,598],"product_tag":[],"class_list":{"0":"post-59770","1":"product","2":"type-product","3":"status-publish","4":"has-post-thumbnail","6":"product_cat-ceasuri-barbati","7":"product_cat-ceasuri-premium","8":"product_cat-limited-edition","9":"product_cat-orient-star","10":"pa_brand-orient-star","11":"pa_braslet-otel-inoxidabil","12":"pa_corpus-39-mm","13":"pa_forma-rotund","14":"pa_funcii-limited-edition","15":"pa_funcii-rezerva-de-energie","16":"pa_funcii-semischelet","17":"pa_garatia-24-luni","18":"pa_korpus-argintiu","19":"pa_material-otel-inoxidabil","20":"pa_mehanizm-mecanic","21":"pa_mehanizm-mecanism-automatic","22":"pa_remeshok-argintiu","23":"pa_steklo-cristal-safir","24":"pa_strana-japonia","25":"pa_voda-10-atm","27":"first","28":"instock","29":"purchasable","30":"product-type-simple"},"acf":[],"_links":{"self":[{"href":"https:\/\/ceasuri.md\/ru\/wp-json\/wp\/v2\/product\/59770","targetHints":{"allow":["GET"]}}],"collection":[{"href":"https:\/\/ceasuri.md\/ru\/wp-json\/wp\/v2\/product"}],"about":[{"href":"https:\/\/ceasuri.md\/ru\/wp-json\/wp\/v2\/types\/product"}],"replies":[{"embeddable":true,"href":"https:\/\/ceasuri.md\/ru\/wp-json\/wp\/v2\/comments?post=59770"}],"wp:featuredmedia":[{"embeddable":true,"href":"https:\/\/ceasuri.md\/ru\/wp-json\/wp\/v2\/media\/59771"}],"wp:attachment":[{"href":"https:\/\/ceasuri.md\/ru\/wp-json\/wp\/v2\/media?parent=59770"}],"wp:term":[{"taxonomy":"product_brand","embeddable":true,"href":"https:\/\/ceasuri.md\/ru\/wp-json\/wp\/v2\/product_brand?post=59770"},{"taxonomy":"product_cat","embeddable":true,"href":"https:\/\/ceasuri.md\/ru\/wp-json\/wp\/v2\/product_cat?post=59770"},{"taxonomy":"product_tag","embeddable":true,"href":"https:\/\/ceasuri.md\/ru\/wp-json\/wp\/v2\/product_tag?post=59770"}],"curies":[{"name":"wp","href":"https:\/\/api.w.org\/{rel}","templated":true}]}}