{"id":59757,"date":"2026-04-03T01:05:29","date_gmt":"2026-04-02T22:05:29","guid":{"rendered":"http:\/\/new.ceasuri.md\/shop\/uncategorized\/orient-star-contemporary-date-re-au0110n00b\/"},"modified":"2026-04-20T01:52:48","modified_gmt":"2026-04-19T22:52:48","slug":"orient-star-contemporary-date-re-au0110n00b","status":"publish","type":"product","link":"https:\/\/ceasuri.md\/ru\/shop\/branduri\/orient-star\/orient-star-contemporary-date-re-au0110n00b\/","title":{"rendered":"\u0427\u0430\u0441\u044b ORIENT STAR CONTEMPORARY Date RE-AU0110N00B"},"content":{"rendered":"<p>Orient Star a lansat noi modele cu cadrane \u00een nuan\u021be p\u0103m\u00e2ntii din colec\u021bia Contemporary. Gama bogat\u0103 de nuan\u021be adaug\u0103 farmec acestor ceasuri, care se disting prin indicatorul de rezerv\u0103 de mar\u0219 \u0219i stilul modern. Culoarea gri aminte\u0219te de simplitatea anorganic\u0103 a pietrelor.<\/p>\n<p>Pe l\u00e2ng\u0103 cele trei ace centrale, designul tradi\u021bional al modelului include un indicator de dat\u0103 \u00een pozi\u021bia \u201eora 3\u201d \u0219i un indicator de rezerv\u0103 de mar\u0219\u0103 specific Orient Star \u00een pozi\u021bia \u201eora 12\u201d. Aceast\u0103 serie a c\u00e2\u0219tigat popularitate datorit\u0103 ceasurilor universale, potrivite pentru orice ocazie, de la afaceri la via\u021ba de zi cu zi.<\/p>\n<p>O alt\u0103 caracteristic\u0103 este nivelul ridicat de calitate, ob\u021binut datorit\u0103 sticlei de safir cu acoperire antireflex, carcasei care combin\u0103 finisajul mat \u0219i oglind\u0103 \u0219i br\u0103\u021b\u0103rii metalice din o\u021bel inoxidabil SUS316L.<\/p>\n<p>Modelul este echipat cu un calibru automat F6N43 de produc\u021bie proprie, care asigur\u0103 o precizie stabil\u0103 de la +25 secunde la -15 secunde pe zi \u0219i o rezerv\u0103 de mar\u0219 de 50 de ore, ceea ce \u00eel face foarte practic.<\/p>\n<p>Datorit\u0103 gamei rafinate de culori, carcasei confortabile cu diametrul de 38,5 mm, mecanismului performant \u0219i pre\u021bului accesibil, modelul este atractiv pentru purtarea zilnic\u0103.<\/p>","protected":false},"excerpt":{"rendered":"<p>Orient Star a lansat noi modele cu cadrane \u00een nuan\u021be p\u0103m\u00e2ntii din colec\u021bia Contemporary. Gama bogat\u0103 de nuan\u021be adaug\u0103 farmec acestor ceasuri, care se disting prin indicatorul de rezerv\u0103 de mar\u0219 \u0219i stilul modern. Culoarea gri aminte\u0219te de simplitatea anorganic\u0103 a pietrelor. Pe l\u00e2ng\u0103 cele trei ace centrale, designul tradi\u021bional al modelului include un indicator [&hellip;]<\/p>\n","protected":false},"featured_media":59758,"comment_status":"closed","ping_status":"open","template":"","meta":{"_acf_changed":false},"product_brand":[],"product_cat":[20,106,598],"product_tag":[],"class_list":{"0":"post-59757","1":"product","2":"type-product","3":"status-publish","4":"has-post-thumbnail","6":"product_cat-ceasuri-barbati","7":"product_cat-ceasuri-premium","8":"product_cat-orient-star","9":"pa_brand-orient-star","10":"pa_braslet-otel-inoxidabil","11":"pa_corpus-39-mm","12":"pa_forma-rotund","13":"pa_funcii-data","14":"pa_funcii-rezerva-de-energie","15":"pa_garatia-24-luni","16":"pa_korpus-argintiu","17":"pa_material-otel-inoxidabil","18":"pa_mehanizm-mecanic","19":"pa_mehanizm-mecanism-automatic","20":"pa_remeshok-argintiu","21":"pa_steklo-cristal-safir","22":"pa_strana-japonia","23":"pa_voda-10-atm","25":"first","26":"instock","27":"purchasable","28":"product-type-simple"},"acf":[],"_links":{"self":[{"href":"https:\/\/ceasuri.md\/ru\/wp-json\/wp\/v2\/product\/59757","targetHints":{"allow":["GET"]}}],"collection":[{"href":"https:\/\/ceasuri.md\/ru\/wp-json\/wp\/v2\/product"}],"about":[{"href":"https:\/\/ceasuri.md\/ru\/wp-json\/wp\/v2\/types\/product"}],"replies":[{"embeddable":true,"href":"https:\/\/ceasuri.md\/ru\/wp-json\/wp\/v2\/comments?post=59757"}],"wp:featuredmedia":[{"embeddable":true,"href":"https:\/\/ceasuri.md\/ru\/wp-json\/wp\/v2\/media\/59758"}],"wp:attachment":[{"href":"https:\/\/ceasuri.md\/ru\/wp-json\/wp\/v2\/media?parent=59757"}],"wp:term":[{"taxonomy":"product_brand","embeddable":true,"href":"https:\/\/ceasuri.md\/ru\/wp-json\/wp\/v2\/product_brand?post=59757"},{"taxonomy":"product_cat","embeddable":true,"href":"https:\/\/ceasuri.md\/ru\/wp-json\/wp\/v2\/product_cat?post=59757"},{"taxonomy":"product_tag","embeddable":true,"href":"https:\/\/ceasuri.md\/ru\/wp-json\/wp\/v2\/product_tag?post=59757"}],"curies":[{"name":"wp","href":"https:\/\/api.w.org\/{rel}","templated":true}]}}