{"id":59748,"date":"2026-04-03T01:04:25","date_gmt":"2026-04-02T22:04:25","guid":{"rendered":"http:\/\/new.ceasuri.md\/shop\/uncategorized\/orient-star-sports-diver-1964-mark-ii-re-au0602e00b\/"},"modified":"2026-04-24T13:10:56","modified_gmt":"2026-04-24T10:10:56","slug":"orient-star-sports-diver-1964-mark-ii-re-au0602e00b","status":"publish","type":"product","link":"https:\/\/ceasuri.md\/ru\/shop\/branduri\/orient-star\/orient-star-sports-diver-1964-mark-ii-re-au0602e00b\/","title":{"rendered":"\u0427\u0430\u0441\u044b ORIENT STAR SPORTS Diver 1964 Mark II RE-AU0602E00B"},"content":{"rendered":"<p>Noua versiune, Diver 1964 2nd edition, se bazeaz\u0103 pe Calendar Auto Orient, unul dintre primele ceasuri pentru scafandri lansate de companie \u00een 1964.<\/p>\n<p>De\u0219i noul model Diver 1964 2nd edition reflect\u0103 designul mo\u0219tenit de la modelul original, acesta are acelea\u0219i caracteristici care au fost \u00eembun\u0103t\u0103\u021bite \u00een Diver 1964 1st edition, cum ar fi coroana \u00een\u0219urubat\u0103, capacul posterior \u00een\u0219urubat, sticl\u0103 safir dubl\u0103 curbat\u0103 cu strat antireflex \u0219i rezisten\u021b\u0103 la ap\u0103 p\u00e2n\u0103 la 200 de metri.<\/p>\n<p>De asemenea, este echipat cu un mecanism automat calibru F6N47 de produc\u021bie proprie, care asigur\u0103 o precizie ridicat\u0103 \u0219i o rezerv\u0103 de mar\u0219 de peste 50 de ore.<\/p>\n<p>Pe l\u00e2ng\u0103 afi\u0219area orei \u0219i a datei, majoritatea modelelor Orient Star au un indicator al rezervei de func\u021bionare, care arat\u0103 timpul r\u0103mas de func\u021bionare a mecanismului, ceea ce este o func\u021bie rar\u0103 pentru ceasurile de scufundare.<\/p>\n<p>Carcasa este fabricat\u0103 din o\u021bel inoxidabil de \u00eenalt\u0103 calitate (SUS316L), iar diametrul s\u0103u relativ compact de 41 mm \u00eel face ideal pentru purtarea zilnic\u0103. Br\u0103\u021bara este fabricat\u0103 din acela\u0219i o\u021bel inoxidabil, ceea ce \u00eei confer\u0103 un aspect memorabil la \u00eencheietura m\u00e2inii, precum \u0219i o potrivire confortabil\u0103. Setul include o prelungire pentru scafandri \u0219i o \u00eenchiz\u0103toare cu trei clapete, cu buton \u0219i dispozitiv de siguran\u021b\u0103, ceea ce face ceasul practic pentru utilizare \u00een timpul practic\u0103rii sporturilor sau plimb\u0103rilor. Ceasul este livrat, de asemenea, cu o curea suplimentar\u0103 din cauciuc.<\/p>","protected":false},"excerpt":{"rendered":"<p>Noua versiune, Diver 1964 2nd edition, se bazeaz\u0103 pe Calendar Auto Orient, unul dintre primele ceasuri pentru scafandri lansate de companie \u00een 1964. De\u0219i noul model Diver 1964 2nd edition reflect\u0103 designul mo\u0219tenit de la modelul original, acesta are acelea\u0219i caracteristici care au fost \u00eembun\u0103t\u0103\u021bite \u00een Diver 1964 1st edition, cum ar fi coroana \u00een\u0219urubat\u0103, [&hellip;]<\/p>\n","protected":false},"featured_media":59749,"comment_status":"closed","ping_status":"open","template":"","meta":{"_acf_changed":false},"product_brand":[],"product_cat":[20,106,598],"product_tag":[],"class_list":{"0":"post-59748","1":"product","2":"type-product","3":"status-publish","4":"has-post-thumbnail","6":"product_cat-ceasuri-barbati","7":"product_cat-ceasuri-premium","8":"product_cat-orient-star","9":"pa_brand-orient-star","10":"pa_braslet-otel-inoxidabil","11":"pa_corpus-41-mm","12":"pa_forma-rotund","13":"pa_funcii-data","14":"pa_funcii-rezerva-de-energie","15":"pa_funcii-set-cadou","16":"pa_garatia-24-luni","17":"pa_korpus-argintiu","18":"pa_material-otel-inoxidabil","19":"pa_mehanizm-mecanic","20":"pa_mehanizm-mecanism-automatic","21":"pa_remeshok-argintiu","22":"pa_steklo-cristal-safir","23":"pa_strana-japonia","24":"pa_voda-20-atm","26":"first","27":"outofstock","28":"purchasable","29":"product-type-simple"},"acf":[],"_links":{"self":[{"href":"https:\/\/ceasuri.md\/ru\/wp-json\/wp\/v2\/product\/59748","targetHints":{"allow":["GET"]}}],"collection":[{"href":"https:\/\/ceasuri.md\/ru\/wp-json\/wp\/v2\/product"}],"about":[{"href":"https:\/\/ceasuri.md\/ru\/wp-json\/wp\/v2\/types\/product"}],"replies":[{"embeddable":true,"href":"https:\/\/ceasuri.md\/ru\/wp-json\/wp\/v2\/comments?post=59748"}],"wp:featuredmedia":[{"embeddable":true,"href":"https:\/\/ceasuri.md\/ru\/wp-json\/wp\/v2\/media\/59749"}],"wp:attachment":[{"href":"https:\/\/ceasuri.md\/ru\/wp-json\/wp\/v2\/media?parent=59748"}],"wp:term":[{"taxonomy":"product_brand","embeddable":true,"href":"https:\/\/ceasuri.md\/ru\/wp-json\/wp\/v2\/product_brand?post=59748"},{"taxonomy":"product_cat","embeddable":true,"href":"https:\/\/ceasuri.md\/ru\/wp-json\/wp\/v2\/product_cat?post=59748"},{"taxonomy":"product_tag","embeddable":true,"href":"https:\/\/ceasuri.md\/ru\/wp-json\/wp\/v2\/product_tag?post=59748"}],"curies":[{"name":"wp","href":"https:\/\/api.w.org\/{rel}","templated":true}]}}