{"id":59743,"date":"2025-09-06T12:21:08","date_gmt":"2025-09-06T09:21:08","guid":{"rendered":"http:\/\/new.ceasuri.md\/shop\/uncategorized\/orient-star-contemporary-keshiki-modern-skeleton-le-re-av0132l00b\/"},"modified":"2026-05-01T19:34:45","modified_gmt":"2026-05-01T16:34:45","slug":"orient-star-contemporary-keshiki-modern-skeleton-le-re-av0132l00b","status":"publish","type":"product","link":"https:\/\/ceasuri.md\/ru\/shop\/branduri\/orient-star\/orient-star-contemporary-keshiki-modern-skeleton-le-re-av0132l00b\/","title":{"rendered":"\u0427\u0430\u0441\u044b ORIENT STAR CONTEMPORARY Keshiki Modern Skeleton LE RE-AV0132L00B"},"content":{"rendered":"<p>Seria limitat\u0103 de modele Keshiki, cu cadrane ale c\u0103ror culori simbolizeaz\u0103 cerul \u0219i marea care leag\u0103 lumea, a fost creat\u0103 la cererea Orient Star, pentru ca aceste ceasuri s\u0103 fie purtate de oameni din \u00eentreaga lume. Noul cadran albastru-gri are un gradient albastru intens \u00een jum\u0103tatea superioar\u0103, care aminte\u0219te de contrastul delicat dintre lumin\u0103 \u0219i umbr\u0103 \u00een peisajele lini\u0219tite de iarn\u0103 acoperite de z\u0103pad\u0103. Trecerea lini\u0219tit\u0103 a timpului \u00eentr-un peisaj pitoresc confer\u0103 ceasului o atmosfer\u0103 poetic\u0103.<\/p>\n<p>Modelele Modern Skeleton se disting prin cadranele caracteristice ajurate, cifrele romane XII de culoare roz-auriu, care amintesc de luna plutitoare, precum \u0219i prin indicatoarele pentru secundele mici, secundele \u0219i rezerva de mar\u0219, realizate \u00een aceea\u0219i culoare, care creeaz\u0103 un contrast cu cadranul albastru-gri. Acele gri ale orelor \u0219i minutelor se integreaz\u0103 armonios \u00een peisajul lini\u0219tit, luminat de z\u0103pad\u0103. Cadranele sunt protejate de sticl\u0103 de safir.<\/p>\n<p>Modelele Keshiki, disponibile \u00eentr-o edi\u021bie limitat\u0103 de 1000 de exemplare pentru Modern Skeleton, sunt echipate cu un mecanism automat (cu \u00eenf\u0103\u0219urare manual\u0103) de produc\u021bie proprie \u0219i un capac posterior din o\u021bel inoxidabil cu gravur\u0103 a edi\u021biei limitate \u0219i a num\u0103rului de serie.<\/p>\n<p>Sunt disponibile modelele cu nr. 0088, 0095, 0155 din 1000.<\/p>","protected":false},"excerpt":{"rendered":"<p>Seria limitat\u0103 de modele Keshiki, cu cadrane ale c\u0103ror culori simbolizeaz\u0103 cerul \u0219i marea care leag\u0103 lumea, a fost creat\u0103 la cererea Orient Star, pentru ca aceste ceasuri s\u0103 fie purtate de oameni din \u00eentreaga lume. Noul cadran albastru-gri are un gradient albastru intens \u00een jum\u0103tatea superioar\u0103, care aminte\u0219te de contrastul delicat dintre lumin\u0103 \u0219i [&hellip;]<\/p>\n","protected":false},"featured_media":59744,"comment_status":"closed","ping_status":"open","template":"","meta":{"_acf_changed":false},"product_brand":[],"product_cat":[20,106,205,598],"product_tag":[],"class_list":{"0":"post-59743","1":"product","2":"type-product","3":"status-publish","4":"has-post-thumbnail","6":"product_cat-ceasuri-barbati","7":"product_cat-ceasuri-premium","8":"product_cat-limited-edition","9":"product_cat-orient-star","10":"pa_brand-orient-star","11":"pa_braslet-otel-inoxidabil","12":"pa_corpus-41-mm","13":"pa_forma-rotund","14":"pa_funcii-limited-edition","15":"pa_funcii-offset-second-hand","16":"pa_funcii-rezerva-de-energie","17":"pa_funcii-semischelet","18":"pa_garatia-24-luni","19":"pa_korpus-argintiu","20":"pa_material-otel-inoxidabil","21":"pa_mehanizm-mecanic","22":"pa_mehanizm-mecanism-automatic","23":"pa_remeshok-argintiu","24":"pa_steklo-cristal-safir","25":"pa_strana-japonia","26":"pa_voda-10-atm","28":"first","29":"instock","30":"purchasable","31":"product-type-simple"},"acf":[],"_links":{"self":[{"href":"https:\/\/ceasuri.md\/ru\/wp-json\/wp\/v2\/product\/59743","targetHints":{"allow":["GET"]}}],"collection":[{"href":"https:\/\/ceasuri.md\/ru\/wp-json\/wp\/v2\/product"}],"about":[{"href":"https:\/\/ceasuri.md\/ru\/wp-json\/wp\/v2\/types\/product"}],"replies":[{"embeddable":true,"href":"https:\/\/ceasuri.md\/ru\/wp-json\/wp\/v2\/comments?post=59743"}],"wp:featuredmedia":[{"embeddable":true,"href":"https:\/\/ceasuri.md\/ru\/wp-json\/wp\/v2\/media\/59744"}],"wp:attachment":[{"href":"https:\/\/ceasuri.md\/ru\/wp-json\/wp\/v2\/media?parent=59743"}],"wp:term":[{"taxonomy":"product_brand","embeddable":true,"href":"https:\/\/ceasuri.md\/ru\/wp-json\/wp\/v2\/product_brand?post=59743"},{"taxonomy":"product_cat","embeddable":true,"href":"https:\/\/ceasuri.md\/ru\/wp-json\/wp\/v2\/product_cat?post=59743"},{"taxonomy":"product_tag","embeddable":true,"href":"https:\/\/ceasuri.md\/ru\/wp-json\/wp\/v2\/product_tag?post=59743"}],"curies":[{"name":"wp","href":"https:\/\/api.w.org\/{rel}","templated":true}]}}