{"id":59736,"date":"2026-04-03T01:04:25","date_gmt":"2026-04-02T22:04:25","guid":{"rendered":"http:\/\/new.ceasuri.md\/shop\/uncategorized\/orient-star-contemporary-layered-skeleton-re-av0b10g00b\/"},"modified":"2026-04-20T01:52:49","modified_gmt":"2026-04-19T22:52:49","slug":"orient-star-contemporary-layered-skeleton-re-av0b10g00b","status":"publish","type":"product","link":"https:\/\/ceasuri.md\/ru\/shop\/branduri\/orient-star\/orient-star-contemporary-layered-skeleton-re-av0b10g00b\/","title":{"rendered":"\u0427\u0430\u0441\u044b ORIENT STAR CONTEMPORARY Layered Skeleton RE-AV0B10G00B"},"content":{"rendered":"<p>Orient Star a completat seria Contemporary Layered Skeleton cu noi modele: un model standard cu cadran de culoarea aurului \u0219ampanie, care aminte\u0219te de litoral, \u0219i o serie limitat\u0103 de 700 de exemplare de culoare verde ment\u0103.<\/p>\n<p>Layered Skeleton este inspirat\u0103 de costumele de afaceri \u0219i se distinge prin cadranul original, format din dou\u0103 straturi. Orificiul \u00een form\u0103 de frunz\u0103 de pe cadran \u0219i designul ajurat al indicatorului de rezerv\u0103 de mar\u0219\u0103 dezv\u0103luie mecanismul intern al ceasului mecanic, conferind cadranului un aspect atractiv.<\/p>\n<p>Ultimul model din serie folose\u0219te culori proaspete, iar cadranele sunt completate de atmosfera mediteranean\u0103 lipsit\u0103 de griji, pentru a transmite starea de spirit \u0219i rafinamentul coastei. Frumoasa gam\u0103 de culori degradate a celor dou\u0103 straturi ale cadranului \u0219i senza\u021bia sporit\u0103 de profunzime se combin\u0103 perfect cu gra\u021bia rafinat\u0103 \u0219i relaxat\u0103 a stilului mediteranean.<\/p>\n<p>Noul model standard Layered Skeleton produce o impresie elegant\u0103 datorit\u0103 combina\u021biei dintre cadranul de culoarea aurului \u0219ampanie, care aminte\u0219te de razele soarelui de pe coast\u0103, \u0219i curea gri din piele de vi\u021bel. Cadranul este protejat de sticl\u0103 de safir.<\/p>\n<p>Calibrul mecanic automat F6F44, dezvoltat intern, asigur\u0103 o rezerv\u0103 de mar\u0219 de 50 de ore \u0219i o precizie stabil\u0103 de la +25 secunde la \u201315 secunde pe zi. Noile culori ale cadranului adaug\u0103 o not\u0103 stilat\u0103 mecanismului de \u00eenalt\u0103 tehnologie al ceasului Layered Skeleton, echipat cu indicatorul de rezerv\u0103 de mar\u0219 Orient Star.<\/p>","protected":false},"excerpt":{"rendered":"<p>Orient Star a completat seria Contemporary Layered Skeleton cu noi modele: un model standard cu cadran de culoarea aurului \u0219ampanie, care aminte\u0219te de litoral, \u0219i o serie limitat\u0103 de 700 de exemplare de culoare verde ment\u0103. Layered Skeleton este inspirat\u0103 de costumele de afaceri \u0219i se distinge prin cadranul original, format din dou\u0103 straturi. Orificiul [&hellip;]<\/p>\n","protected":false},"featured_media":59737,"comment_status":"closed","ping_status":"open","template":"","meta":{"_acf_changed":false},"product_brand":[],"product_cat":[20,106,598],"product_tag":[],"class_list":{"0":"post-59736","1":"product","2":"type-product","3":"status-publish","4":"has-post-thumbnail","6":"product_cat-ceasuri-barbati","7":"product_cat-ceasuri-premium","8":"product_cat-orient-star","9":"pa_brand-orient-star","10":"pa_braslet-piele","11":"pa_corpus-41-mm","12":"pa_forma-rotund","13":"pa_funcii-offset-second-hand","14":"pa_funcii-rezerva-de-energie","15":"pa_funcii-semischelet","16":"pa_garatia-24-luni","17":"pa_korpus-argintiu","18":"pa_material-otel-inoxidabil","19":"pa_mehanizm-mecanic","20":"pa_mehanizm-mecanism-automatic","21":"pa_remeshok-gri","22":"pa_steklo-cristal-safir","23":"pa_strana-japonia","24":"pa_voda-10-atm","26":"first","27":"instock","28":"purchasable","29":"product-type-simple"},"acf":[],"_links":{"self":[{"href":"https:\/\/ceasuri.md\/ru\/wp-json\/wp\/v2\/product\/59736","targetHints":{"allow":["GET"]}}],"collection":[{"href":"https:\/\/ceasuri.md\/ru\/wp-json\/wp\/v2\/product"}],"about":[{"href":"https:\/\/ceasuri.md\/ru\/wp-json\/wp\/v2\/types\/product"}],"replies":[{"embeddable":true,"href":"https:\/\/ceasuri.md\/ru\/wp-json\/wp\/v2\/comments?post=59736"}],"wp:featuredmedia":[{"embeddable":true,"href":"https:\/\/ceasuri.md\/ru\/wp-json\/wp\/v2\/media\/59737"}],"wp:attachment":[{"href":"https:\/\/ceasuri.md\/ru\/wp-json\/wp\/v2\/media?parent=59736"}],"wp:term":[{"taxonomy":"product_brand","embeddable":true,"href":"https:\/\/ceasuri.md\/ru\/wp-json\/wp\/v2\/product_brand?post=59736"},{"taxonomy":"product_cat","embeddable":true,"href":"https:\/\/ceasuri.md\/ru\/wp-json\/wp\/v2\/product_cat?post=59736"},{"taxonomy":"product_tag","embeddable":true,"href":"https:\/\/ceasuri.md\/ru\/wp-json\/wp\/v2\/product_tag?post=59736"}],"curies":[{"name":"wp","href":"https:\/\/api.w.org\/{rel}","templated":true}]}}