{"id":59727,"date":"2025-09-06T12:21:05","date_gmt":"2025-09-06T09:21:05","guid":{"rendered":"http:\/\/new.ceasuri.md\/shop\/uncategorized\/orient-star-contemporary-layered-skeleton-le-re-av0b11e00b\/"},"modified":"2026-05-01T19:34:42","modified_gmt":"2026-05-01T16:34:42","slug":"orient-star-contemporary-layered-skeleton-le-re-av0b11e00b","status":"publish","type":"product","link":"https:\/\/ceasuri.md\/ru\/shop\/branduri\/orient-star\/orient-star-contemporary-layered-skeleton-le-re-av0b11e00b\/","title":{"rendered":"\u0427\u0430\u0441\u044b ORIENT STAR CONTEMPORARY Layered Skeleton LE RE-AV0B11E00B"},"content":{"rendered":"<p>Orient Star a completat seria Contemporary Layered Skeleton cu noi modele: un model standard cu cadran de culoarea aurului \u0219ampanie, care aminte\u0219te de litoral, \u0219i o serie limitat\u0103 de 700 de exemplare de culoare verde ment\u0103.<\/p>\n<p>Layered Skeleton este inspirat\u0103 de costumele de afaceri \u0219i se distinge prin cadranul original, format din dou\u0103 straturi. Orificiul de pe cadran are forma unei frunze, iar designul ajurat al indicatorului de rezerv\u0103 de mar\u0219\u0103 dezv\u0103luie mecanismul intern al ceasului mecanic, conferind cadranului un aspect atractiv. <\/p>\n<p>Gama de culori frumoas\u0103, \u00een degrade, a celor dou\u0103 straturi ale cadranului \u0219i senza\u021bia accentuat\u0103 de profunzime se combin\u0103 perfect cu gra\u021bia rafinat\u0103 \u0219i natural\u0103 a stilului mediteranean.<\/p>\n<p>\u00centre timp, seria limitat\u0103 de 700 de exemplare are un aspect energic \u0219i tineresc datorit\u0103 cadranului verde ment\u0103, care aminte\u0219te de briza proasp\u0103t\u0103 deasupra oceanului albastru, \u0219i br\u0103\u021b\u0103rii metalice din o\u021bel inoxidabil (SUS316L) cu cinci zale dispuse la intervale scurte. Cadranul este protejat de sticl\u0103 de safir.<\/p>\n<p>Calibrul mecanic automat F6F44, dezvoltat intern, asigur\u0103 o rezerv\u0103 de mar\u0219 de 50 de ore \u0219i o precizie stabil\u0103 de la +25 secunde la -15 secunde pe zi.<\/p>\n<p>Noile culori ale cadranului adaug\u0103 o not\u0103 elegant\u0103 mecanismului de \u00eenalt\u0103 tehnologie al ceasului Layered Skeleton, echipat cu indicatorul de rezerv\u0103 de energie Orient Star. Pe capacul transparent al seriei limitate de modele verde ment\u0103 este gravat num\u0103rul de serie, care subliniaz\u0103 caracterul special al ceasului.<\/p>\n<p>Este disponibil modelul cu nr. 580 din 700.<\/p>","protected":false},"excerpt":{"rendered":"<p>Orient Star a completat seria Contemporary Layered Skeleton cu noi modele: un model standard cu cadran de culoarea aurului \u0219ampanie, care aminte\u0219te de litoral, \u0219i o serie limitat\u0103 de 700 de exemplare de culoare verde ment\u0103. Layered Skeleton este inspirat\u0103 de costumele de afaceri \u0219i se distinge prin cadranul original, format din dou\u0103 straturi. Orificiul [&hellip;]<\/p>\n","protected":false},"featured_media":59728,"comment_status":"closed","ping_status":"open","template":"","meta":{"_acf_changed":false},"product_brand":[],"product_cat":[20,106,205,598],"product_tag":[],"class_list":{"0":"post-59727","1":"product","2":"type-product","3":"status-publish","4":"has-post-thumbnail","6":"product_cat-ceasuri-barbati","7":"product_cat-ceasuri-premium","8":"product_cat-limited-edition","9":"product_cat-orient-star","10":"pa_brand-orient-star","11":"pa_braslet-otel-inoxidabil","12":"pa_corpus-41-mm","13":"pa_forma-rotund","14":"pa_funcii-limited-edition","15":"pa_funcii-offset-second-hand","16":"pa_funcii-rezerva-de-energie","17":"pa_funcii-semischelet","18":"pa_garatia-24-luni","19":"pa_korpus-argintiu","20":"pa_material-otel-inoxidabil","21":"pa_mehanizm-mecanic","22":"pa_mehanizm-mecanism-automatic","23":"pa_remeshok-argintiu","24":"pa_steklo-cristal-safir","25":"pa_strana-japonia","26":"pa_voda-10-atm","28":"first","29":"instock","30":"purchasable","31":"product-type-simple"},"acf":[],"_links":{"self":[{"href":"https:\/\/ceasuri.md\/ru\/wp-json\/wp\/v2\/product\/59727","targetHints":{"allow":["GET"]}}],"collection":[{"href":"https:\/\/ceasuri.md\/ru\/wp-json\/wp\/v2\/product"}],"about":[{"href":"https:\/\/ceasuri.md\/ru\/wp-json\/wp\/v2\/types\/product"}],"replies":[{"embeddable":true,"href":"https:\/\/ceasuri.md\/ru\/wp-json\/wp\/v2\/comments?post=59727"}],"wp:featuredmedia":[{"embeddable":true,"href":"https:\/\/ceasuri.md\/ru\/wp-json\/wp\/v2\/media\/59728"}],"wp:attachment":[{"href":"https:\/\/ceasuri.md\/ru\/wp-json\/wp\/v2\/media?parent=59727"}],"wp:term":[{"taxonomy":"product_brand","embeddable":true,"href":"https:\/\/ceasuri.md\/ru\/wp-json\/wp\/v2\/product_brand?post=59727"},{"taxonomy":"product_cat","embeddable":true,"href":"https:\/\/ceasuri.md\/ru\/wp-json\/wp\/v2\/product_cat?post=59727"},{"taxonomy":"product_tag","embeddable":true,"href":"https:\/\/ceasuri.md\/ru\/wp-json\/wp\/v2\/product_tag?post=59727"}],"curies":[{"name":"wp","href":"https:\/\/api.w.org\/{rel}","templated":true}]}}