{"id":59724,"date":"2026-04-03T01:04:25","date_gmt":"2026-04-02T22:04:25","guid":{"rendered":"http:\/\/new.ceasuri.md\/shop\/uncategorized\/orient-star-contemporary-m34-f7-semi-skeleton-re-by0004a00b\/"},"modified":"2026-04-20T01:52:50","modified_gmt":"2026-04-19T22:52:50","slug":"orient-star-contemporary-m34-f7-semi-skeleton-re-by0004a00b","status":"publish","type":"product","link":"https:\/\/ceasuri.md\/ru\/shop\/branduri\/orient-star\/orient-star-contemporary-m34-f7-semi-skeleton-re-by0004a00b\/","title":{"rendered":"\u0427\u0430\u0441\u044b ORIENT STAR CONTEMPORARY M34 F7 Semi Skeleton RE-BY0004A00B"},"content":{"rendered":"<p>M34 este denumirea prescurtat\u0103 a unui roi stelar din constela\u021bia Perseu, cunoscut pentru ploaia sa de meteori\u021bi. Noile modele, a c\u0103ror principal\u0103 caracteristic\u0103 de design este forma robust\u0103 \u0219i clar\u0103 a carcasei, se disting prin originalitatea lor de neegalat, datorit\u0103 cadranelor cu culori delicate, care reflect\u0103 culorile dinamice ale aurorei polare.<\/p>\n<p>Cosmosul \u0219i natura ocup\u0103 un loc central \u00een viziunea Orient Star, care se str\u0103duie\u0219te s\u0103-\u0219i perfec\u021bioneze tehnologiile, designul \u0219i calitatea pentru a crea ceasuri \u201estr\u0103lucitoare ca stelele\u201d. Inspira\u021bia pentru acest model M34 F7 Semi Skeleton cu cadran sidefat \u0219i culori degradate a fost aurora polar\u0103: o perdea de lumin\u0103 multicolor\u0103 care plute\u0219te pe cerul nop\u021bii. Sticla de safir cu acoperire super-antireflexiv\u0103 (SAR) pe ambele p\u0103r\u021bi asigur\u0103 o vizibilitate clar\u0103 a liniilor precise \u0219i a nuan\u021belor schimb\u0103toare ale cadranului.<\/p>\n<p>M34 F7 Semi Skeleton este echipat cu un calibru automat (cu \u00eenf\u0103\u0219urare manual\u0103) F7F44 de produc\u021bie proprie, care asigur\u0103 o precizie ridicat\u0103 de la +15 secunde la \u20135 secunde pe zi \u0219i o rezerv\u0103 de mar\u0219 de 50 de ore. Mecanismul cu dungi genevese \u0219i muchii te\u0219ite este vizibil prin capacul transparent din sticl\u0103 de safir.<\/p>\n<p>Colec\u021bia M34, inspirat\u0103 de constela\u021bia Perseus, cunoscut\u0103 pentru ploaia de meteori\u021bi anual\u0103 Perseide, este o colec\u021bie cu designuri ascu\u021bite, puternice, ultramoderne, \u00eenaintea vremii sale, \u0219i este compus\u0103 din modele care pot fi purtate \u00een cele mai diverse ocazii.<\/p>","protected":false},"excerpt":{"rendered":"<p>M34 este denumirea prescurtat\u0103 a unui roi stelar din constela\u021bia Perseu, cunoscut pentru ploaia sa de meteori\u021bi. Noile modele, a c\u0103ror principal\u0103 caracteristic\u0103 de design este forma robust\u0103 \u0219i clar\u0103 a carcasei, se disting prin originalitatea lor de neegalat, datorit\u0103 cadranelor cu culori delicate, care reflect\u0103 culorile dinamice ale aurorei polare. Cosmosul \u0219i natura ocup\u0103 [&hellip;]<\/p>\n","protected":false},"featured_media":59725,"comment_status":"closed","ping_status":"open","template":"","meta":{"_acf_changed":false},"product_brand":[],"product_cat":[20,106,598],"product_tag":[],"class_list":{"0":"post-59724","1":"product","2":"type-product","3":"status-publish","4":"has-post-thumbnail","6":"product_cat-ceasuri-barbati","7":"product_cat-ceasuri-premium","8":"product_cat-orient-star","9":"pa_brand-orient-star","10":"pa_braslet-otel-inoxidabil","11":"pa_corpus-40-mm","12":"pa_forma-rotund","13":"pa_funcii-offset-second-hand","14":"pa_funcii-rezerva-de-energie","15":"pa_funcii-semischelet","16":"pa_garatia-24-luni","17":"pa_korpus-argintiu","18":"pa_material-otel-inoxidabil","19":"pa_mehanizm-mecanic","20":"pa_mehanizm-mecanism-automatic","21":"pa_remeshok-argintiu","22":"pa_steklo-cristal-safir","23":"pa_strana-japonia","24":"pa_voda-10-atm","26":"first","27":"instock","28":"purchasable","29":"product-type-simple"},"acf":[],"_links":{"self":[{"href":"https:\/\/ceasuri.md\/ru\/wp-json\/wp\/v2\/product\/59724","targetHints":{"allow":["GET"]}}],"collection":[{"href":"https:\/\/ceasuri.md\/ru\/wp-json\/wp\/v2\/product"}],"about":[{"href":"https:\/\/ceasuri.md\/ru\/wp-json\/wp\/v2\/types\/product"}],"replies":[{"embeddable":true,"href":"https:\/\/ceasuri.md\/ru\/wp-json\/wp\/v2\/comments?post=59724"}],"wp:featuredmedia":[{"embeddable":true,"href":"https:\/\/ceasuri.md\/ru\/wp-json\/wp\/v2\/media\/59725"}],"wp:attachment":[{"href":"https:\/\/ceasuri.md\/ru\/wp-json\/wp\/v2\/media?parent=59724"}],"wp:term":[{"taxonomy":"product_brand","embeddable":true,"href":"https:\/\/ceasuri.md\/ru\/wp-json\/wp\/v2\/product_brand?post=59724"},{"taxonomy":"product_cat","embeddable":true,"href":"https:\/\/ceasuri.md\/ru\/wp-json\/wp\/v2\/product_cat?post=59724"},{"taxonomy":"product_tag","embeddable":true,"href":"https:\/\/ceasuri.md\/ru\/wp-json\/wp\/v2\/product_tag?post=59724"}],"curies":[{"name":"wp","href":"https:\/\/api.w.org\/{rel}","templated":true}]}}