{"id":59707,"date":"2026-04-03T01:04:25","date_gmt":"2026-04-02T22:04:25","guid":{"rendered":"http:\/\/new.ceasuri.md\/shop\/uncategorized\/orient-star-contemporary-m34-f7-semi-skeleton-re-by0011s00b\/"},"modified":"2026-04-20T01:52:51","modified_gmt":"2026-04-19T22:52:51","slug":"orient-star-contemporary-m34-f7-semi-skeleton-re-by0011s00b","status":"publish","type":"product","link":"https:\/\/ceasuri.md\/ru\/shop\/branduri\/orient-star\/orient-star-contemporary-m34-f7-semi-skeleton-re-by0011s00b\/","title":{"rendered":"\u0427\u0430\u0441\u044b ORIENT STAR CONTEMPORARY M34 F7 Semi Skeleton RE-BY0011S00B"},"content":{"rendered":"<p>Orient Star continu\u0103 s\u0103-\u0219i perfec\u021bioneze tehnologiile, designul \u0219i calitatea pentru a produce ceasuri \u201estr\u0103lucitoare ca stelele\u201d. Colec\u021bia M este inspirat\u0103 din teme ale mitologiei grece\u0219ti, precum \u0219i din nebuloase \u0219i roiuri stelare. Colec\u021bia modern\u0103 M34, inspirat\u0103 de roiurile stelare din constela\u021bia Perseu, cunoscut\u0103 pentru ploaia de meteori\u021bi anual\u0103 Perseide, este o colec\u021bie cu designuri ascu\u021bite, puternice, ultramoderne, \u00eenaintea vremii sale, \u0219i este compus\u0103 din modele care pot fi purtate \u00een cele mai diverse situa\u021bii.<\/p>\n<p>M34 F7 Semi Skeleton \u00eentruchipeaz\u0103 viziunea brandului prin culorile cadranului, detaliile de design \u0219i materialele. Noile modele se disting prin structura cu dou\u0103 straturi a cadranului, care confer\u0103 designului tridimensionalitate, iar aspectul monocrom al cadranului permite combinarea u\u0219oar\u0103 a ceasului cu diferite \u021binute pentru diferite ocazii.<\/p>\n<p>Sticla safir dubl\u0103 curbat\u0103, cu acoperire antireflex pe ambele p\u0103r\u021bi (acoperire SAR), asigur\u0103 o vizibilitate clar\u0103 a cadranului din orice unghi.<\/p>\n<p>Designul clar \u0219i \u00eendr\u0103zne\u021b al carcasei, inspirat de constela\u021bia Perseu, din care face parte M34, este perfect eviden\u021biat de contrastul dintre finisajul mat sub\u021bire \u0219i cel oglind\u0103. Br\u0103\u021bara metalic\u0103 este fabricat\u0103 din acela\u0219i o\u021bel inoxidabil de \u00eenalt\u0103 calitate (SUS316L) ca \u0219i carcasa, cu zale scurte pentru un plus de confort \u0219i comoditate la purtare.<\/p>\n<p>Noile modele M34 F7 Semi Skeleton sunt echipate cu un mecanism automat (cu \u00eenf\u0103\u0219urare manual\u0103) de produc\u021bie proprie F7F44, care asigur\u0103 o precizie stabil\u0103 de la +15 la \u20135 secunde pe zi \u0219i o rezerv\u0103 de mar\u0219 de 50 de ore. Mecanismul este finisat cu aten\u021bie cu dungi genevoise \u0219i margini te\u0219ite \u0219i este vizibil prin capacul transparent din sticl\u0103 de safir.<\/p>","protected":false},"excerpt":{"rendered":"<p>Orient Star continu\u0103 s\u0103-\u0219i perfec\u021bioneze tehnologiile, designul \u0219i calitatea pentru a produce ceasuri \u201estr\u0103lucitoare ca stelele\u201d. Colec\u021bia M este inspirat\u0103 din teme ale mitologiei grece\u0219ti, precum \u0219i din nebuloase \u0219i roiuri stelare. Colec\u021bia modern\u0103 M34, inspirat\u0103 de roiurile stelare din constela\u021bia Perseu, cunoscut\u0103 pentru ploaia de meteori\u021bi anual\u0103 Perseide, este o colec\u021bie cu designuri ascu\u021bite, [&hellip;]<\/p>\n","protected":false},"featured_media":59708,"comment_status":"closed","ping_status":"open","template":"","meta":{"_acf_changed":false},"product_brand":[],"product_cat":[20,106,598],"product_tag":[],"class_list":{"0":"post-59707","1":"product","2":"type-product","3":"status-publish","4":"has-post-thumbnail","6":"product_cat-ceasuri-barbati","7":"product_cat-ceasuri-premium","8":"product_cat-orient-star","9":"pa_brand-orient-star","10":"pa_braslet-otel-inoxidabil","11":"pa_corpus-40-mm","12":"pa_forma-rotund","13":"pa_funcii-offset-second-hand","14":"pa_funcii-rezerva-de-energie","15":"pa_funcii-semischelet","16":"pa_garatia-24-luni","17":"pa_korpus-argintiu","18":"pa_material-otel-inoxidabil","19":"pa_mehanizm-mecanic","20":"pa_mehanizm-mecanism-automatic","21":"pa_remeshok-argintiu","22":"pa_steklo-cristal-safir","23":"pa_strana-japonia","24":"pa_voda-10-atm","26":"first","27":"instock","28":"purchasable","29":"product-type-simple"},"acf":[],"_links":{"self":[{"href":"https:\/\/ceasuri.md\/ru\/wp-json\/wp\/v2\/product\/59707","targetHints":{"allow":["GET"]}}],"collection":[{"href":"https:\/\/ceasuri.md\/ru\/wp-json\/wp\/v2\/product"}],"about":[{"href":"https:\/\/ceasuri.md\/ru\/wp-json\/wp\/v2\/types\/product"}],"replies":[{"embeddable":true,"href":"https:\/\/ceasuri.md\/ru\/wp-json\/wp\/v2\/comments?post=59707"}],"wp:featuredmedia":[{"embeddable":true,"href":"https:\/\/ceasuri.md\/ru\/wp-json\/wp\/v2\/media\/59708"}],"wp:attachment":[{"href":"https:\/\/ceasuri.md\/ru\/wp-json\/wp\/v2\/media?parent=59707"}],"wp:term":[{"taxonomy":"product_brand","embeddable":true,"href":"https:\/\/ceasuri.md\/ru\/wp-json\/wp\/v2\/product_brand?post=59707"},{"taxonomy":"product_cat","embeddable":true,"href":"https:\/\/ceasuri.md\/ru\/wp-json\/wp\/v2\/product_cat?post=59707"},{"taxonomy":"product_tag","embeddable":true,"href":"https:\/\/ceasuri.md\/ru\/wp-json\/wp\/v2\/product_tag?post=59707"}],"curies":[{"name":"wp","href":"https:\/\/api.w.org\/{rel}","templated":true}]}}