{"id":59690,"date":"2026-04-03T01:04:25","date_gmt":"2026-04-02T22:04:25","guid":{"rendered":"http:\/\/new.ceasuri.md\/shop\/uncategorized\/poljot-international-beringo-le-9910-1942111\/"},"modified":"2026-04-20T01:52:34","modified_gmt":"2026-04-19T22:52:34","slug":"poljot-international-beringo-le-9910-1942111","status":"publish","type":"product","link":"https:\/\/ceasuri.md\/ru\/shop\/branduri\/poljot-international\/poljot-international-beringo-le-9910-1942111\/","title":{"rendered":"\u0427\u0430\u0441\u044b POLJOT INTERNATIONAL BERINGO LE 9910.1942111"},"content":{"rendered":"<p>Numele modelului nobil \u201eBering\u201d provine de la numele celebrului navigator danez Vitus Bering (sec. XVIII), care, la comanda \u021barilor ru\u0219i, a descoperit noi teritorii \u0219i rute maritime pentru Imperiul Rus. \u00cen onoarea sa, marea dintre Rusia \u0219i SUA (Alaska) a fost numit\u0103 Marea Bering.<\/p>\n<p>Numele noului model nu a fost ales \u00eent\u00e2mpl\u0103tor. El \u00eentruchipeaz\u0103 spiritul, ideea \u0219i filosofia acestui model \u0219i a m\u0103rcii Poljot-Intenational. Sufletul rus folose\u0219te resursele \u0219i echipamentele pentru a ob\u021bine numai ce este mai bun. De aceea, la sf\u00e2r\u0219itul numelui s-a ad\u0103ugat litera \u201eO!\u201d, rezult\u00e2nd \u201eBeringo\u201d. \u201eO\u201d este litera surprizei \u0219i treze\u0219te emo\u021bii, la fel ca acest model.<\/p>\n<p>Ceasuri scheletate exclusive \u00een carcas\u0103 din o\u021bel inoxidabil.<\/p>\n<p>O caracteristic\u0103 pl\u0103cut\u0103 a ceasului este faptul c\u0103 ora se cite\u0219te foarte u\u0219or datorit\u0103 acelor cu acoperire luminescent\u0103 \u0219i cadranului exterior \u2014 spre deosebire de multe alte modele scheletate, unde se poate admira calibrul, dar sunt greu de citit. Acele luminoase arat\u0103 foarte elegant pe acest ceas.<\/p>\n<p>Butonul mare de \u00eenf\u0103\u0219urare este perfect de utilizat, sticla de safir ofer\u0103 o vedere asupra calibrului scheletat de \u00eenalt\u0103 calitate, cu protec\u021bie \u00eempotriva \u0219ocurilor \u0219i o mic\u0103 secund\u0103 \u00een pozi\u021bia \u201e6\u201d a ceasului.<\/p>\n<p>Prin capacul din cristal din spate se poate vedea calibrul elegant decorat. \u00cen plus, la \u00eenf\u0103\u0219urarea ceasului se poate vedea cum se \u00eentinde arcul.<\/p>\n<p>Modelul a fost lansat \u00eentr-o serie limitat\u0103 de 400 de buc\u0103\u021bi. Modelul cu nr. 121 este disponibil.<\/p>","protected":false},"excerpt":{"rendered":"<p>Numele modelului nobil \u201eBering\u201d provine de la numele celebrului navigator danez Vitus Bering (sec. XVIII), care, la comanda \u021barilor ru\u0219i, a descoperit noi teritorii \u0219i rute maritime pentru Imperiul Rus. \u00cen onoarea sa, marea dintre Rusia \u0219i SUA (Alaska) a fost numit\u0103 Marea Bering. Numele noului model nu a fost ales \u00eent\u00e2mpl\u0103tor. El \u00eentruchipeaz\u0103 spiritul, [&hellip;]<\/p>\n","protected":false},"featured_media":59691,"comment_status":"closed","ping_status":"open","template":"","meta":{"_acf_changed":false},"product_brand":[],"product_cat":[20,106,205,569],"product_tag":[],"class_list":{"0":"post-59690","1":"product","2":"type-product","3":"status-publish","4":"has-post-thumbnail","6":"product_cat-ceasuri-barbati","7":"product_cat-ceasuri-premium","8":"product_cat-limited-edition","9":"product_cat-poljot-international","10":"pa_brand-poljot-international","11":"pa_braslet-piele","12":"pa_corpus-43-mm","13":"pa_forma-rotund","14":"pa_funcii-limited-edition","15":"pa_funcii-offset-second-hand","16":"pa_funcii-rezerva-de-energie","17":"pa_funcii-schelet","18":"pa_garatia-24-luni","19":"pa_korpus-argintiu","20":"pa_material-otel-inoxidabil","21":"pa_mehanizm-bobinaj-manual","22":"pa_mehanizm-mecanic","23":"pa_remeshok-negru","24":"pa_steklo-cristal-safir","25":"pa_strana-germania","26":"pa_voda-5-atm","28":"first","29":"instock","30":"purchasable","31":"product-type-simple"},"acf":[],"_links":{"self":[{"href":"https:\/\/ceasuri.md\/ru\/wp-json\/wp\/v2\/product\/59690","targetHints":{"allow":["GET"]}}],"collection":[{"href":"https:\/\/ceasuri.md\/ru\/wp-json\/wp\/v2\/product"}],"about":[{"href":"https:\/\/ceasuri.md\/ru\/wp-json\/wp\/v2\/types\/product"}],"replies":[{"embeddable":true,"href":"https:\/\/ceasuri.md\/ru\/wp-json\/wp\/v2\/comments?post=59690"}],"wp:featuredmedia":[{"embeddable":true,"href":"https:\/\/ceasuri.md\/ru\/wp-json\/wp\/v2\/media\/59691"}],"wp:attachment":[{"href":"https:\/\/ceasuri.md\/ru\/wp-json\/wp\/v2\/media?parent=59690"}],"wp:term":[{"taxonomy":"product_brand","embeddable":true,"href":"https:\/\/ceasuri.md\/ru\/wp-json\/wp\/v2\/product_brand?post=59690"},{"taxonomy":"product_cat","embeddable":true,"href":"https:\/\/ceasuri.md\/ru\/wp-json\/wp\/v2\/product_cat?post=59690"},{"taxonomy":"product_tag","embeddable":true,"href":"https:\/\/ceasuri.md\/ru\/wp-json\/wp\/v2\/product_tag?post=59690"}],"curies":[{"name":"wp","href":"https:\/\/api.w.org\/{rel}","templated":true}]}}