{"id":59683,"date":"2026-04-03T01:04:25","date_gmt":"2026-04-02T22:04:25","guid":{"rendered":"http:\/\/new.ceasuri.md\/shop\/uncategorized\/casio-edifice-ecb-s10nis-7aer\/"},"modified":"2026-04-20T01:52:52","modified_gmt":"2026-04-19T22:52:52","slug":"casio-edifice-ecb-s10nis-7aer","status":"publish","type":"product","link":"https:\/\/ceasuri.md\/ru\/shop\/branduri\/casio\/casio-edifice-ecb-s10nis-7aer\/","title":{"rendered":"\u0427\u0430\u0441\u044b CASIO EDIFICE ECB-S10NIS-7AER"},"content":{"rendered":"<p>Ceasurile, create ca urmare a colabor\u0103rii trilaterale dintre Casio, Nissan \u0219i NISMO, sunt produse \u00eentr-o serie limitat\u0103 \u0219i sunt dedicate tuturor realiz\u0103rilor NISMO, echipa de uzin\u0103 Nissan, de la \u00eenfiin\u021barea sa \u00een 1984.<\/p>\n<p>Aceste ceasuri elegante \u0219i str\u0103lucitoare se disting prin detalii atractive, precum logo-ul original NISMO, precum \u0219i cadranul \u0219i cureaua \u00een designul tricolor str\u0103lucitor al echipei de uzin\u0103. Pe curea sunt inscrip\u021bionate \u0219i numele campionilor NISMO din perioada 1984-1997, ca un omagiu adus at\u00e2t ma\u0219inilor de curse celebre, c\u00e2t \u0219i echipei care le-a adus faima.<\/p>\n<p>Logo-ul din partea central\u0103 superioar\u0103 a cadranului str\u0103luce\u0219te \u00een \u00eentuneric, amintind de numerele fluorescente ale ma\u0219inilor utilizate \u00een cursele din Grupa C, care alearg\u0103 \u00een noapte \u00een timpul curselor de anduran\u021b\u0103 de 24 de ore. Designul unic al cadranului este completat de bannerul portocaliu de pe parbrizul Nissan Skyline R32.<\/p>\n<p>Acest ceas se remarc\u0103 \u0219i prin tehnologiile avansate. Se sincronizeaz\u0103 u\u0219or cu smartphone-ul prin Bluetooth\u00ae. Lansa\u021bi aplica\u021bia pentru a regla automat precizia ceasului \u0219i pentru a-l controla cu u\u0219urin\u021b\u0103 de pe telefonul dvs. \u2014 func\u021bii fiabile pe care echipele de curse se bazeaz\u0103 atunci c\u00e2nd fiecare secund\u0103 conteaz\u0103.<\/p>\n<p>Carcasa sub\u021bire \u0219i u\u0219oar\u0103, cu o grosime de 9,6 mm, asigur\u0103 o potrivire confortabil\u0103, iar sticla de safir \u0219i rezisten\u021ba la ap\u0103 p\u00e2n\u0103 la 100 de metri subliniaz\u0103 calitatea \u0219i rafinamentul ridicate.<\/p>","protected":false},"excerpt":{"rendered":"<p>Ceasurile, create ca urmare a colabor\u0103rii trilaterale dintre Casio, Nissan \u0219i NISMO, sunt produse \u00eentr-o serie limitat\u0103 \u0219i sunt dedicate tuturor realiz\u0103rilor NISMO, echipa de uzin\u0103 Nissan, de la \u00eenfiin\u021barea sa \u00een 1984. Aceste ceasuri elegante \u0219i str\u0103lucitoare se disting prin detalii atractive, precum logo-ul original NISMO, precum \u0219i cadranul \u0219i cureaua \u00een designul tricolor [&hellip;]<\/p>\n","protected":false},"featured_media":59684,"comment_status":"closed","ping_status":"open","template":"","meta":{"_acf_changed":false},"product_brand":[],"product_cat":[27,20,536],"product_tag":[],"class_list":{"0":"post-59683","1":"product","2":"type-product","3":"status-publish","4":"has-post-thumbnail","6":"product_cat-casio","7":"product_cat-ceasuri-barbati","8":"product_cat-edifice","9":"pa_brand-casio","10":"pa_brand-edifice","11":"pa_braslet-piele","12":"pa_corpus-43-mm","13":"pa_forma-octogonala","14":"pa_funcii-alarma","15":"pa_funcii-bluetooth-smart","16":"pa_funcii-calendar","17":"pa_funcii-cronometru","18":"pa_funcii-iluminare","19":"pa_funcii-special-edition","20":"pa_funcii-timp-mondial","21":"pa_garatia-24-luni","22":"pa_korpus-argintiu","23":"pa_kvarc-quartz","24":"pa_material-otel-inoxidabil","25":"pa_mehanizm-electronic","26":"pa_mehanizm-quartz","27":"pa_remeshok-alb","28":"pa_remeshok-multicolor","29":"pa_steklo-cristal-safir","30":"pa_strana-japonia","31":"pa_voda-10-atm","33":"first","34":"instock","35":"purchasable","36":"product-type-simple"},"acf":[],"_links":{"self":[{"href":"https:\/\/ceasuri.md\/ru\/wp-json\/wp\/v2\/product\/59683","targetHints":{"allow":["GET"]}}],"collection":[{"href":"https:\/\/ceasuri.md\/ru\/wp-json\/wp\/v2\/product"}],"about":[{"href":"https:\/\/ceasuri.md\/ru\/wp-json\/wp\/v2\/types\/product"}],"replies":[{"embeddable":true,"href":"https:\/\/ceasuri.md\/ru\/wp-json\/wp\/v2\/comments?post=59683"}],"wp:featuredmedia":[{"embeddable":true,"href":"https:\/\/ceasuri.md\/ru\/wp-json\/wp\/v2\/media\/59684"}],"wp:attachment":[{"href":"https:\/\/ceasuri.md\/ru\/wp-json\/wp\/v2\/media?parent=59683"}],"wp:term":[{"taxonomy":"product_brand","embeddable":true,"href":"https:\/\/ceasuri.md\/ru\/wp-json\/wp\/v2\/product_brand?post=59683"},{"taxonomy":"product_cat","embeddable":true,"href":"https:\/\/ceasuri.md\/ru\/wp-json\/wp\/v2\/product_cat?post=59683"},{"taxonomy":"product_tag","embeddable":true,"href":"https:\/\/ceasuri.md\/ru\/wp-json\/wp\/v2\/product_tag?post=59683"}],"curies":[{"name":"wp","href":"https:\/\/api.w.org\/{rel}","templated":true}]}}