{"id":59677,"date":"2026-04-03T01:04:25","date_gmt":"2026-04-02T22:04:25","guid":{"rendered":"http:\/\/new.ceasuri.md\/shop\/uncategorized\/casio-edifice-efk-100xpb-1aer\/"},"modified":"2026-04-20T01:52:52","modified_gmt":"2026-04-19T22:52:52","slug":"casio-edifice-efk-100xpb-1aer","status":"publish","type":"product","link":"https:\/\/ceasuri.md\/ru\/shop\/branduri\/casio\/casio-edifice-efk-100xpb-1aer\/","title":{"rendered":"\u0427\u0430\u0441\u044b CASIO EDIFICE EFK-100XPB-1AER"},"content":{"rendered":"<p>Ceas analogic clasic cu trei ace \u2014 EDIFICE cu un design actualizat al carcasei din o\u021bel inoxidabil \u0219i carbon forjat, care asigur\u0103 o rezisten\u021b\u0103 ridicat\u0103 \u0219i o greutate redus\u0103.<\/p>\n<p>Cadranul \u0219i carcasa sunt fabricate din carbon forjat ultramodern, utilizat \u00een ma\u0219inile sport de \u00eenalt\u0103 clas\u0103, care reflect\u0103 spiritul vitezei \u0219i performan\u021bei ridicate \u00een stilul caracteristic EDIFICE. Carbonul forjat este un material compozit format din fibre de carbon amestecate cu r\u0103\u0219in\u0103, care este apoi forjat la temperaturi ridicate sub presiune puternic\u0103. Este mai rezistent \u0219i mai u\u0219or dec\u00e2t metalul.<\/p>\n<p>Mecanismul mecanic ac\u021bioneaz\u0103 cadranul ceasului, ca un motor de ma\u0219in\u0103 sport, iar totul este \u00eencorporat \u00eentr-o carcas\u0103 compact\u0103 cu diametrul de 40 mm. Capacul transparent al carcasei permite vizualizarea mecanismului \u00een mi\u0219care, ceea ce spore\u0219te atractivitatea unic\u0103 a ceasurilor mecanice.<\/p>\n<p>Indicii \u00een relief, designul clar al carcasei \u0219i al lunetei, sticla de safir \u0219i cureaua din uretan cu cataram\u0103 pliabil\u0103 \u2013 toate acestea subliniaz\u0103 calitatea superioar\u0103.<\/p>\n<p>Rezisten\u021ba la ap\u0103 p\u00e2n\u0103 la 10 bari v\u0103 permite s\u0103 v\u0103 concentra\u021bi asupra lucrurilor mai interesante.<\/p>\n<p>Ceasul a fost creat pentru a inspira cei mai pasiona\u021bi iubitori de ma\u0219ini.<\/p>","protected":false},"excerpt":{"rendered":"<p>Ceas analogic clasic cu trei ace \u2014 EDIFICE cu un design actualizat al carcasei din o\u021bel inoxidabil \u0219i carbon forjat, care asigur\u0103 o rezisten\u021b\u0103 ridicat\u0103 \u0219i o greutate redus\u0103. Cadranul \u0219i carcasa sunt fabricate din carbon forjat ultramodern, utilizat \u00een ma\u0219inile sport de \u00eenalt\u0103 clas\u0103, care reflect\u0103 spiritul vitezei \u0219i performan\u021bei ridicate \u00een stilul caracteristic [&hellip;]<\/p>\n","protected":false},"featured_media":59678,"comment_status":"closed","ping_status":"open","template":"","meta":{"_acf_changed":false},"product_brand":[],"product_cat":[27,20,25,536],"product_tag":[],"class_list":{"0":"post-59677","1":"product","2":"type-product","3":"status-publish","4":"has-post-thumbnail","6":"product_cat-casio","7":"product_cat-ceasuri-barbati","8":"product_cat-ceasuri-dama","9":"product_cat-edifice","10":"pa_brand-casio","11":"pa_brand-edifice","12":"pa_braslet-plastic","13":"pa_corpus-39-mm","14":"pa_forma-rotund","15":"pa_funcii-data","16":"pa_garatia-24-luni","17":"pa_korpus-negru","18":"pa_material-carbon","19":"pa_material-otel-inoxidabil","20":"pa_mehanizm-mecanic","21":"pa_mehanizm-mecanism-automatic","22":"pa_remeshok-negru","23":"pa_steklo-cristal-safir","24":"pa_strana-japonia","25":"pa_voda-10-atm","27":"first","28":"instock","29":"purchasable","30":"product-type-simple"},"acf":[],"_links":{"self":[{"href":"https:\/\/ceasuri.md\/ru\/wp-json\/wp\/v2\/product\/59677","targetHints":{"allow":["GET"]}}],"collection":[{"href":"https:\/\/ceasuri.md\/ru\/wp-json\/wp\/v2\/product"}],"about":[{"href":"https:\/\/ceasuri.md\/ru\/wp-json\/wp\/v2\/types\/product"}],"replies":[{"embeddable":true,"href":"https:\/\/ceasuri.md\/ru\/wp-json\/wp\/v2\/comments?post=59677"}],"wp:featuredmedia":[{"embeddable":true,"href":"https:\/\/ceasuri.md\/ru\/wp-json\/wp\/v2\/media\/59678"}],"wp:attachment":[{"href":"https:\/\/ceasuri.md\/ru\/wp-json\/wp\/v2\/media?parent=59677"}],"wp:term":[{"taxonomy":"product_brand","embeddable":true,"href":"https:\/\/ceasuri.md\/ru\/wp-json\/wp\/v2\/product_brand?post=59677"},{"taxonomy":"product_cat","embeddable":true,"href":"https:\/\/ceasuri.md\/ru\/wp-json\/wp\/v2\/product_cat?post=59677"},{"taxonomy":"product_tag","embeddable":true,"href":"https:\/\/ceasuri.md\/ru\/wp-json\/wp\/v2\/product_tag?post=59677"}],"curies":[{"name":"wp","href":"https:\/\/api.w.org\/{rel}","templated":true}]}}